{"id":307197,"date":"2020-06-09T13:28:44","date_gmt":"2024-02-06T10:45:11","guid":{"rendered":"https:\/\/www.moskito.cz\/produkt\/recznie-kuty-miecz-samurajski\/"},"modified":"2025-07-11T07:51:34","modified_gmt":"2025-07-11T06:51:34","slug":"recznie-kuty-miecz-samurajski","status":"publish","type":"product","link":"https:\/\/www.moskito.cz\/pl\/produkt\/recznie-kuty-miecz-samurajski\/","title":{"rendered":"R\u0119cznie kuty miecz samurajski"},"content":{"rendered":"<p>R\u0119cznie kuty miecz samurajski.<\/p>\n<p>Ca\u0142kowita d\u0142ugo\u015b\u0107 miecza 102 cm, ostrze 68 cm, wykonane ze stali w\u0119glowej z wyryt\u0105 czaszk\u0105.R\u0119koje\u015b\u0107 posiada bia\u0142\u0105 imitacj\u0119 sk\u00f3ry p\u0142aszczki z czarnym owini\u0119ciem.<\/p>\n<p>Obudowa wykonana jest z drewna w kolorze czarnym o wysokim po\u0142ysku, w zestawie znajduje si\u0119 czarna walizka transportowa.<\/p>\n<p>&nbsp;<\/p>\n<pre id=\"tw-target-text\" class=\"tw-data-text tw-text-large XcVN5d tw-ta\" dir=\"ltr\" data-placeholder=\"P\u0159eklad\"><span lang=\"cs\"> <\/span><\/pre>\n","protected":false},"excerpt":{"rendered":"<p>Miecz samuraja.<\/p>\n","protected":false},"featured_media":168592,"comment_status":"open","ping_status":"closed","template":"","meta":[],"pwb-brand":[3514],"product_brand":[],"product_cat":[3417,3387],"product_tag":[],"class_list":{"0":"post-307197","1":"product","2":"type-product","3":"status-publish","4":"has-post-thumbnail","6":"pwb-brand-lowca-z","7":"product_cat-katany-i-miecze","8":"product_cat-repliki-mieczy-sztyletow","10":"first","11":"outofstock","12":"taxable","13":"shipping-taxable","14":"purchasable","15":"product-type-simple"},"brands":[{"id":3514,"name":"\u0141owca Z","slug":"lowca-z"}],"_links":{"self":[{"href":"https:\/\/www.moskito.cz\/pl\/wp-json\/wp\/v2\/product\/307197","targetHints":{"allow":["GET"]}}],"collection":[{"href":"https:\/\/www.moskito.cz\/pl\/wp-json\/wp\/v2\/product"}],"about":[{"href":"https:\/\/www.moskito.cz\/pl\/wp-json\/wp\/v2\/types\/product"}],"replies":[{"embeddable":true,"href":"https:\/\/www.moskito.cz\/pl\/wp-json\/wp\/v2\/comments?post=307197"}],"wp:featuredmedia":[{"embeddable":true,"href":"https:\/\/www.moskito.cz\/pl\/wp-json\/wp\/v2\/media\/168592"}],"wp:attachment":[{"href":"https:\/\/www.moskito.cz\/pl\/wp-json\/wp\/v2\/media?parent=307197"}],"wp:term":[{"taxonomy":"pwb-brand","embeddable":true,"href":"https:\/\/www.moskito.cz\/pl\/wp-json\/wp\/v2\/pwb-brand?post=307197"},{"taxonomy":"product_brand","embeddable":true,"href":"https:\/\/www.moskito.cz\/pl\/wp-json\/wp\/v2\/product_brand?post=307197"},{"taxonomy":"product_cat","embeddable":true,"href":"https:\/\/www.moskito.cz\/pl\/wp-json\/wp\/v2\/product_cat?post=307197"},{"taxonomy":"product_tag","embeddable":true,"href":"https:\/\/www.moskito.cz\/pl\/wp-json\/wp\/v2\/product_tag?post=307197"}],"curies":[{"name":"wp","href":"https:\/\/api.w.org\/{rel}","templated":true}]}}