{"id":307199,"date":"2020-06-09T14:00:36","date_gmt":"2024-02-06T10:45:13","guid":{"rendered":"https:\/\/www.moskito.cz\/produkt\/miecz-samurajski-cas-hanwei-zatoichi-miecz\/"},"modified":"2025-07-11T07:51:34","modified_gmt":"2025-07-11T06:51:34","slug":"miecz-samurajski-cas-hanwei-zatoichi-miecz","status":"publish","type":"product","link":"https:\/\/www.moskito.cz\/pl\/produkt\/miecz-samurajski-cas-hanwei-zatoichi-miecz\/","title":{"rendered":"Miecz samurajski CAS Hanwei Zatoichi Miecz"},"content":{"rendered":"<p>Miecz samurajski CAS Hanwei Zatoichi Miecz.<\/p>\n<p>&#8211; ostrze o du\u017cej zawarto\u015bci w\u0119gla, zaostrzone<br \/>\n&#8211; r\u0119koje\u015b\u0107 z czarnego twardego drewna<br \/>\n&#8211; pochwa z naturalnego drewna<br \/>\n&#8211; dostarczany z torb\u0105 do przechowywania<\/p>\n<p>D\u0142ugo\u015b\u0107 ca\u0142kowita: 99 cm<br \/>\nD\u0142ugo\u015b\u0107 ostrza: 72 cm<br \/>\nD\u0142ugo\u015b\u0107 r\u0105czki: 27 cm<br \/>\nWaga: 681 g<\/p>\n","protected":false},"excerpt":{"rendered":"<p>Miecz Zatoichi.<\/p>\n","protected":false},"featured_media":168597,"comment_status":"open","ping_status":"closed","template":"","meta":[],"pwb-brand":[3418],"product_brand":[],"product_cat":[3417,3387],"product_tag":[],"class_list":{"0":"post-307199","1":"product","2":"type-product","3":"status-publish","4":"has-post-thumbnail","6":"pwb-brand-cas-hanwei-pl","7":"product_cat-katany-i-miecze","8":"product_cat-repliki-mieczy-sztyletow","10":"first","11":"outofstock","12":"taxable","13":"shipping-taxable","14":"purchasable","15":"product-type-simple"},"brands":[{"id":3418,"name":"CAS Hanwei","slug":"cas-hanwei-pl"}],"_links":{"self":[{"href":"https:\/\/www.moskito.cz\/pl\/wp-json\/wp\/v2\/product\/307199","targetHints":{"allow":["GET"]}}],"collection":[{"href":"https:\/\/www.moskito.cz\/pl\/wp-json\/wp\/v2\/product"}],"about":[{"href":"https:\/\/www.moskito.cz\/pl\/wp-json\/wp\/v2\/types\/product"}],"replies":[{"embeddable":true,"href":"https:\/\/www.moskito.cz\/pl\/wp-json\/wp\/v2\/comments?post=307199"}],"wp:featuredmedia":[{"embeddable":true,"href":"https:\/\/www.moskito.cz\/pl\/wp-json\/wp\/v2\/media\/168597"}],"wp:attachment":[{"href":"https:\/\/www.moskito.cz\/pl\/wp-json\/wp\/v2\/media?parent=307199"}],"wp:term":[{"taxonomy":"pwb-brand","embeddable":true,"href":"https:\/\/www.moskito.cz\/pl\/wp-json\/wp\/v2\/pwb-brand?post=307199"},{"taxonomy":"product_brand","embeddable":true,"href":"https:\/\/www.moskito.cz\/pl\/wp-json\/wp\/v2\/product_brand?post=307199"},{"taxonomy":"product_cat","embeddable":true,"href":"https:\/\/www.moskito.cz\/pl\/wp-json\/wp\/v2\/product_cat?post=307199"},{"taxonomy":"product_tag","embeddable":true,"href":"https:\/\/www.moskito.cz\/pl\/wp-json\/wp\/v2\/product_tag?post=307199"}],"curies":[{"name":"wp","href":"https:\/\/api.w.org\/{rel}","templated":true}]}}