{"id":307203,"date":"2020-06-15T20:25:31","date_gmt":"2024-02-06T10:45:17","guid":{"rendered":"https:\/\/www.moskito.cz\/produkt\/balistyczny-szary-noz-skladany\/"},"modified":"2025-07-11T07:51:37","modified_gmt":"2025-07-11T06:51:37","slug":"balistyczny-szary-noz-skladany","status":"publish","type":"product","link":"https:\/\/www.moskito.cz\/pl\/produkt\/balistyczny-szary-noz-skladany\/","title":{"rendered":"Balistyczny szary n\u00f3\u017c sk\u0142adany"},"content":{"rendered":"<div dir=\"ltr\"><span id=\"result_box\" lang=\"cs\"><span class=\"hps\">Balistyczny szary n\u00f3\u017c sk\u0142adany.<\/span><\/span><\/div>\n<div dir=\"ltr\"><span id=\"result_box\" lang=\"cs\"><span class=\"hps\">N\u00f3\u017c posiada wspomagane otwieranie za pomoc\u0105 pomocniczej spr\u0119\u017cyny.<\/span><br \/>\n<span class=\"hps\">D\u0142ugo\u015b\u0107 ostrza: 9 cm<\/span><\/span><\/div>\n<div dir=\"ltr\"><span id=\"result_box\" lang=\"cs\">Grubo\u015b\u0107 ostrza wynosi 3 mm<\/span><\/div>\n<div dir=\"ltr\"><span id=\"result_box\" lang=\"cs\"><span class=\"hps\">Stal:<\/span> stal nierdzewna 440<br \/>\n<span class=\"hps\">Uchwyt ze stali nierdzewnej w kolorze szarym.<\/span><br \/>\n<\/span><\/div>\n","protected":false},"excerpt":{"rendered":"<p>N\u00f3\u017c bezpieczny.<\/p>\n","protected":false},"featured_media":168678,"comment_status":"open","ping_status":"closed","template":"","meta":[],"pwb-brand":[3530],"product_brand":[],"product_cat":[3296,3307],"product_tag":[],"class_list":{"0":"post-307203","1":"product","2":"type-product","3":"status-publish","4":"has-post-thumbnail","6":"pwb-brand-mtech-pl","7":"product_cat-noze-pl","8":"product_cat-zamykanie-nozy","10":"first","11":"outofstock","12":"taxable","13":"shipping-taxable","14":"purchasable","15":"product-type-simple"},"brands":[{"id":3530,"name":"MTech","slug":"mtech-pl"}],"_links":{"self":[{"href":"https:\/\/www.moskito.cz\/pl\/wp-json\/wp\/v2\/product\/307203","targetHints":{"allow":["GET"]}}],"collection":[{"href":"https:\/\/www.moskito.cz\/pl\/wp-json\/wp\/v2\/product"}],"about":[{"href":"https:\/\/www.moskito.cz\/pl\/wp-json\/wp\/v2\/types\/product"}],"replies":[{"embeddable":true,"href":"https:\/\/www.moskito.cz\/pl\/wp-json\/wp\/v2\/comments?post=307203"}],"wp:featuredmedia":[{"embeddable":true,"href":"https:\/\/www.moskito.cz\/pl\/wp-json\/wp\/v2\/media\/168678"}],"wp:attachment":[{"href":"https:\/\/www.moskito.cz\/pl\/wp-json\/wp\/v2\/media?parent=307203"}],"wp:term":[{"taxonomy":"pwb-brand","embeddable":true,"href":"https:\/\/www.moskito.cz\/pl\/wp-json\/wp\/v2\/pwb-brand?post=307203"},{"taxonomy":"product_brand","embeddable":true,"href":"https:\/\/www.moskito.cz\/pl\/wp-json\/wp\/v2\/product_brand?post=307203"},{"taxonomy":"product_cat","embeddable":true,"href":"https:\/\/www.moskito.cz\/pl\/wp-json\/wp\/v2\/product_cat?post=307203"},{"taxonomy":"product_tag","embeddable":true,"href":"https:\/\/www.moskito.cz\/pl\/wp-json\/wp\/v2\/product_tag?post=307203"}],"curies":[{"name":"wp","href":"https:\/\/api.w.org\/{rel}","templated":true}]}}