{"id":307222,"date":"2022-04-04T17:31:28","date_gmt":"2024-02-06T10:45:34","guid":{"rendered":"https:\/\/www.moskito.cz\/produkt\/noz-strzelecki-microtech-exclusive-memento-mori-ultratech-bronze-apocalyptic121-13dc\/"},"modified":"2025-05-07T10:57:41","modified_gmt":"2025-05-07T09:57:41","slug":"noz-strzelecki-microtech-exclusive-memento-mori-ultratech-bronze-apocalyptic121-13dc","status":"publish","type":"product","link":"https:\/\/www.moskito.cz\/pl\/produkt\/noz-strzelecki-microtech-exclusive-memento-mori-ultratech-bronze-apocalyptic121-13dc\/","title":{"rendered":"N\u00f3\u017c strzelecki Microtech Exclusive Memento Mori Ultratech Bronze Apocalyptic121-13DC"},"content":{"rendered":"<p>N\u00f3\u017c strzelecki <strong>Microtech<\/strong> Exclusive Memento Mori Ultratech Bronze Apocalyptic121-13DC.<\/p>\n<p>Ultratech na zawsze wyznaczy standardy dla wszystkich no\u017cy przednich. Ultratech jest oryginalnym no\u017cem przednim o podw\u00f3jnym dzia\u0142aniu firmy Microtech i by\u0142 podstaw\u0105 ca\u0142ej linii OTF. Na przestrzeni lat przeszed\u0142 kilka modyfikacji, za ka\u017cdym razem staj\u0105c si\u0119 coraz bardziej wydajny i niezawodny. Ta wersja ma ulepszon\u0105 tekstur\u0119 z trzema uchwytami na suwaku kciuka, co zapewnia bardziej pozytywny zakup, oraz apokaliptyczny sprz\u0119t zapewniaj\u0105cy \u0142adny kontrast. Aluminiowe uchwyty przedstawiaj\u0105 lew\u0105 po\u0142ow\u0119 asa pik i piszczeli z \u0142aci\u0144skim cytatem \u201eMemento Mori\u201d, b\u0119d\u0105cym przypomnieniem mora\u0142u wywodz\u0105cego si\u0119 ze staro\u017cytnego rzymskiego zwyczaju apokaliptycznego standardowego ostrza z br\u0105zu z opadaj\u0105cym ko\u0144cem. Podczas parady zwyci\u0119stwa, gdy tylko rzymscy genera\u0142owie wracali z bitwy, niewolnik szed\u0142 za nim i mamrota\u0142 wersj\u0119 tego wyra\u017cenia, aby przypomnie\u0107 mu, \u017ce jest tylko cz\u0142owiekiem i nie pa\u015b\u0107 ofiar\u0105 arogancji i z\u0142udze\u0144 wielko\u015bci. Spr\u0119\u017cyna Ultratech pozostaje przez ca\u0142y czas w pozycji \u201espoczynkowej\u201d, chyba \u017ce jest rozci\u0105gni\u0119ta. Dzi\u0119ki temu \u015bci\u015bni\u0119ta spr\u0119\u017cyna nie ulega zm\u0119czeniu, co daje pewno\u015b\u0107 u\u017cytkownikom, \u017ce n\u00f3\u017c po oddaniu strza\u0142u b\u0119dzie dzia\u0142a\u0142 skutecznie. Lekki n\u00f3\u017c Ultratech umo\u017cliwiaj\u0105cy otwieranie i zamykanie jedn\u0105 r\u0119k\u0105, smuk\u0142a konstrukcja i ostre jak skalpel ostrze typu drop point sprawiaj\u0105, \u017ce jest to wyj\u0105tkowy n\u00f3\u017c dost\u0119pny wy\u0142\u0105cznie w firmie Microtech. N\u00f3\u017c ten wielokrotnie udowodni\u0142, \u017ce jest w stanie pokona\u0107 ka\u017cd\u0105 przeszkod\u0119 i wkr\u00f3tce b\u0119dzie szuka\u0142 drugiej po\u0142owy tego zestawu z dwoma ostrzami.<\/p>\n<p>D\u0142ugo\u015b\u0107 ca\u0142kowita: 22 cm<br \/>\nD\u0142ugo\u015b\u0107 ostrza: 8,6 cm<br \/>\nMateria\u0142 ostrza: Bohler M390<br \/>\nStyl ostrza: sztylet<br \/>\nWstawki: p\u0142askie<br \/>\nTyp obramowania: Zwyk\u0142y<br \/>\nMateria\u0142 r\u0119koje\u015bci: aluminium<br \/>\nWaga: 3,60 uncji<br \/>\nU\u017cytkownik: Prawa r\u0119ka<br \/>\nKlips kieszonkowy: sk\u0142adany w d\u00f3\u0142<br \/>\nTyp no\u017ca: Automatyczny OTF Double Action<br \/>\nOtwieracz: kciuk<br \/>\nMarka: Microtech<br \/>\nModel: Ultratech<\/p>\n<p><iframe title=\"Microtech Combat Troodon Torture Test\" width=\"800\" height=\"450\" src=\"https:\/\/www.youtube.com\/embed\/xE9TeOFYEjg?feature=oembed\" frameborder=\"0\" allow=\"accelerometer; autoplay; clipboard-write; encrypted-media; gyroscope; picture-in-picture; web-share\" allowfullscreen><\/iframe><\/p>\n<p>&nbsp;<\/p>\n<p>MT12113DC: Standardowa karta \u015bmierci 123-13DC Ultratech, lewa<br \/>\nMikrotech<\/p>\n<p>Ultratech na zawsze ustanowi standard dla wszystkich no\u017cy z przodu. Ultratech to oryginalny n\u00f3\u017c typu out-the-front o podw\u00f3jnym dzia\u0142aniu firmy Microtech, kt\u00f3ry sta\u0142 si\u0119 podstaw\u0105 ca\u0142ej linii OTF. Na przestrzeni lat przeszed\u0142 kilka modyfikacji, za ka\u017cdym razem staj\u0105c si\u0119 bardziej wydajny i niezawodny. Ta wersja ma ulepszon\u0105 tekstur\u0119 z trzema uchwytami na suwaku kciuka, co zapewnia bardziej pozytywny zakup, oraz apokaliptyczny sprz\u0119t zapewniaj\u0105cy \u0142adny kontrast. Aluminiowe r\u0119koje\u015bci maj\u0105 lew\u0105 po\u0142ow\u0119 asa pik i piszczeli z \u0142aci\u0144skim cytatem \u201eMemento Mori\u201d, kt\u00f3ry przypomina o moralno\u015bci wywodz\u0105cej si\u0119 ze staro\u017cytnej rzymskiej praktyki na apokaliptycznym, standardowym ostrzu typu drop point z br\u0105zu. Podczas parady zwyci\u0119stwa, gdy rzymscy genera\u0142owie wracali z bitwy, za nim szed\u0142 niewolnik, mamrocz\u0105c wersj\u0119 tego wyra\u017cenia, aby przypomnie\u0107 mu, \u017ce jest tylko cz\u0142owiekiem i nie pa\u015b\u0107 ofiar\u0105 wynios\u0142o\u015bci i z\u0142udze\u0144 wielko\u015bci. Spr\u0119\u017cyna Ultratecha pozostaje przez ca\u0142y czas w pozycji \u201espoczynkowej\u201d, z wyj\u0105tkiem chwili u\u017cycia. Dzi\u0119ki temu \u015bci\u015bni\u0119ta spr\u0119\u017cyna nie ulegnie zm\u0119czeniu, co daje pewno\u015b\u0107 u\u017cytkownikom, \u017ce n\u00f3\u017c po oddaniu strza\u0142u b\u0119dzie dzia\u0142a\u0142 skutecznie. Lekki n\u00f3\u017c Ultratech, umo\u017cliwiaj\u0105cy otwieranie i zamykanie jedn\u0105 r\u0119k\u0105, smuk\u0142y kszta\u0142t i ostre jak skalpel ostrze typu drop point sprawia, \u017ce \u200b\u200bjest to n\u00f3\u017c jedyny w swoim rodzaju, dost\u0119pny wy\u0142\u0105cznie za po\u015brednictwem Microtech. N\u00f3\u017c ten wielokrotnie udowodni\u0142, \u017ce jest w stanie pokona\u0107 ka\u017cd\u0105 przeszkod\u0119 i ju\u017c wkr\u00f3tce b\u0119dzie mo\u017cna znale\u017a\u0107 drug\u0105 po\u0142ow\u0119 tego zestawu z dwoma ostrzami. Nale\u017cy pami\u0119ta\u0107, \u017ce zdj\u0119cie przedstawiaj\u0105ce dwa no\u017ce ma charakter wy\u0142\u0105cznie pogl\u0105dowy. Zawiera tylko jeden n\u00f3\u017c.<br \/>\nDane techniczne<\/p>\n<p>Automatyczne otwieranie\/zamykanie \u2013 otwieranie frontu<br \/>\nAkcja: Podw\u00f3jne dzia\u0142anie \u2013 automatyczny strza\u0142\/wycofanie<br \/>\nD\u0142ugo\u015b\u0107 ostrza: 3,46 cala<br \/>\nStyl ostrza: Drop Point, br\u0105zowy apokaliptyczny<br \/>\nGrubo\u015b\u0107 r\u0119koje\u015bci: 0,640&#8243;<br \/>\nMateria\u0142 r\u0119koje\u015bci: aluminium 6061-T6 z czarn\u0105 anodowan\u0105 tward\u0105 pow\u0142ok\u0105 Mil-Spec<br \/>\nD\u0142ugo\u015b\u0107 zamkni\u0119ta: 4,84&#8243;<br \/>\nD\u0142ugo\u015b\u0107 otwarta: 8,30 cala<br \/>\nMateria\u0142 klipsa kieszeniowego: stal nierdzewna 301<br \/>\nStandardowy blat: stop AL 6061-T6<br \/>\nSpust: stal nierdzewna 303<br \/>\nRozbijacz okien<br \/>\nWyprodukowano w USA<\/p>\n","protected":false},"excerpt":{"rendered":"<div class=\"elementor-element elementor-element-bbb542b elementor-widget elementor-widget-woocommerce-product-short-description\" data-id=\"bbb542b\" data-element_type=\"widget\" data-widget_type=\"woocommerce-product-short-description.default\">\n<div class=\"elementor-widget-container\">\n<div class=\"woocommerce-product-details__short-description\">\n<p>Przez lata <strong>Microtech\u00ae<\/strong> Knives wype\u0142nia\u0142 no\u017ce pasj\u0105 i umiej\u0119tno\u015bciami, aby tworzy\u0107 niemal dzie\u0142a sztuki, kt\u00f3re s\u0105 szczytem funkcjonalno\u015bci.Wszystkie cz\u0119\u015bci s\u0105 produkowane w USA.<br \/>\n<strong>Wszystkie no\u017ce Microtech obj\u0119te s\u0105 do\u017cywotni\u0105 gwarancj\u0105.<\/strong><\/p>\n<p><strong>Bezp\u0142atny transport.<\/strong><\/p>\n<\/div>\n<\/div>\n<\/div>\n","protected":false},"featured_media":307225,"comment_status":"open","ping_status":"closed","template":"","meta":[],"pwb-brand":[3279],"product_brand":[],"product_cat":[3296,3344],"product_tag":[3671],"class_list":{"0":"post-307222","1":"product","2":"type-product","3":"status-publish","4":"has-post-thumbnail","6":"pwb-brand-microtech-pl","7":"product_cat-noze-pl","8":"product_cat-noze-strzeleckie","9":"product_tag-b2b-pl","11":"first","12":"outofstock","13":"taxable","14":"shipping-taxable","15":"purchasable","16":"product-type-simple"},"brands":[{"id":3279,"name":"Microtech","slug":"microtech-pl"}],"_links":{"self":[{"href":"https:\/\/www.moskito.cz\/pl\/wp-json\/wp\/v2\/product\/307222","targetHints":{"allow":["GET"]}}],"collection":[{"href":"https:\/\/www.moskito.cz\/pl\/wp-json\/wp\/v2\/product"}],"about":[{"href":"https:\/\/www.moskito.cz\/pl\/wp-json\/wp\/v2\/types\/product"}],"replies":[{"embeddable":true,"href":"https:\/\/www.moskito.cz\/pl\/wp-json\/wp\/v2\/comments?post=307222"}],"wp:featuredmedia":[{"embeddable":true,"href":"https:\/\/www.moskito.cz\/pl\/wp-json\/wp\/v2\/media\/307225"}],"wp:attachment":[{"href":"https:\/\/www.moskito.cz\/pl\/wp-json\/wp\/v2\/media?parent=307222"}],"wp:term":[{"taxonomy":"pwb-brand","embeddable":true,"href":"https:\/\/www.moskito.cz\/pl\/wp-json\/wp\/v2\/pwb-brand?post=307222"},{"taxonomy":"product_brand","embeddable":true,"href":"https:\/\/www.moskito.cz\/pl\/wp-json\/wp\/v2\/product_brand?post=307222"},{"taxonomy":"product_cat","embeddable":true,"href":"https:\/\/www.moskito.cz\/pl\/wp-json\/wp\/v2\/product_cat?post=307222"},{"taxonomy":"product_tag","embeddable":true,"href":"https:\/\/www.moskito.cz\/pl\/wp-json\/wp\/v2\/product_tag?post=307222"}],"curies":[{"name":"wp","href":"https:\/\/api.w.org\/{rel}","templated":true}]}}