{"id":307236,"date":"2020-08-03T21:05:52","date_gmt":"2024-02-06T10:46:03","guid":{"rendered":"https:\/\/www.moskito.cz\/produkt\/noz-strzelecki-microtech-ultratech-zombie-122-10-z\/"},"modified":"2025-07-11T07:51:55","modified_gmt":"2025-07-11T06:51:55","slug":"noz-strzelecki-microtech-ultratech-zombie-122-10-z","status":"publish","type":"product","link":"https:\/\/www.moskito.cz\/pl\/produkt\/noz-strzelecki-microtech-ultratech-zombie-122-10-z\/","title":{"rendered":"N\u00f3\u017c strzelecki Microtech Ultratech Zombie 122-10 Z"},"content":{"rendered":"<p>N\u00f3\u017c strzelecki M <strong>icrotech<\/strong> Ultratech Zombie 122-10 Z.<br \/>\nUltratech jest niew\u0105tpliwie flagowym produktem Microtech od chwili jego wprowadzenia na rynek w 1999 roku. Niedawno przeszed\u0142 kolejn\u0105 metamorfoz\u0119 estetyczn\u0105 po ogromnym sukcesie i pochwa\u0142ach tradycyjnego stylu. Chocia\u017c wymiary Ultratecha pozosta\u0142y niezmienione, r\u0119koje\u015b\u0107 zosta\u0142a przywr\u00f3cona do pierwotnych korzeni \u2013 teraz ma g\u0142adk\u0105, wyprofilowan\u0105 ram\u0119, ale nadal mo\u017ce pochwali\u0107 si\u0119 tr\u00f3jk\u0105tnym osprz\u0119tem, przeprojektowanym zabezpieczeniem i zbijakiem do szk\u0142a, kt\u00f3ry teraz zawiera formowane \u0142o\u017cysko kulkowe dla wygodniejszej pracy. a jednocze\u015bnie wci\u0105\u017c funkcjonalny interfejs u\u017cytkownika. Ka\u017cdy n\u00f3\u017c Microtech OTF posiada wysoce wyrafinowane mechanizmy wewn\u0119trzne, kt\u00f3re poprawiaj\u0105 og\u00f3ln\u0105 funkcjonalno\u015b\u0107 operacyjn\u0105 i niezawodno\u015b\u0107. Ten specjalny model Zombie Tech ma wyrze\u017abion\u0105 zielon\u0105 r\u0119koje\u015b\u0107 zombie z unikalnym wzorem rozprysk\u00f3w czerwonej krwi, standardowe okucia i zintegrowan\u0105 funkcj\u0119 rozbijania szk\u0142a, a tak\u017ce sztylet w stylu sztyletu z kamiennym wyko\u0144czeniem. Klip ma etykiet\u0119 \u201eZombie Tech\u201d i logo Microtech. Wykonane w USA.<\/p>\n<p>D\u0142ugo\u015b\u0107 ca\u0142kowita: 22 cm<br \/>\nD\u0142ugo\u015b\u0107 ostrza: 8,6 cm<br \/>\nMateria\u0142 ostrza: Bohler M390<br \/>\nStyl ostrza: sztylet<br \/>\nWstawki: p\u0142askie<br \/>\nTyp obramowania: Zwyk\u0142y<br \/>\nMateria\u0142 r\u0119koje\u015bci: aluminium<br \/>\nWaga: 3,60 uncji<br \/>\nU\u017cytkownik: Prawa r\u0119ka<br \/>\nKlips kieszonkowy: sk\u0142adany w d\u00f3\u0142<br \/>\nTyp no\u017ca: Automatyczny OTF Double Action<br \/>\nOtwieracz: kciuk<br \/>\nMarka: Microtech<br \/>\nModel: Ultratech<br \/>\nNumer modelu: 122-10 Z<br \/>\nKraj pochodzenia: USA<br \/>\nNajlepsze zastosowanie: codziennie<\/p>\n<p><iframe title=\"Microtech Combat Troodon Torture Test\" width=\"800\" height=\"450\" src=\"https:\/\/www.youtube.com\/embed\/xE9TeOFYEjg?feature=oembed\" frameborder=\"0\" allow=\"accelerometer; autoplay; clipboard-write; encrypted-media; gyroscope; picture-in-picture; web-share\" allowfullscreen><\/iframe><\/p>\n<p>&nbsp;<\/p>\n","protected":false},"excerpt":{"rendered":"<p>Przez lata <strong>firma Microtech\u00ae Knives<\/strong> wype\u0142nia\u0142a no\u017ce pasj\u0105 i umiej\u0119tno\u015bciami, aby tworzy\u0107 niemal dzie\u0142a sztuki, kt\u00f3re s\u0105 szczytem funkcjonalno\u015bci. Wszystkie cz\u0119\u015bci wyprodukowano w USA.<br \/>\n<strong>Wszystkie no\u017ce Microtech obj\u0119te s\u0105 do\u017cywotni\u0105 gwarancj\u0105.<\/strong><\/p>\n","protected":false},"featured_media":237677,"comment_status":"open","ping_status":"closed","template":"","meta":[],"pwb-brand":[3279],"product_brand":[],"product_cat":[3296,3344],"product_tag":[3671],"class_list":{"0":"post-307236","1":"product","2":"type-product","3":"status-publish","4":"has-post-thumbnail","6":"pwb-brand-microtech-pl","7":"product_cat-noze-pl","8":"product_cat-noze-strzeleckie","9":"product_tag-b2b-pl","11":"first","12":"instock","13":"taxable","14":"shipping-taxable","15":"purchasable","16":"product-type-simple"},"brands":[{"id":3279,"name":"Microtech","slug":"microtech-pl"}],"_links":{"self":[{"href":"https:\/\/www.moskito.cz\/pl\/wp-json\/wp\/v2\/product\/307236","targetHints":{"allow":["GET"]}}],"collection":[{"href":"https:\/\/www.moskito.cz\/pl\/wp-json\/wp\/v2\/product"}],"about":[{"href":"https:\/\/www.moskito.cz\/pl\/wp-json\/wp\/v2\/types\/product"}],"replies":[{"embeddable":true,"href":"https:\/\/www.moskito.cz\/pl\/wp-json\/wp\/v2\/comments?post=307236"}],"wp:featuredmedia":[{"embeddable":true,"href":"https:\/\/www.moskito.cz\/pl\/wp-json\/wp\/v2\/media\/237677"}],"wp:attachment":[{"href":"https:\/\/www.moskito.cz\/pl\/wp-json\/wp\/v2\/media?parent=307236"}],"wp:term":[{"taxonomy":"pwb-brand","embeddable":true,"href":"https:\/\/www.moskito.cz\/pl\/wp-json\/wp\/v2\/pwb-brand?post=307236"},{"taxonomy":"product_brand","embeddable":true,"href":"https:\/\/www.moskito.cz\/pl\/wp-json\/wp\/v2\/product_brand?post=307236"},{"taxonomy":"product_cat","embeddable":true,"href":"https:\/\/www.moskito.cz\/pl\/wp-json\/wp\/v2\/product_cat?post=307236"},{"taxonomy":"product_tag","embeddable":true,"href":"https:\/\/www.moskito.cz\/pl\/wp-json\/wp\/v2\/product_tag?post=307236"}],"curies":[{"name":"wp","href":"https:\/\/api.w.org\/{rel}","templated":true}]}}