{"id":307260,"date":"2019-06-01T15:30:30","date_gmt":"2024-02-06T10:55:49","guid":{"rendered":"https:\/\/www.moskito.cz\/produkt\/equalizer-63ml-gaz-pieprzowy\/"},"modified":"2025-07-11T07:49:05","modified_gmt":"2025-07-11T06:49:05","slug":"equalizer-63ml-gaz-pieprzowy","status":"publish","type":"product","link":"https:\/\/www.moskito.cz\/pl\/produkt\/equalizer-63ml-gaz-pieprzowy\/","title":{"rendered":"EQUALIZER 63ml Gaz pieprzowy"},"content":{"rendered":"<p>EQUALIZER 63ml Gaz pieprzowy.<\/p>\n<ul>\n<li>EQUALIZER w sprayu pieprzowym 63ml<\/li>\n<li>\n \t<\/li>\n<li>pocisk p\u0142ynny &#8211; \u0142adunek p\u0142ynny<\/li>\n<li>identyfikacja sprawcy widoczna w \u015bwietle UV<\/li>\n<li>nie powoduje trwa\u0142ych uszkodze\u0144<\/li>\n<li>sprz\u0105czka<\/li>\n<li>wtrysk ok. 2,5 &#8211; 3,5 m<\/li>\n<li>nieszkodliwy dla zdrowia<\/li>\n<li>jest niepalny.<\/li>\n<li>zawarto\u015b\u0107: 20 ml<\/li>\n<\/ul>\n<p>Equalizer2 to niezwykle pot\u0119\u017cny, ma\u0142y spray obronny, kt\u00f3rego nie powinno zabrakn\u0105\u0107 w Twojej kieszeni lub ma\u0142ej torebce. Dzi\u0119ki klipsowi do paska mo\u017cesz mie\u0107 go zawsze przy sobie, nawet je\u015bli wybierasz si\u0119 po prostu pobiega\u0107.<\/p>\n","protected":false},"excerpt":{"rendered":"<p>Gaz pieprzowy.<\/p>\n","protected":false},"featured_media":164354,"comment_status":"open","ping_status":"closed","template":"","meta":[],"pwb-brand":[3494],"product_brand":[],"product_cat":[3506],"product_tag":[],"class_list":{"0":"post-307260","1":"product","2":"type-product","3":"status-publish","4":"has-post-thumbnail","6":"pwb-brand-szczegolnie","7":"product_cat-spraye-obronne","9":"first","10":"outofstock","11":"taxable","12":"shipping-taxable","13":"purchasable","14":"product-type-simple"},"brands":[{"id":3494,"name":"szczeg\u00f3lnie","slug":"szczegolnie"}],"_links":{"self":[{"href":"https:\/\/www.moskito.cz\/pl\/wp-json\/wp\/v2\/product\/307260","targetHints":{"allow":["GET"]}}],"collection":[{"href":"https:\/\/www.moskito.cz\/pl\/wp-json\/wp\/v2\/product"}],"about":[{"href":"https:\/\/www.moskito.cz\/pl\/wp-json\/wp\/v2\/types\/product"}],"replies":[{"embeddable":true,"href":"https:\/\/www.moskito.cz\/pl\/wp-json\/wp\/v2\/comments?post=307260"}],"wp:featuredmedia":[{"embeddable":true,"href":"https:\/\/www.moskito.cz\/pl\/wp-json\/wp\/v2\/media\/164354"}],"wp:attachment":[{"href":"https:\/\/www.moskito.cz\/pl\/wp-json\/wp\/v2\/media?parent=307260"}],"wp:term":[{"taxonomy":"pwb-brand","embeddable":true,"href":"https:\/\/www.moskito.cz\/pl\/wp-json\/wp\/v2\/pwb-brand?post=307260"},{"taxonomy":"product_brand","embeddable":true,"href":"https:\/\/www.moskito.cz\/pl\/wp-json\/wp\/v2\/product_brand?post=307260"},{"taxonomy":"product_cat","embeddable":true,"href":"https:\/\/www.moskito.cz\/pl\/wp-json\/wp\/v2\/product_cat?post=307260"},{"taxonomy":"product_tag","embeddable":true,"href":"https:\/\/www.moskito.cz\/pl\/wp-json\/wp\/v2\/product_tag?post=307260"}],"curies":[{"name":"wp","href":"https:\/\/api.w.org\/{rel}","templated":true}]}}