{"id":307261,"date":"2019-06-01T15:15:50","date_gmt":"2024-02-06T10:55:49","guid":{"rendered":"https:\/\/www.moskito.cz\/produkt\/gaz-pieprzowy-kfog-63ml\/"},"modified":"2025-07-11T07:49:03","modified_gmt":"2025-07-11T06:49:03","slug":"gaz-pieprzowy-kfog-63ml","status":"publish","type":"product","link":"https:\/\/www.moskito.cz\/pl\/produkt\/gaz-pieprzowy-kfog-63ml\/","title":{"rendered":"Gaz pieprzowy KFOG 63ml"},"content":{"rendered":"<p>Gaz pieprzowy KFOG 63ml to spray w aerozolu. Po naci\u015bni\u0119ciu ze sprayu wystrzeliwuje du\u017ca chmura aerozolu. Dzi\u0119ki temu nie ma konieczno\u015bci celowania bezpo\u015brednio w oczy atakuj\u0105cego. Trzeba liczy\u0107 si\u0119 z tym, \u017ce wiatr mo\u017ce zaskoczy\u0107 Ci\u0119 na zewn\u0105trz i skierowa\u0107 chmur\u0119 w inn\u0105 stron\u0119, ni\u017c by\u015b sobie tego \u017cyczy\u0142, a w \u015brodku mo\u017cesz trafi\u0107 wi\u0119cej os\u00f3b ni\u017c tylko atakuj\u0105cego. Je\u015bli jednak chcesz zneutralizowa\u0107 szybko poruszaj\u0105cego si\u0119 psa, nie znajdziesz lepszego gazu pieprzowego ni\u017c aerozol (stosuj u ps\u00f3w tylko w przypadku bezpo\u015bredniego zagro\u017cenia \u017cycia!). Spray jest bardzo skuteczny, powoduje oparzenia i chwilow\u0105 \u015blepot\u0119. Substancj\u0105 czynn\u0105 jest 10% roztw\u00f3r OC (Oleoresin Capsicum \u2013 ekstrakt z papryki ekstra ostrej). Dzi\u0119ki temu dotyka tak\u017ce osoby o obni\u017conym progu b\u00f3lu \u2013 pijane i pod wp\u0142ywem narkotyk\u00f3w. Obronny gaz pieprzowy KFOG2 63ml barwi ofiar\u0119 niewidocznym kolorem, widocznym w \u015bwietle UV. Pomo\u017ce to policji w zidentyfikowaniu napastnika i p\u00f3\u017aniejszym udowodnieniu przest\u0119pstwa. Spray nie jest \u0142atwopalny, wi\u0119c nie musisz si\u0119 obawia\u0107, \u017ce mo\u017ce sprawi\u0107 Ci problemy, na przyk\u0142ad w razie wypadku samochodowego. K-Fog2 posiada blokad\u0119 bezpiecze\u0144stwa i zaczep na pasek. g\u0142\u00f3wne cechy p\u0142ynu pieprzowego wype\u0142nienie &#8211; aerozol identyfikacja sprawcy widoczna w \u015bwietle UV nie powoduje trwa\u0142ych uszkodze\u0144 niepalny spray ok. 1,5 &#8211; 3 m nieszkodliwy dla zdrowia zawarto\u015b\u0107: 20 ml K-Fog2 to gaz pieprzowy w aerozolu, kt\u00f3ry mo\u017ce Ocal swoje \u017cycie. Jest wysoce skuteczny i dzia\u0142a nawet na osoby pod wp\u0142ywem narkotyk\u00f3w.<\/p>\n","protected":false},"excerpt":{"rendered":"<p>Obronny gaz pieprzowy KFOG2 63ml<\/p>\n","protected":false},"featured_media":164348,"comment_status":"open","ping_status":"closed","template":"","meta":[],"pwb-brand":[3494],"product_brand":[],"product_cat":[3506],"product_tag":[],"class_list":{"0":"post-307261","1":"product","2":"type-product","3":"status-publish","4":"has-post-thumbnail","6":"pwb-brand-szczegolnie","7":"product_cat-spraye-obronne","9":"first","10":"instock","11":"taxable","12":"shipping-taxable","13":"purchasable","14":"product-type-simple"},"brands":[{"id":3494,"name":"szczeg\u00f3lnie","slug":"szczegolnie"}],"_links":{"self":[{"href":"https:\/\/www.moskito.cz\/pl\/wp-json\/wp\/v2\/product\/307261","targetHints":{"allow":["GET"]}}],"collection":[{"href":"https:\/\/www.moskito.cz\/pl\/wp-json\/wp\/v2\/product"}],"about":[{"href":"https:\/\/www.moskito.cz\/pl\/wp-json\/wp\/v2\/types\/product"}],"replies":[{"embeddable":true,"href":"https:\/\/www.moskito.cz\/pl\/wp-json\/wp\/v2\/comments?post=307261"}],"wp:featuredmedia":[{"embeddable":true,"href":"https:\/\/www.moskito.cz\/pl\/wp-json\/wp\/v2\/media\/164348"}],"wp:attachment":[{"href":"https:\/\/www.moskito.cz\/pl\/wp-json\/wp\/v2\/media?parent=307261"}],"wp:term":[{"taxonomy":"pwb-brand","embeddable":true,"href":"https:\/\/www.moskito.cz\/pl\/wp-json\/wp\/v2\/pwb-brand?post=307261"},{"taxonomy":"product_brand","embeddable":true,"href":"https:\/\/www.moskito.cz\/pl\/wp-json\/wp\/v2\/product_brand?post=307261"},{"taxonomy":"product_cat","embeddable":true,"href":"https:\/\/www.moskito.cz\/pl\/wp-json\/wp\/v2\/product_cat?post=307261"},{"taxonomy":"product_tag","embeddable":true,"href":"https:\/\/www.moskito.cz\/pl\/wp-json\/wp\/v2\/product_tag?post=307261"}],"curies":[{"name":"wp","href":"https:\/\/api.w.org\/{rel}","templated":true}]}}