{"id":307282,"date":"2019-06-01T16:22:54","date_gmt":"2024-02-06T10:56:03","guid":{"rendered":"https:\/\/www.moskito.cz\/produkt\/gaz-pieprzowy-esp-tornado-63-ml\/"},"modified":"2025-07-11T07:49:07","modified_gmt":"2025-07-11T06:49:07","slug":"gaz-pieprzowy-esp-tornado-63-ml","status":"publish","type":"product","link":"https:\/\/www.moskito.cz\/pl\/produkt\/gaz-pieprzowy-esp-tornado-63-ml\/","title":{"rendered":"Gaz pieprzowy ESP Tornado 63 ml"},"content":{"rendered":"<p>Gaz pieprzowy ESP Tornado 63 ml &#8211; Po opr\u00f3\u017cnieniu pojemnika ze sprayem POLICE TORNADO \u00ae modu\u0142 \u015bwietlny mo\u017cna ponownie zamontowa\u0107 w pojemniku zapasowym.<\/p>\n<p>Instrukcja u\u017cycia:<\/p>\n<p>W przypadku zagro\u017cenia skieruj zaw\u00f3r natryskowy na atakuj\u0105cego z odleg\u0142o\u015bci 1-3 m i rozpylaj kr\u00f3tkimi seriami przez ok. 1 sekund\u0119 (z wiatrem). Nie rozpyla\u0107 pod wiatr. Nie u\u017cywa\u0107 w ma\u0142ych lub zamkni\u0119tych pomieszczeniach (np. w windzie, samochodzie) oraz w odleg\u0142o\u015bci mniejszej ni\u017c 1 m, gdy\u017c istnieje ryzyko uderzenia samego u\u017cytkownika. Uderzenie w twarz powoduje powa\u017cne pieczenie oczu i kaszel. Napastnik jest zdezorientowany przez oko\u0142o 30 minut.<\/p>\n<p>Og\u0142oszenie:<\/p>\n<p>Gaz pieprzowy ESP Tornado 63 ml przeznaczony jest wy\u0142\u0105cznie do samoobrony, niew\u0142a\u015bciwe u\u017cycie jest karalne. Sprayu nie wolno stosowa\u0107 wobec kobiet w ci\u0105\u017cy, os\u00f3b poni\u017cej 15. roku \u017cycia, os\u00f3b chorych i os\u00f3b starszych. Sprzeda\u017c wy\u0142\u0105cznie osobom powy\u017cej 18 roku \u017cycia.<\/p>\n<p>Uwaga:<\/p>\n<p>Podra\u017cnia sk\u00f3r\u0119. Powoduje powa\u017cne podra\u017cnienie oczu. Mo\u017ce powodowa\u0107 podra\u017cnienie dr\u00f3g oddechowych. Unika\u0107 kontaktu ze sk\u00f3r\u0105 i oczami. Przechowywa\u0107 w dobrze wentylowanym miejscu. Nie wdycha\u0107 aerozolu. Trzyma\u0107 poza zasi\u0119giem dzieci. Trzyma\u0107 z dala od \u017ar\u00f3de\u0142 ciep\u0142a\/iskier\/otwartego p\u0142omienia\/gor\u0105cych powierzchni. &#8211; Zakaz palenia. Opakowanie pod ci\u015bnieniem: nie przek\u0142uwa\u0107 ani nie spala\u0107 nawet po u\u017cyciu. Chroni\u0107 przed \u015bwiat\u0142em s\u0142onecznym. Nie wystawia\u0107 na dzia\u0142anie temperatury przekraczaj\u0105cej 50\u00b0C \/ 122\u00b0F. Opakowanie i pozosta\u0142\u0105 zawarto\u015b\u0107 nale\u017cy odda\u0107 do punktu zbi\u00f3rki odpad\u00f3w niebezpiecznych.<\/p>\n<p>APTECZKA:<\/p>\n<ul>\n<li>W PRZYPADKU DOSTANIA SI\u0118 DO OCZU: Ostro\u017cnie p\u0142uka\u0107 wod\u0105 przez kilka minut. Wyj\u0105\u0107 soczewki kontaktowe, je\u015bli s\u0105 noszone i mo\u017cna je \u0142atwo usun\u0105\u0107. Kontynuuj p\u0142ukanie. W PRZYPADKU KONTAKTU ZE SK\u00d3R\u0104: Umy\u0107 du\u017c\u0105 ilo\u015bci\u0105 wody z myd\u0142em. Nie stosowa\u0107 krem\u00f3w, ma\u015bci i olejk\u00f3w. W przypadku wdychania poszkodowanego wynie\u015b\u0107 na \u015bwie\u017ce powietrze i zapewni\u0107 mu spok\u00f3j. Je\u015bli problem nie ust\u0105pi po 1 godzinie, nale\u017cy natychmiast zg\u0142osi\u0107 si\u0119 do lekarza. W przypadku po\u0142kni\u0119cia nale\u017cy natychmiast zwr\u00f3ci\u0107 si\u0119 o pomoc lekarsk\u0105 i pokaza\u0107 opakowanie.<\/li>\n<li>Dra\u017cni\u0105cy sk\u0142adnik OC. 30% masy wype\u0142nienia jest materia\u0142em palnym. Data wa\u017cno\u015bci: na dnie pojemnika.<\/li>\n<\/ul>\n","protected":false},"excerpt":{"rendered":"<p>Gaz pieprzowy.<\/p>\n","protected":false},"featured_media":164366,"comment_status":"open","ping_status":"closed","template":"","meta":[],"pwb-brand":[3494],"product_brand":[],"product_cat":[3506],"product_tag":[],"class_list":{"0":"post-307282","1":"product","2":"type-product","3":"status-publish","4":"has-post-thumbnail","6":"pwb-brand-szczegolnie","7":"product_cat-spraye-obronne","9":"first","10":"instock","11":"taxable","12":"shipping-taxable","13":"purchasable","14":"product-type-simple"},"brands":[{"id":3494,"name":"szczeg\u00f3lnie","slug":"szczegolnie"}],"_links":{"self":[{"href":"https:\/\/www.moskito.cz\/pl\/wp-json\/wp\/v2\/product\/307282","targetHints":{"allow":["GET"]}}],"collection":[{"href":"https:\/\/www.moskito.cz\/pl\/wp-json\/wp\/v2\/product"}],"about":[{"href":"https:\/\/www.moskito.cz\/pl\/wp-json\/wp\/v2\/types\/product"}],"replies":[{"embeddable":true,"href":"https:\/\/www.moskito.cz\/pl\/wp-json\/wp\/v2\/comments?post=307282"}],"wp:featuredmedia":[{"embeddable":true,"href":"https:\/\/www.moskito.cz\/pl\/wp-json\/wp\/v2\/media\/164366"}],"wp:attachment":[{"href":"https:\/\/www.moskito.cz\/pl\/wp-json\/wp\/v2\/media?parent=307282"}],"wp:term":[{"taxonomy":"pwb-brand","embeddable":true,"href":"https:\/\/www.moskito.cz\/pl\/wp-json\/wp\/v2\/pwb-brand?post=307282"},{"taxonomy":"product_brand","embeddable":true,"href":"https:\/\/www.moskito.cz\/pl\/wp-json\/wp\/v2\/product_brand?post=307282"},{"taxonomy":"product_cat","embeddable":true,"href":"https:\/\/www.moskito.cz\/pl\/wp-json\/wp\/v2\/product_cat?post=307282"},{"taxonomy":"product_tag","embeddable":true,"href":"https:\/\/www.moskito.cz\/pl\/wp-json\/wp\/v2\/product_tag?post=307282"}],"curies":[{"name":"wp","href":"https:\/\/api.w.org\/{rel}","templated":true}]}}