{"id":307305,"date":"2019-08-13T15:14:01","date_gmt":"2024-02-06T10:56:10","guid":{"rendered":"https:\/\/www.moskito.cz\/produkt\/ostrzalka-ostrzalka-do-nozy-vulkanus-basic-skladana\/"},"modified":"2025-07-11T07:49:36","modified_gmt":"2025-07-11T06:49:36","slug":"ostrzalka-ostrzalka-do-nozy-vulkanus-basic-skladana","status":"publish","type":"product","link":"https:\/\/www.moskito.cz\/pl\/produkt\/ostrzalka-ostrzalka-do-nozy-vulkanus-basic-skladana\/","title":{"rendered":"Ostrza\u0142ka Ostrza\u0142ka do no\u017cy Vulkanus Basic sk\u0142adana"},"content":{"rendered":"<p>Ostrza\u0142ka Ostrza\u0142ka do no\u017cy Vulkanus Basic sk\u0142adana.<br \/>\nNajwy\u017cszej klasy sk\u0142adana ostrza\u0142ka do ostrzy prostych i falistych. Rozmiar: 17,3\u00d79,7 cm.<br \/>\nM\u0142ynek VULKANUS zosta\u0142 wynaleziony przez Haralda Stalleggera z Salzburga, kt\u00f3ry nast\u0119pnie go opatentowa\u0142. Spr\u0119\u017cynowe pr\u0119ty z twardego stopu (w\u0119glika spiekanego) pozostaj\u0105 w sta\u0142ym kontakcie z dowolnym kszta\u0142tem ostrza. W bardzo prosty spos\u00f3b mo\u017cesz naostrzy\u0107 g\u0142adkie i z\u0105bkowane no\u017ce do chleba, bez niepo\u017c\u0105danych zarysowa\u0144.<br \/>\nProste szlifowanie, z kt\u00f3rym poradzi sobie ka\u017cdy. Wystarczy kilka razy prze\u0142o\u017cy\u0107 n\u00f3\u017c przez ostrza\u0142k\u0119 czubkiem w d\u00f3\u0142, poci\u0105gn\u0105\u0107 bez zwi\u0119kszonego nacisku i mo\u017cna kontynuowa\u0107 ci\u0119cie. M\u0142ynek dzia\u0142a na zasadzie opatentowanego systemu spr\u0119\u017cyn. Wykonany jest z wysokiej jako\u015bci czarnego plastiku.<\/p>\n<p>No\u017ce i narz\u0119dzia tn\u0105ce s\u0105 u\u017cywane przez ludzi wszystkich kultur i epok. S\u0105 symbolem w\u0142adzy, postrzegane s\u0105 jako obiekty sztuki i narz\u0119dzia wielofunkcyjne.<br \/>\nPosiadanie no\u017ca lub broni o niezb\u0119dnej ostro\u015bci zawsze by\u0142o dla ludzi wa\u017cne, a nawet niezb\u0119dne.<br \/>\nDlatego zaw\u00f3d ostrzarki zawsze odgrywa\u0142 wa\u017cn\u0105 rol\u0119 w spo\u0142ecze\u0144stwie. Ostrzenie no\u017cy jest tak stare jak historia ludzko\u015bci i wci\u0105\u017c jest interesuj\u0105ce. Jest wiele ostrzy no\u017cy.<\/p>\n<p>Podczas gdy ostrzenie no\u017cy by\u0142o dotychczas w wi\u0119kszo\u015bci pozostawione ekspertom, Vulkanus stworzy\u0142 ostrza\u0142k\u0119, kt\u00f3ra jest tak przyjazna dla u\u017cytkownika, \u017ce \u200b\u200bka\u017cdy mo\u017ce z niej korzysta\u0107. \u017badne nowoczesne gospodarstwo domowe nie powinno dzi\u015b obej\u015b\u0107 si\u0119 bez odpowiedniego urz\u0105dzenia do ostrzenia no\u017cy. Jednak niewiele z oferowanych produkt\u00f3w jest naprawd\u0119 \u0142atwych. Dlatego ta austriacka firma przy opracowywaniu tej ostrza\u0142ki przywi\u0105za\u0142a du\u017c\u0105 wag\u0119 do stworzenia urz\u0105dzenia uniwersalnego i \u0142atwego w obs\u0142udze.<\/p>\n<p>Rozw\u00f3j ostrza\u0142ki do no\u017cy Vulkanus opiera si\u0119 na 20-letnim do\u015bwiadczeniu w\u0142a\u015bciciela firmy Haralda Stalleggera w dziedzinie ci\u0119cia i ostrzenia no\u017cy. Wraz z nowym \u201eVulkanusem\u201d Stallegger opracowa\u0142 ostrza\u0142k\u0119 do no\u017cy, kt\u00f3ra jest dost\u0119pna w r\u00f3\u017cnych wersjach, aby spe\u0142ni\u0107 szeroki zakres r\u00f3\u017cnych wymaga\u0144. Opatentowana oferta produkt\u00f3w Vulkanus, obejmuj\u0105ca szereg unikalnych produkt\u00f3w (do ostrzenia i szlifowania zar\u00f3wno ostrzy g\u0142adkich, jak i z\u0105bkowanych), szybko znalaz\u0142a mi\u0119dzynarodowych partner\u00f3w dystrybucyjnych. Dzi\u015b produkty te s\u0105 dost\u0119pne w wysokiej jako\u015bci sklepach specjalistycznych na ca\u0142ym \u015bwiecie.<\/p>\n<p>Jako firma rodzinna, firma jest przyzwyczajona do pracy zorientowanej na klienta. Takie podej\u015bcie jest wzmacniane przez wzrost wysokiej jako\u015bci i ci\u0105g\u0142y rozw\u00f3j produkt\u00f3w. INNOWACJA &#8211; PRAWO &#8211; JAKO\u015a\u0106<\/p>\n","protected":false},"excerpt":{"rendered":"<p><strong>Opatentowany<\/strong> system mielenia.<br \/>\n<strong>Wyprodukowano w Austrii.<\/strong><\/p>\n","protected":false},"featured_media":175760,"comment_status":"open","ping_status":"closed","template":"","meta":[],"pwb-brand":[3367],"product_brand":[],"product_cat":[3345],"product_tag":[],"class_list":{"0":"post-307305","1":"product","2":"type-product","3":"status-publish","4":"has-post-thumbnail","6":"pwb-brand-wulkan","7":"product_cat-tarcze-szlifierskie-i-stal","9":"first","10":"instock","11":"taxable","12":"shipping-taxable","13":"purchasable","14":"product-type-simple"},"brands":[{"id":3367,"name":"Wulkan","slug":"wulkan"}],"_links":{"self":[{"href":"https:\/\/www.moskito.cz\/pl\/wp-json\/wp\/v2\/product\/307305","targetHints":{"allow":["GET"]}}],"collection":[{"href":"https:\/\/www.moskito.cz\/pl\/wp-json\/wp\/v2\/product"}],"about":[{"href":"https:\/\/www.moskito.cz\/pl\/wp-json\/wp\/v2\/types\/product"}],"replies":[{"embeddable":true,"href":"https:\/\/www.moskito.cz\/pl\/wp-json\/wp\/v2\/comments?post=307305"}],"wp:featuredmedia":[{"embeddable":true,"href":"https:\/\/www.moskito.cz\/pl\/wp-json\/wp\/v2\/media\/175760"}],"wp:attachment":[{"href":"https:\/\/www.moskito.cz\/pl\/wp-json\/wp\/v2\/media?parent=307305"}],"wp:term":[{"taxonomy":"pwb-brand","embeddable":true,"href":"https:\/\/www.moskito.cz\/pl\/wp-json\/wp\/v2\/pwb-brand?post=307305"},{"taxonomy":"product_brand","embeddable":true,"href":"https:\/\/www.moskito.cz\/pl\/wp-json\/wp\/v2\/product_brand?post=307305"},{"taxonomy":"product_cat","embeddable":true,"href":"https:\/\/www.moskito.cz\/pl\/wp-json\/wp\/v2\/product_cat?post=307305"},{"taxonomy":"product_tag","embeddable":true,"href":"https:\/\/www.moskito.cz\/pl\/wp-json\/wp\/v2\/product_tag?post=307305"}],"curies":[{"name":"wp","href":"https:\/\/api.w.org\/{rel}","templated":true}]}}