{"id":307309,"date":"2019-06-01T16:09:25","date_gmt":"2024-02-06T10:56:11","guid":{"rendered":"https:\/\/www.moskito.cz\/produkt\/pianka-w-sprayu-pieprzowym-stoper-63ml\/"},"modified":"2025-07-11T07:49:06","modified_gmt":"2025-07-11T06:49:06","slug":"pianka-w-sprayu-pieprzowym-stoper-63ml","status":"publish","type":"product","link":"https:\/\/www.moskito.cz\/pl\/produkt\/pianka-w-sprayu-pieprzowym-stoper-63ml\/","title":{"rendered":"Pianka w sprayu pieprzowym Stoper 63ml"},"content":{"rendered":"<p>Pianka w sprayu pieprzowym Stoper 63ml.<\/p>\n<p>Bardzo skuteczny piankowy spray ochronny. Zawarto\u015b\u0107 20ml. OC to naturalny ekstrakt z papryczek chili. STOPER powoduje, \u017ce piana pokrywa twarz. Zawiera 10% OC (oleo-\u017cywicy capsicum) zapewniaj\u0105cej natychmiastowe dzia\u0142anie na zaatakowane b\u0142ony \u015bluzowe: chwilow\u0105 \u015blepot\u0119, duszno\u015b\u0107, dra\u017cni\u0105cy kaszel i silne pieczenie sk\u00f3ry. Spray wyposa\u017cony jest w bezpiecznik zapobiegaj\u0105cy samoistnemu uruchomieniu &#8211; odpowiedni dla kobiet. Dzia\u0142a r\u00f3wnie\u017c na agresywne zwierz\u0119ta.<\/p>\n","protected":false},"excerpt":{"rendered":"<p>Obronna pianka w sprayu pieprzowym Stoper2 63ml.<\/p>\n","protected":false},"featured_media":164361,"comment_status":"open","ping_status":"closed","template":"","meta":[],"pwb-brand":[],"product_brand":[],"product_cat":[3506],"product_tag":[],"class_list":{"0":"post-307309","1":"product","2":"type-product","3":"status-publish","4":"has-post-thumbnail","6":"product_cat-spraye-obronne","8":"first","9":"instock","10":"taxable","11":"shipping-taxable","12":"purchasable","13":"product-type-simple"},"brands":[],"_links":{"self":[{"href":"https:\/\/www.moskito.cz\/pl\/wp-json\/wp\/v2\/product\/307309","targetHints":{"allow":["GET"]}}],"collection":[{"href":"https:\/\/www.moskito.cz\/pl\/wp-json\/wp\/v2\/product"}],"about":[{"href":"https:\/\/www.moskito.cz\/pl\/wp-json\/wp\/v2\/types\/product"}],"replies":[{"embeddable":true,"href":"https:\/\/www.moskito.cz\/pl\/wp-json\/wp\/v2\/comments?post=307309"}],"wp:featuredmedia":[{"embeddable":true,"href":"https:\/\/www.moskito.cz\/pl\/wp-json\/wp\/v2\/media\/164361"}],"wp:attachment":[{"href":"https:\/\/www.moskito.cz\/pl\/wp-json\/wp\/v2\/media?parent=307309"}],"wp:term":[{"taxonomy":"pwb-brand","embeddable":true,"href":"https:\/\/www.moskito.cz\/pl\/wp-json\/wp\/v2\/pwb-brand?post=307309"},{"taxonomy":"product_brand","embeddable":true,"href":"https:\/\/www.moskito.cz\/pl\/wp-json\/wp\/v2\/product_brand?post=307309"},{"taxonomy":"product_cat","embeddable":true,"href":"https:\/\/www.moskito.cz\/pl\/wp-json\/wp\/v2\/product_cat?post=307309"},{"taxonomy":"product_tag","embeddable":true,"href":"https:\/\/www.moskito.cz\/pl\/wp-json\/wp\/v2\/product_tag?post=307309"}],"curies":[{"name":"wp","href":"https:\/\/api.w.org\/{rel}","templated":true}]}}