{"id":307317,"date":"2019-08-10T16:05:42","date_gmt":"2024-02-06T10:56:13","guid":{"rendered":"https:\/\/www.moskito.cz\/produkt\/noz-staly-pa3403\/"},"modified":"2025-07-11T07:49:35","modified_gmt":"2025-07-11T06:49:35","slug":"noz-staly-pa3403","status":"publish","type":"product","link":"https:\/\/www.moskito.cz\/pl\/produkt\/noz-staly-pa3403\/","title":{"rendered":"N\u00f3\u017c sta\u0142y PA3403"},"content":{"rendered":"<p>N\u00f3\u017c sta\u0142y PA3403.<\/p>\n<p>Ca\u0142kowita d\u0142ugo\u015b\u0107 no\u017ca wynosi 19 cm. Ostrze ze stali nierdzewnej satynowej z podw\u00f3jn\u0105 kraw\u0119dzi\u0105 ma d\u0142ugo\u015b\u0107 9,5 cm. Czarny uchwyt wykonany jest z drewna. Etui jest z czarnej sk\u00f3ry.<\/p>\n","protected":false},"excerpt":{"rendered":"<p>Solidny n\u00f3\u017c.<\/p>\n","protected":false},"featured_media":165006,"comment_status":"open","ping_status":"closed","template":"","meta":[],"pwb-brand":[3531],"product_brand":[],"product_cat":[3296,3297],"product_tag":[],"class_list":{"0":"post-307317","1":"product","2":"type-product","3":"status-publish","4":"has-post-thumbnail","6":"pwb-brand-pakistan-pl","7":"product_cat-noze-pl","8":"product_cat-solidne-noze","10":"first","11":"outofstock","12":"taxable","13":"shipping-taxable","14":"purchasable","15":"product-type-simple"},"brands":[{"id":3531,"name":"Pakistan","slug":"pakistan-pl"}],"_links":{"self":[{"href":"https:\/\/www.moskito.cz\/pl\/wp-json\/wp\/v2\/product\/307317","targetHints":{"allow":["GET"]}}],"collection":[{"href":"https:\/\/www.moskito.cz\/pl\/wp-json\/wp\/v2\/product"}],"about":[{"href":"https:\/\/www.moskito.cz\/pl\/wp-json\/wp\/v2\/types\/product"}],"replies":[{"embeddable":true,"href":"https:\/\/www.moskito.cz\/pl\/wp-json\/wp\/v2\/comments?post=307317"}],"wp:featuredmedia":[{"embeddable":true,"href":"https:\/\/www.moskito.cz\/pl\/wp-json\/wp\/v2\/media\/165006"}],"wp:attachment":[{"href":"https:\/\/www.moskito.cz\/pl\/wp-json\/wp\/v2\/media?parent=307317"}],"wp:term":[{"taxonomy":"pwb-brand","embeddable":true,"href":"https:\/\/www.moskito.cz\/pl\/wp-json\/wp\/v2\/pwb-brand?post=307317"},{"taxonomy":"product_brand","embeddable":true,"href":"https:\/\/www.moskito.cz\/pl\/wp-json\/wp\/v2\/product_brand?post=307317"},{"taxonomy":"product_cat","embeddable":true,"href":"https:\/\/www.moskito.cz\/pl\/wp-json\/wp\/v2\/product_cat?post=307317"},{"taxonomy":"product_tag","embeddable":true,"href":"https:\/\/www.moskito.cz\/pl\/wp-json\/wp\/v2\/product_tag?post=307317"}],"curies":[{"name":"wp","href":"https:\/\/api.w.org\/{rel}","templated":true}]}}