{"id":307329,"date":"2019-08-10T14:39:55","date_gmt":"2024-02-06T10:56:17","guid":{"rendered":"https:\/\/www.moskito.cz\/produkt\/noz-do-rzucania\/"},"modified":"2025-07-11T07:49:35","modified_gmt":"2025-07-11T06:49:35","slug":"noz-do-rzucania","status":"publish","type":"product","link":"https:\/\/www.moskito.cz\/pl\/produkt\/noz-do-rzucania\/","title":{"rendered":"No\u017c do rzucania"},"content":{"rendered":"<p>No\u017c do rzucania.<\/p>\n<p>Ca\u0142kowita d\u0142ugo\u015b\u0107 no\u017ca wynosi 25 cm. Obustronne ostrze ze stali nierdzewnej ma d\u0142ugo\u015b\u0107 14 cm. Etui wykonane jest z czarnego nylonu.<\/p>\n","protected":false},"excerpt":{"rendered":"<p>N\u00f3\u017c treningowy.<\/p>\n","protected":false},"featured_media":198143,"comment_status":"open","ping_status":"closed","template":"","meta":[],"pwb-brand":[3531],"product_brand":[],"product_cat":[3296,3543],"product_tag":[],"class_list":{"0":"post-307329","1":"product","2":"type-product","3":"status-publish","4":"has-post-thumbnail","6":"pwb-brand-pakistan-pl","7":"product_cat-noze-pl","8":"product_cat-rzucac-nozami","10":"first","11":"outofstock","12":"taxable","13":"shipping-taxable","14":"purchasable","15":"product-type-simple"},"brands":[{"id":3531,"name":"Pakistan","slug":"pakistan-pl"}],"_links":{"self":[{"href":"https:\/\/www.moskito.cz\/pl\/wp-json\/wp\/v2\/product\/307329","targetHints":{"allow":["GET"]}}],"collection":[{"href":"https:\/\/www.moskito.cz\/pl\/wp-json\/wp\/v2\/product"}],"about":[{"href":"https:\/\/www.moskito.cz\/pl\/wp-json\/wp\/v2\/types\/product"}],"replies":[{"embeddable":true,"href":"https:\/\/www.moskito.cz\/pl\/wp-json\/wp\/v2\/comments?post=307329"}],"wp:featuredmedia":[{"embeddable":true,"href":"https:\/\/www.moskito.cz\/pl\/wp-json\/wp\/v2\/media\/198143"}],"wp:attachment":[{"href":"https:\/\/www.moskito.cz\/pl\/wp-json\/wp\/v2\/media?parent=307329"}],"wp:term":[{"taxonomy":"pwb-brand","embeddable":true,"href":"https:\/\/www.moskito.cz\/pl\/wp-json\/wp\/v2\/pwb-brand?post=307329"},{"taxonomy":"product_brand","embeddable":true,"href":"https:\/\/www.moskito.cz\/pl\/wp-json\/wp\/v2\/product_brand?post=307329"},{"taxonomy":"product_cat","embeddable":true,"href":"https:\/\/www.moskito.cz\/pl\/wp-json\/wp\/v2\/product_cat?post=307329"},{"taxonomy":"product_tag","embeddable":true,"href":"https:\/\/www.moskito.cz\/pl\/wp-json\/wp\/v2\/product_tag?post=307329"}],"curies":[{"name":"wp","href":"https:\/\/api.w.org\/{rel}","templated":true}]}}