{"id":307334,"date":"2019-08-31T16:34:06","date_gmt":"2024-02-06T10:56:23","guid":{"rendered":"https:\/\/www.moskito.cz\/produkt\/noz-zamykajacy-joker-nm136\/"},"modified":"2025-07-11T07:49:43","modified_gmt":"2025-07-11T06:49:43","slug":"noz-zamykajacy-joker-nm136","status":"publish","type":"product","link":"https:\/\/www.moskito.cz\/pl\/produkt\/noz-zamykajacy-joker-nm136\/","title":{"rendered":"N\u00f3\u017c zamykaj\u0105cy Joker NM136"},"content":{"rendered":"<p>N\u00f3\u017c zamykaj\u0105cy Joker NM136.<\/p>\n<p>Klasyczny sk\u0142adany n\u00f3\u017c my\u015bliwski z pi\u0142\u0105 r\u0119czn\u0105, na kt\u00f3rym znajduje si\u0119 przydatny otwieracz do butelek. N\u00f3\u017c jest bardzo wytrzyma\u0142y dzi\u0119ki r\u0119koje\u015bciom z czerwonej micarty. Zar\u00f3wno ostrze, jak i pi\u0142a wykonane s\u0105 z bardzo wytrzyma\u0142ej stali nierdzewnej. W pozycji otwartej ostrza zabezpieczone s\u0105 blokad\u0105 typu back-lock.<\/p>\n<p>WIELOFUNKCYJNY N\u00d3\u017b MY\u015aLIWSKI JOKER CANGURO III OSTRZE ZE STALI NIERDZEWNEJ + OSTRZA Z PI\u0141\u0104, \u0141USKA MICARTA, WA\u0141EK ZE STALI NIERDZEWNEJ.<br \/>\nNM136<br \/>\nCechy produktu:<\/p>\n<p>Wielofunkcyjny n\u00f3\u017c my\u015bliwski JOKER CANGURO III<\/p>\n","protected":false},"excerpt":{"rendered":"<p>No\u017ce <strong>Joker<\/strong> pochodz\u0105 z hiszpa\u0144skiego miasta Albacete, kt\u00f3re s\u0142ynie z tradycyjnej produkcji no\u017cy i sztylet\u00f3w.<br \/>\nZaprojektowane i wykonane w Hiszpanii <strong>(Albacete)<\/strong><\/p>\n","protected":false},"featured_media":192769,"comment_status":"open","ping_status":"closed","template":"","meta":[],"pwb-brand":[3393],"product_brand":[],"product_cat":[3296,3307],"product_tag":[],"class_list":{"0":"post-307334","1":"product","2":"type-product","3":"status-publish","4":"has-post-thumbnail","6":"pwb-brand-zartownis","7":"product_cat-noze-pl","8":"product_cat-zamykanie-nozy","10":"first","11":"instock","12":"taxable","13":"shipping-taxable","14":"purchasable","15":"product-type-simple"},"brands":[{"id":3393,"name":"\u017bartowni\u015b","slug":"zartownis"}],"_links":{"self":[{"href":"https:\/\/www.moskito.cz\/pl\/wp-json\/wp\/v2\/product\/307334","targetHints":{"allow":["GET"]}}],"collection":[{"href":"https:\/\/www.moskito.cz\/pl\/wp-json\/wp\/v2\/product"}],"about":[{"href":"https:\/\/www.moskito.cz\/pl\/wp-json\/wp\/v2\/types\/product"}],"replies":[{"embeddable":true,"href":"https:\/\/www.moskito.cz\/pl\/wp-json\/wp\/v2\/comments?post=307334"}],"wp:featuredmedia":[{"embeddable":true,"href":"https:\/\/www.moskito.cz\/pl\/wp-json\/wp\/v2\/media\/192769"}],"wp:attachment":[{"href":"https:\/\/www.moskito.cz\/pl\/wp-json\/wp\/v2\/media?parent=307334"}],"wp:term":[{"taxonomy":"pwb-brand","embeddable":true,"href":"https:\/\/www.moskito.cz\/pl\/wp-json\/wp\/v2\/pwb-brand?post=307334"},{"taxonomy":"product_brand","embeddable":true,"href":"https:\/\/www.moskito.cz\/pl\/wp-json\/wp\/v2\/product_brand?post=307334"},{"taxonomy":"product_cat","embeddable":true,"href":"https:\/\/www.moskito.cz\/pl\/wp-json\/wp\/v2\/product_cat?post=307334"},{"taxonomy":"product_tag","embeddable":true,"href":"https:\/\/www.moskito.cz\/pl\/wp-json\/wp\/v2\/product_tag?post=307334"}],"curies":[{"name":"wp","href":"https:\/\/api.w.org\/{rel}","templated":true}]}}