{"id":307340,"date":"2019-08-26T18:57:15","date_gmt":"2024-02-06T10:56:23","guid":{"rendered":"https:\/\/www.moskito.cz\/produkt\/noz-zamykajacy-jokera\/"},"modified":"2025-07-11T07:49:41","modified_gmt":"2025-07-11T06:49:41","slug":"noz-zamykajacy-jokera","status":"publish","type":"product","link":"https:\/\/www.moskito.cz\/pl\/produkt\/noz-zamykajacy-jokera\/","title":{"rendered":"N\u00f3\u017c zamykaj\u0105cy Jokera"},"content":{"rendered":"<p>N\u00f3\u017c zamykaj\u0105cy Jokera.<\/p>\n<p>No\u017ce Joker pochodz\u0105 z hiszpa\u0144skiego miasta Albacete, kt\u00f3re s\u0142ynie z produkcji no\u017cy.<br \/>\nN\u00f3\u017c sk\u0142adany ratunkowy ze wspomaganiem otwierania. D\u0142ugo\u015b\u0107 no\u017ca w stanie zamkni\u0119tym wynosi 12,5 cm, d\u0142ugo\u015b\u0107 ostrza ze stali nierdzewnej wynosi 9 cm. N\u00f3\u017c posiada aluminiow\u0105 r\u0119koje\u015b\u0107, przecinak do pas\u00f3w, ko\u0144c\u00f3wk\u0119 do t\u0142uczenia szk\u0142a oraz klips do kieszeni.<\/p>\n","protected":false},"excerpt":{"rendered":"<p>No\u017ce Joker pochodz\u0105 z hiszpa\u0144skiego miasta Albacete, kt\u00f3re s\u0142ynie z tradycyjnej produkcji no\u017cy i sztylet\u00f3w.<br \/>\n<strong>Zaprojektowane i wykonane w Hiszpanii (Albacete)<\/strong><\/p>\n","protected":false},"featured_media":165217,"comment_status":"open","ping_status":"closed","template":"","meta":[],"pwb-brand":[3393],"product_brand":[],"product_cat":[3296,3307],"product_tag":[],"class_list":{"0":"post-307340","1":"product","2":"type-product","3":"status-publish","4":"has-post-thumbnail","6":"pwb-brand-zartownis","7":"product_cat-noze-pl","8":"product_cat-zamykanie-nozy","10":"first","11":"outofstock","12":"taxable","13":"shipping-taxable","14":"purchasable","15":"product-type-simple"},"brands":[{"id":3393,"name":"\u017bartowni\u015b","slug":"zartownis"}],"_links":{"self":[{"href":"https:\/\/www.moskito.cz\/pl\/wp-json\/wp\/v2\/product\/307340","targetHints":{"allow":["GET"]}}],"collection":[{"href":"https:\/\/www.moskito.cz\/pl\/wp-json\/wp\/v2\/product"}],"about":[{"href":"https:\/\/www.moskito.cz\/pl\/wp-json\/wp\/v2\/types\/product"}],"replies":[{"embeddable":true,"href":"https:\/\/www.moskito.cz\/pl\/wp-json\/wp\/v2\/comments?post=307340"}],"wp:featuredmedia":[{"embeddable":true,"href":"https:\/\/www.moskito.cz\/pl\/wp-json\/wp\/v2\/media\/165217"}],"wp:attachment":[{"href":"https:\/\/www.moskito.cz\/pl\/wp-json\/wp\/v2\/media?parent=307340"}],"wp:term":[{"taxonomy":"pwb-brand","embeddable":true,"href":"https:\/\/www.moskito.cz\/pl\/wp-json\/wp\/v2\/pwb-brand?post=307340"},{"taxonomy":"product_brand","embeddable":true,"href":"https:\/\/www.moskito.cz\/pl\/wp-json\/wp\/v2\/product_brand?post=307340"},{"taxonomy":"product_cat","embeddable":true,"href":"https:\/\/www.moskito.cz\/pl\/wp-json\/wp\/v2\/product_cat?post=307340"},{"taxonomy":"product_tag","embeddable":true,"href":"https:\/\/www.moskito.cz\/pl\/wp-json\/wp\/v2\/product_tag?post=307340"}],"curies":[{"name":"wp","href":"https:\/\/api.w.org\/{rel}","templated":true}]}}