{"id":307341,"date":"2019-08-13T16:43:09","date_gmt":"2024-02-06T10:56:25","guid":{"rendered":"https:\/\/www.moskito.cz\/produkt\/ostrzalka-vulkanus-classic-ostrzalka-do-nozy-g2\/"},"modified":"2025-07-11T07:49:36","modified_gmt":"2025-07-11T06:49:36","slug":"ostrzalka-vulkanus-classic-ostrzalka-do-nozy-g2","status":"publish","type":"product","link":"https:\/\/www.moskito.cz\/pl\/produkt\/ostrzalka-vulkanus-classic-ostrzalka-do-nozy-g2\/","title":{"rendered":"Ostrza\u0142ka Vulkanus Classic Ostrza\u0142ka do no\u017cy G2"},"content":{"rendered":"<p>Ostrza\u0142ka Vulkanus Classic Ostrza\u0142ka do no\u017cy G2<\/p>\n<p>Ju\u017c jest druga generacja ostrza\u0142ki do no\u017cy Vulkanus Classic G2.<br \/>\nWk\u0142adki ostrz\u0105ce zosta\u0142y zmienione pod wzgl\u0119dem materia\u0142u i formy, tak aby ich \u017cywotno\u015b\u0107 mog\u0142a zosta\u0107 zwi\u0119kszona trzykrotnie, a wynik ostrzenia m\u00f3g\u0142 by\u0107 jeszcze lepszy. K\u0105t ostro\u015bci zosta\u0142 wyd\u0142u\u017cony z 11\u00b0 do 21\u00b0. W nowej generacji spr\u0119\u017cyny pr\u0119towe zosta\u0142y ukryte, a ich si\u0142a \u015bciskaj\u0105ca zosta\u0142a znacznie zwi\u0119kszona.<br \/>\nPonadto elementy ostrz\u0105ce mo\u017cna teraz znacznie \u0142atwiej wymieni\u0107, je\u015bli zajdzie taka potrzeba.<\/p>\n<p>Ostrza\u0142k\u0119 do no\u017cy Vulkanus Classic G2 wynalaz\u0142 Harald Stallegger z Salzburga, kt\u00f3ry nast\u0119pnie j\u0105 opatentowa\u0142. Spr\u0119\u017cynowe pr\u0119ty z twardego stopu (w\u0119glika spiekanego) pozostaj\u0105 w sta\u0142ym kontakcie z dowolnym kszta\u0142tem ostrza. W bardzo prosty spos\u00f3b mo\u017cesz naostrzy\u0107 g\u0142adkie i z\u0105bkowane no\u017ce do chleba, bez niepo\u017c\u0105danych zarysowa\u0144.<br \/>\nProste szlifowanie, z kt\u00f3rym poradzi sobie ka\u017cdy. Wystarczy kilka razy prze\u0142o\u017cy\u0107 n\u00f3\u017c przez ostrza\u0142k\u0119 czubkiem w d\u00f3\u0142, poci\u0105gn\u0105\u0107 bez zwi\u0119kszonego nacisku i mo\u017cna kontynuowa\u0107 ci\u0119cie. M\u0142ynek dzia\u0142a na zasadzie opatentowanego systemu spr\u0119\u017cyn. Wykonany jest z wysokiej jako\u015bci czarnego plastiku.<\/p>\n<p>No\u017ce i narz\u0119dzia tn\u0105ce s\u0105 u\u017cywane przez ludzi wszystkich kultur i epok. S\u0105 symbolem w\u0142adzy, postrzegane s\u0105 jako obiekty sztuki i narz\u0119dzia wielofunkcyjne.<br \/>\nPosiadanie no\u017ca lub broni o niezb\u0119dnej ostro\u015bci zawsze by\u0142o dla ludzi wa\u017cne, a nawet niezb\u0119dne.<br \/>\nDlatego zaw\u00f3d ostrzarki zawsze odgrywa\u0142 wa\u017cn\u0105 rol\u0119 w spo\u0142ecze\u0144stwie. Ostrzenie no\u017cy jest tak stare jak historia ludzko\u015bci i wci\u0105\u017c jest interesuj\u0105ce. Jest wiele ostrzy no\u017cy.<\/p>\n<p>Podczas gdy ostrzenie no\u017cy by\u0142o dotychczas w wi\u0119kszo\u015bci pozostawione ekspertom, Vulkanus stworzy\u0142 ostrza\u0142k\u0119, kt\u00f3ra jest tak przyjazna dla u\u017cytkownika, \u017ce \u200b\u200bka\u017cdy mo\u017ce z niej korzysta\u0107. \u017badne nowoczesne gospodarstwo domowe nie powinno dzi\u015b obej\u015b\u0107 si\u0119 bez odpowiedniego urz\u0105dzenia do ostrzenia no\u017cy. Jednak niewiele z oferowanych produkt\u00f3w jest naprawd\u0119 \u0142atwych. Dlatego ta austriacka firma przy opracowywaniu tej ostrza\u0142ki przywi\u0105za\u0142a du\u017c\u0105 wag\u0119 do stworzenia urz\u0105dzenia uniwersalnego i \u0142atwego w obs\u0142udze.<\/p>\n<p>Rozw\u00f3j ostrza\u0142ki do no\u017cy Vulkanus opiera si\u0119 na 20-letnim do\u015bwiadczeniu w\u0142a\u015bciciela firmy Haralda Stalleggera w dziedzinie ci\u0119cia i ostrzenia no\u017cy. Wraz z nowym \u201eVulkanusem\u201d Stallegger opracowa\u0142 ostrza\u0142k\u0119 do no\u017cy, kt\u00f3ra jest dost\u0119pna w r\u00f3\u017cnych wersjach, aby spe\u0142ni\u0107 szeroki zakres r\u00f3\u017cnych wymaga\u0144. Opatentowana oferta produkt\u00f3w Vulkanus, obejmuj\u0105ca szereg unikalnych produkt\u00f3w (do ostrzenia i szlifowania zar\u00f3wno ostrzy g\u0142adkich, jak i z\u0105bkowanych), szybko znalaz\u0142a mi\u0119dzynarodowych partner\u00f3w dystrybucyjnych. Dzi\u015b produkty te s\u0105 dost\u0119pne w wysokiej jako\u015bci sklepach specjalistycznych na ca\u0142ym \u015bwiecie.<\/p>\n<p>Jako firma rodzinna, firma jest przyzwyczajona do pracy zorientowanej na klienta. Takie podej\u015bcie jest wzmacniane przez wzrost wysokiej jako\u015bci i ci\u0105g\u0142y rozw\u00f3j produkt\u00f3w. INNOWACJA &#8211; PRAWO &#8211; JAKO\u015a\u0106<\/p>\n<p>VULKANUS Od no\u017cy do sushi po no\u017ce my\u015bliwskie i kieszonkowe \u2013 VULKANUS\u00ae Classic wykonany z tworzywa sztucznego, kt\u00f3re mo\u017cna my\u0107 w zmywarce, u\u0142atwia ostrzenie ulubionych no\u017cy roboczych. Wystarczy odrobina koncentracji i kilka r\u00f3wnomiernych poci\u0105gni\u0119\u0107 ostrza, a Tw\u00f3j n\u00f3\u017c b\u0119dzie mia\u0142 wyj\u0105tkowo ostr\u0105 kraw\u0119d\u017a tn\u0105c\u0105 bez naci\u0119\u0107 i zadrapa\u0144.Dowodem tego b\u0119d\u0105 ryby, dziczyzna i warzywa.<\/p>\n","protected":false},"excerpt":{"rendered":"<p>Prosta i funkcjonalna ostrza\u0142ka do no\u017cy.<br \/>\n<strong>Opatentowany<\/strong> system mielenia.<br \/>\nWyprodukowano w <strong>Austrii<\/strong> .<\/p>\n","protected":false},"featured_media":175758,"comment_status":"open","ping_status":"closed","template":"","meta":[],"pwb-brand":[3367],"product_brand":[],"product_cat":[3345],"product_tag":[],"class_list":{"0":"post-307341","1":"product","2":"type-product","3":"status-publish","4":"has-post-thumbnail","6":"pwb-brand-wulkan","7":"product_cat-tarcze-szlifierskie-i-stal","9":"first","10":"instock","11":"taxable","12":"shipping-taxable","13":"purchasable","14":"product-type-simple"},"brands":[{"id":3367,"name":"Wulkan","slug":"wulkan"}],"_links":{"self":[{"href":"https:\/\/www.moskito.cz\/pl\/wp-json\/wp\/v2\/product\/307341","targetHints":{"allow":["GET"]}}],"collection":[{"href":"https:\/\/www.moskito.cz\/pl\/wp-json\/wp\/v2\/product"}],"about":[{"href":"https:\/\/www.moskito.cz\/pl\/wp-json\/wp\/v2\/types\/product"}],"replies":[{"embeddable":true,"href":"https:\/\/www.moskito.cz\/pl\/wp-json\/wp\/v2\/comments?post=307341"}],"wp:featuredmedia":[{"embeddable":true,"href":"https:\/\/www.moskito.cz\/pl\/wp-json\/wp\/v2\/media\/175758"}],"wp:attachment":[{"href":"https:\/\/www.moskito.cz\/pl\/wp-json\/wp\/v2\/media?parent=307341"}],"wp:term":[{"taxonomy":"pwb-brand","embeddable":true,"href":"https:\/\/www.moskito.cz\/pl\/wp-json\/wp\/v2\/pwb-brand?post=307341"},{"taxonomy":"product_brand","embeddable":true,"href":"https:\/\/www.moskito.cz\/pl\/wp-json\/wp\/v2\/product_brand?post=307341"},{"taxonomy":"product_cat","embeddable":true,"href":"https:\/\/www.moskito.cz\/pl\/wp-json\/wp\/v2\/product_cat?post=307341"},{"taxonomy":"product_tag","embeddable":true,"href":"https:\/\/www.moskito.cz\/pl\/wp-json\/wp\/v2\/product_tag?post=307341"}],"curies":[{"name":"wp","href":"https:\/\/api.w.org\/{rel}","templated":true}]}}