{"id":307360,"date":"2019-08-31T08:38:34","date_gmt":"2024-02-06T10:56:30","guid":{"rendered":"https:\/\/www.moskito.cz\/produkt\/noz-zamykany-joker-butterfly-jkr0595\/"},"modified":"2025-07-11T07:49:43","modified_gmt":"2025-07-11T06:49:43","slug":"noz-zamykany-joker-butterfly-jkr0595","status":"publish","type":"product","link":"https:\/\/www.moskito.cz\/pl\/produkt\/noz-zamykany-joker-butterfly-jkr0595\/","title":{"rendered":"N\u00f3\u017c zamykany Joker Butterfly JKR0595"},"content":{"rendered":"<p>N\u00f3\u017c zamykany <strong>Joker<\/strong> Butterfly JKR0595.<\/p>\n<p>No\u017ce Joker pochodz\u0105 z hiszpa\u0144skiego miasta Albacete, kt\u00f3re s\u0142ynie z produkcji no\u017cy.<br \/>\nKlasyczny n\u00f3\u017c sk\u0142adany typu motylkowego. Wszystkie elementy no\u017ca wykonane s\u0105 z bardzo wytrzyma\u0142ej stali nierdzewnej. Dwucz\u0119\u015bciowa, stalowa r\u0105czka zabezpieczona jest w pozycji zamkni\u0119tej za pomoc\u0105 zatrzasku zabezpieczaj\u0105cego. Dzi\u0119ki temu no\u017cem mo\u017cna bezpiecznie wykonywa\u0107 wszelkiego rodzaju triki. D\u0142ugo\u015b\u0107 ostrza wynosi 9 cm. Ca\u0142kowita d\u0142ugo\u015b\u0107 wynosi 23 cm.<\/p>\n","protected":false},"excerpt":{"rendered":"<p>No\u017ce <strong>Joker<\/strong> pochodz\u0105 z hiszpa\u0144skiego miasta Albacete, kt\u00f3re s\u0142ynie z produkcji no\u017cy.<br \/>\nKlasyczny n\u00f3\u017c sk\u0142adany typu motylkowego. Wszystkie elementy no\u017ca wykonane s\u0105 z bardzo wytrzyma\u0142ej stali nierdzewnej.<\/p>\n","protected":false},"featured_media":180147,"comment_status":"open","ping_status":"closed","template":"","meta":[],"pwb-brand":[3393],"product_brand":[],"product_cat":[3547,3296],"product_tag":[],"class_list":{"0":"post-307360","1":"product","2":"type-product","3":"status-publish","4":"has-post-thumbnail","6":"pwb-brand-zartownis","7":"product_cat-muszki","8":"product_cat-noze-pl","10":"first","11":"instock","12":"sale","13":"taxable","14":"shipping-taxable","15":"purchasable","16":"product-type-simple"},"brands":[{"id":3393,"name":"\u017bartowni\u015b","slug":"zartownis"}],"_links":{"self":[{"href":"https:\/\/www.moskito.cz\/pl\/wp-json\/wp\/v2\/product\/307360","targetHints":{"allow":["GET"]}}],"collection":[{"href":"https:\/\/www.moskito.cz\/pl\/wp-json\/wp\/v2\/product"}],"about":[{"href":"https:\/\/www.moskito.cz\/pl\/wp-json\/wp\/v2\/types\/product"}],"replies":[{"embeddable":true,"href":"https:\/\/www.moskito.cz\/pl\/wp-json\/wp\/v2\/comments?post=307360"}],"wp:featuredmedia":[{"embeddable":true,"href":"https:\/\/www.moskito.cz\/pl\/wp-json\/wp\/v2\/media\/180147"}],"wp:attachment":[{"href":"https:\/\/www.moskito.cz\/pl\/wp-json\/wp\/v2\/media?parent=307360"}],"wp:term":[{"taxonomy":"pwb-brand","embeddable":true,"href":"https:\/\/www.moskito.cz\/pl\/wp-json\/wp\/v2\/pwb-brand?post=307360"},{"taxonomy":"product_brand","embeddable":true,"href":"https:\/\/www.moskito.cz\/pl\/wp-json\/wp\/v2\/product_brand?post=307360"},{"taxonomy":"product_cat","embeddable":true,"href":"https:\/\/www.moskito.cz\/pl\/wp-json\/wp\/v2\/product_cat?post=307360"},{"taxonomy":"product_tag","embeddable":true,"href":"https:\/\/www.moskito.cz\/pl\/wp-json\/wp\/v2\/product_tag?post=307360"}],"curies":[{"name":"wp","href":"https:\/\/api.w.org\/{rel}","templated":true}]}}