{"id":307367,"date":"2019-08-30T18:48:50","date_gmt":"2024-02-06T10:56:33","guid":{"rendered":"https:\/\/www.moskito.cz\/produkt\/noz-zamykany-joker-butterfly-jkr0451\/"},"modified":"2025-07-11T07:49:42","modified_gmt":"2025-07-11T06:49:42","slug":"noz-zamykany-joker-butterfly-jkr0451","status":"publish","type":"product","link":"https:\/\/www.moskito.cz\/pl\/produkt\/noz-zamykany-joker-butterfly-jkr0451\/","title":{"rendered":"N\u00f3\u017c zamykany Joker Butterfly JKR0451"},"content":{"rendered":"<p>N\u00f3\u017c zamykany Joker Butterfly JKR0451.<\/p>\n<p>No\u017ce Joker pochodz\u0105 z hiszpa\u0144skiego miasta Albacete, kt\u00f3re s\u0142ynie z produkcji no\u017cy.<br \/>\nKlasyczny n\u00f3\u017c sk\u0142adany typu motylkowego. Wszystkie elementy no\u017ca wykonane s\u0105 z bardzo wytrzyma\u0142ej stali nierdzewnej. Dwucz\u0119\u015bciowa, stalowa r\u0105czka zabezpieczona jest w pozycji zamkni\u0119tej za pomoc\u0105 zatrzasku zabezpieczaj\u0105cego. Dzi\u0119ki temu no\u017cem mo\u017cna bezpiecznie wykonywa\u0107 wszelkiego rodzaju triki. D\u0142ugo\u015b\u0107 ostrza wynosi 9 cm. Ca\u0142kowita d\u0142ugo\u015b\u0107 wynosi 22 cm.<\/p>\n","protected":false},"excerpt":{"rendered":"<p><strong>N\u00f3\u017c<\/strong> zamykaj\u0105cy motyl.<\/p>\n","protected":false},"featured_media":180154,"comment_status":"open","ping_status":"closed","template":"","meta":[],"pwb-brand":[3393],"product_brand":[],"product_cat":[3547,3296],"product_tag":[],"class_list":{"0":"post-307367","1":"product","2":"type-product","3":"status-publish","4":"has-post-thumbnail","6":"pwb-brand-zartownis","7":"product_cat-muszki","8":"product_cat-noze-pl","10":"first","11":"outofstock","12":"taxable","13":"shipping-taxable","14":"purchasable","15":"product-type-simple"},"brands":[{"id":3393,"name":"\u017bartowni\u015b","slug":"zartownis"}],"_links":{"self":[{"href":"https:\/\/www.moskito.cz\/pl\/wp-json\/wp\/v2\/product\/307367","targetHints":{"allow":["GET"]}}],"collection":[{"href":"https:\/\/www.moskito.cz\/pl\/wp-json\/wp\/v2\/product"}],"about":[{"href":"https:\/\/www.moskito.cz\/pl\/wp-json\/wp\/v2\/types\/product"}],"replies":[{"embeddable":true,"href":"https:\/\/www.moskito.cz\/pl\/wp-json\/wp\/v2\/comments?post=307367"}],"wp:featuredmedia":[{"embeddable":true,"href":"https:\/\/www.moskito.cz\/pl\/wp-json\/wp\/v2\/media\/180154"}],"wp:attachment":[{"href":"https:\/\/www.moskito.cz\/pl\/wp-json\/wp\/v2\/media?parent=307367"}],"wp:term":[{"taxonomy":"pwb-brand","embeddable":true,"href":"https:\/\/www.moskito.cz\/pl\/wp-json\/wp\/v2\/pwb-brand?post=307367"},{"taxonomy":"product_brand","embeddable":true,"href":"https:\/\/www.moskito.cz\/pl\/wp-json\/wp\/v2\/product_brand?post=307367"},{"taxonomy":"product_cat","embeddable":true,"href":"https:\/\/www.moskito.cz\/pl\/wp-json\/wp\/v2\/product_cat?post=307367"},{"taxonomy":"product_tag","embeddable":true,"href":"https:\/\/www.moskito.cz\/pl\/wp-json\/wp\/v2\/product_tag?post=307367"}],"curies":[{"name":"wp","href":"https:\/\/api.w.org\/{rel}","templated":true}]}}