{"id":307388,"date":"2019-09-08T16:30:42","date_gmt":"2024-02-06T10:56:42","guid":{"rendered":"https:\/\/www.moskito.cz\/produkt\/noz-zamykajacy-joker-no-17\/"},"modified":"2025-07-11T07:49:51","modified_gmt":"2025-07-11T06:49:51","slug":"noz-zamykajacy-joker-no-17","status":"publish","type":"product","link":"https:\/\/www.moskito.cz\/pl\/produkt\/noz-zamykajacy-joker-no-17\/","title":{"rendered":"N\u00f3\u017c zamykaj\u0105cy Joker NO-17"},"content":{"rendered":"<p>N\u00f3\u017c zamykaj\u0105cy Joker NO-17.<\/p>\n<p>No\u017ce <strong>Joker<\/strong> pochodz\u0105 z hiszpa\u0144skiego miasta Albacete, kt\u00f3re s\u0142ynie z tradycyjnej produkcji no\u017cy i sztylet\u00f3w.<\/p>\n<p>Oryginalny n\u00f3\u017c znanego na ca\u0142ym \u015bwiecie hiszpa\u0144skiego producenta najwy\u017cszej jako\u015bci no\u017cy Joker. Stal nierdzewna molibdenowo-wanadowa zapewnia wysok\u0105 jako\u015b\u0107 i wytrzyma\u0142o\u015b\u0107 ostrza. R\u0119koje\u015b\u0107 wykonana z luksusowego drewna oliwnego przyczynia si\u0119 do perfekcji.<\/p>\n<p>D\u0142ugo\u015b\u0107 ca\u0142kowita: 205 mm<br \/>\nD\u0142ugo\u015b\u0107 ostrza: 90 mm<br \/>\nGrubo\u015b\u0107 ostrza: 2,7 mm<br \/>\nWaga: 140 g<\/p>\n<p>N\u00d3\u017b SK\u0141ADANY MY\u015aLIWSKI JOKER TERRIER Z UCHWYTEM Z DREWNA OLIWNEGO WZMOCNIENIE SS I OSTRZA D\u0141UGO\u015a\u0106 9 CM.<br \/>\nNIE17<br \/>\nCechy produktu:<\/p>\n<p>N\u00f3\u017c my\u015bliwski<br \/>\nModel: Terier<br \/>\nOdniesienie: NO17<br \/>\nStal: Inox MOVA 1.4116<br \/>\nTwardo\u015b\u0107: 55 &#8211; 57 HRC<br \/>\nR\u0119koje\u015b\u0107: drewno oliwne<br \/>\nzamek tylny<br \/>\nKo\u0144c\u00f3wka ostrza: Punkt opadania<br \/>\nOstrze o satynowym wyko\u0144czeniu<br \/>\nZ\u0105bkowany grzbiet<br \/>\nWa\u0142ek: S.stal<br \/>\nD\u0142ugo\u015b\u0107 ostrza: 9 cm<br \/>\nSzeroko\u015b\u0107 ostrza: 2,45 cm<br \/>\nGrubo\u015b\u0107 blachy: 2,5mm<br \/>\nWaga no\u017ca: 140 gram\u00f3w<br \/>\nZaprojektowane i wykonane w Hiszpanii (Albacete)<\/p>\n","protected":false},"excerpt":{"rendered":"<p>No\u017ce <strong>Joker<\/strong> pochodz\u0105 z hiszpa\u0144skiego miasta Albacete, kt\u00f3re s\u0142ynie z tradycyjnej produkcji no\u017cy i sztylet\u00f3w.<br \/>\n<strong>Zaprojektowane i wykonane w Hiszpanii (Albacete)<\/strong><\/p>\n","protected":false},"featured_media":192745,"comment_status":"open","ping_status":"closed","template":"","meta":[],"pwb-brand":[3393],"product_brand":[],"product_cat":[3296,3307],"product_tag":[],"class_list":{"0":"post-307388","1":"product","2":"type-product","3":"status-publish","4":"has-post-thumbnail","6":"pwb-brand-zartownis","7":"product_cat-noze-pl","8":"product_cat-zamykanie-nozy","10":"first","11":"instock","12":"taxable","13":"shipping-taxable","14":"purchasable","15":"product-type-simple"},"brands":[{"id":3393,"name":"\u017bartowni\u015b","slug":"zartownis"}],"_links":{"self":[{"href":"https:\/\/www.moskito.cz\/pl\/wp-json\/wp\/v2\/product\/307388","targetHints":{"allow":["GET"]}}],"collection":[{"href":"https:\/\/www.moskito.cz\/pl\/wp-json\/wp\/v2\/product"}],"about":[{"href":"https:\/\/www.moskito.cz\/pl\/wp-json\/wp\/v2\/types\/product"}],"replies":[{"embeddable":true,"href":"https:\/\/www.moskito.cz\/pl\/wp-json\/wp\/v2\/comments?post=307388"}],"wp:featuredmedia":[{"embeddable":true,"href":"https:\/\/www.moskito.cz\/pl\/wp-json\/wp\/v2\/media\/192745"}],"wp:attachment":[{"href":"https:\/\/www.moskito.cz\/pl\/wp-json\/wp\/v2\/media?parent=307388"}],"wp:term":[{"taxonomy":"pwb-brand","embeddable":true,"href":"https:\/\/www.moskito.cz\/pl\/wp-json\/wp\/v2\/pwb-brand?post=307388"},{"taxonomy":"product_brand","embeddable":true,"href":"https:\/\/www.moskito.cz\/pl\/wp-json\/wp\/v2\/product_brand?post=307388"},{"taxonomy":"product_cat","embeddable":true,"href":"https:\/\/www.moskito.cz\/pl\/wp-json\/wp\/v2\/product_cat?post=307388"},{"taxonomy":"product_tag","embeddable":true,"href":"https:\/\/www.moskito.cz\/pl\/wp-json\/wp\/v2\/product_tag?post=307388"}],"curies":[{"name":"wp","href":"https:\/\/api.w.org\/{rel}","templated":true}]}}