{"id":307418,"date":"2019-08-31T19:15:31","date_gmt":"2024-02-06T10:56:51","guid":{"rendered":"https:\/\/www.moskito.cz\/produkt\/noz-zamykajacy-joker-no119\/"},"modified":"2025-07-11T07:49:45","modified_gmt":"2025-07-11T06:49:45","slug":"noz-zamykajacy-joker-no119","status":"publish","type":"product","link":"https:\/\/www.moskito.cz\/pl\/produkt\/noz-zamykajacy-joker-no119\/","title":{"rendered":"N\u00f3\u017c zamykaj\u0105cy Joker NO119"},"content":{"rendered":"<p>N\u00f3\u017c zamykaj\u0105cy Joker NO119.<\/p>\n<p>No\u017ce Joker pochodz\u0105 z hiszpa\u0144skiego miasta Albacete, kt\u00f3re s\u0142ynie z tradycyjnej produkcji no\u017cy i sztylet\u00f3w.<\/p>\n<p>Szczeg\u00f3\u0142y produktu:<\/p>\n<p>N\u00f3\u017c Joker NO119<\/p>\n<p>\u00b7 D\u0142ugo\u015b\u0107 ostrza: 90 mm<\/p>\n<p>\u00b7 Stal: molibdenowo-wanadowa<\/p>\n<p>\u00b7 Materia\u0142 r\u0119koje\u015bci: palisander &#8211; oliwka<\/p>\n<p>N\u00d3\u017b SK\u0141ADANY Z DREWNA OLIWKI 9 CM Z BLOKAD\u0104 TYLN\u0104 WSPORNIK Z DREWNA R\u00d3\u017bOWEGO OSTRZE ZE STALI NIERDZEWNEJ.<br \/>\nNIE119<br \/>\nCechy produktu:<\/p>\n<p>Ostrze: molibdenowo-wanadowe<br \/>\nR\u0119koje\u015b\u0107: Palisander &#8211; Oliwka<br \/>\n9 cm &#8211; 110 gr<\/p>\n","protected":false},"excerpt":{"rendered":"<p>No\u017ce <strong>Joker<\/strong> pochodz\u0105 z hiszpa\u0144skiego miasta Albacete, kt\u00f3re s\u0142ynie z tradycyjnej produkcji no\u017cy i sztylet\u00f3w.<br \/>\n<strong>Zaprojektowane i wykonane w Hiszpanii (Albacete)<\/strong><\/p>\n","protected":false},"featured_media":192729,"comment_status":"open","ping_status":"closed","template":"","meta":[],"pwb-brand":[3393],"product_brand":[],"product_cat":[3296,3307],"product_tag":[],"class_list":{"0":"post-307418","1":"product","2":"type-product","3":"status-publish","4":"has-post-thumbnail","6":"pwb-brand-zartownis","7":"product_cat-noze-pl","8":"product_cat-zamykanie-nozy","10":"first","11":"outofstock","12":"taxable","13":"shipping-taxable","14":"purchasable","15":"product-type-simple"},"brands":[{"id":3393,"name":"\u017bartowni\u015b","slug":"zartownis"}],"_links":{"self":[{"href":"https:\/\/www.moskito.cz\/pl\/wp-json\/wp\/v2\/product\/307418","targetHints":{"allow":["GET"]}}],"collection":[{"href":"https:\/\/www.moskito.cz\/pl\/wp-json\/wp\/v2\/product"}],"about":[{"href":"https:\/\/www.moskito.cz\/pl\/wp-json\/wp\/v2\/types\/product"}],"replies":[{"embeddable":true,"href":"https:\/\/www.moskito.cz\/pl\/wp-json\/wp\/v2\/comments?post=307418"}],"wp:featuredmedia":[{"embeddable":true,"href":"https:\/\/www.moskito.cz\/pl\/wp-json\/wp\/v2\/media\/192729"}],"wp:attachment":[{"href":"https:\/\/www.moskito.cz\/pl\/wp-json\/wp\/v2\/media?parent=307418"}],"wp:term":[{"taxonomy":"pwb-brand","embeddable":true,"href":"https:\/\/www.moskito.cz\/pl\/wp-json\/wp\/v2\/pwb-brand?post=307418"},{"taxonomy":"product_brand","embeddable":true,"href":"https:\/\/www.moskito.cz\/pl\/wp-json\/wp\/v2\/product_brand?post=307418"},{"taxonomy":"product_cat","embeddable":true,"href":"https:\/\/www.moskito.cz\/pl\/wp-json\/wp\/v2\/product_cat?post=307418"},{"taxonomy":"product_tag","embeddable":true,"href":"https:\/\/www.moskito.cz\/pl\/wp-json\/wp\/v2\/product_tag?post=307418"}],"curies":[{"name":"wp","href":"https:\/\/api.w.org\/{rel}","templated":true}]}}