{"id":307419,"date":"2019-09-11T18:42:34","date_gmt":"2024-02-06T10:56:52","guid":{"rendered":"https:\/\/www.moskito.cz\/produkt\/noz-zamykajacy-joker-nr-96\/"},"modified":"2025-07-11T07:49:52","modified_gmt":"2025-07-11T06:49:52","slug":"noz-zamykajacy-joker-nr-96","status":"publish","type":"product","link":"https:\/\/www.moskito.cz\/pl\/produkt\/noz-zamykajacy-joker-nr-96\/","title":{"rendered":"N\u00f3\u017c zamykaj\u0105cy Joker NR-96"},"content":{"rendered":"<p>N\u00f3\u017c zamykaj\u0105cy Joker NR-96.<\/p>\n<p>No\u017ce <strong>Joker<\/strong> pochodz\u0105 z hiszpa\u0144skiego miasta Albacete, kt\u00f3re s\u0142ynie z tradycyjnej produkcji no\u017cy i sztylet\u00f3w.<\/p>\n<p>Szczeg\u00f3\u0142y produktu:<\/p>\n<p>N\u00f3\u017c Joker NR43<\/p>\n<p>\u00b7 D\u0142ugo\u015b\u0107 ostrza: 80 mm<\/p>\n<p>\u00b7 Stal: MOVA<\/p>\n<p>\u00b7 Materia\u0142 r\u0119koje\u015bci: Wytrzyma\u0142o\u015b\u0107<\/p>\n","protected":false},"excerpt":{"rendered":"<p>No\u017ce <strong>Joker<\/strong> pochodz\u0105 z hiszpa\u0144skiego miasta Albacete, kt\u00f3re s\u0142ynie z tradycyjnej produkcji no\u017cy i sztylet\u00f3w.<br \/>\nZaprojektowane i wykonane w Hiszpanii (Albacete)<\/p>\n","protected":false},"featured_media":192735,"comment_status":"open","ping_status":"closed","template":"","meta":[],"pwb-brand":[3393],"product_brand":[],"product_cat":[3296,3307],"product_tag":[],"class_list":{"0":"post-307419","1":"product","2":"type-product","3":"status-publish","4":"has-post-thumbnail","6":"pwb-brand-zartownis","7":"product_cat-noze-pl","8":"product_cat-zamykanie-nozy","10":"first","11":"instock","12":"taxable","13":"shipping-taxable","14":"purchasable","15":"product-type-simple"},"brands":[{"id":3393,"name":"\u017bartowni\u015b","slug":"zartownis"}],"_links":{"self":[{"href":"https:\/\/www.moskito.cz\/pl\/wp-json\/wp\/v2\/product\/307419","targetHints":{"allow":["GET"]}}],"collection":[{"href":"https:\/\/www.moskito.cz\/pl\/wp-json\/wp\/v2\/product"}],"about":[{"href":"https:\/\/www.moskito.cz\/pl\/wp-json\/wp\/v2\/types\/product"}],"replies":[{"embeddable":true,"href":"https:\/\/www.moskito.cz\/pl\/wp-json\/wp\/v2\/comments?post=307419"}],"wp:featuredmedia":[{"embeddable":true,"href":"https:\/\/www.moskito.cz\/pl\/wp-json\/wp\/v2\/media\/192735"}],"wp:attachment":[{"href":"https:\/\/www.moskito.cz\/pl\/wp-json\/wp\/v2\/media?parent=307419"}],"wp:term":[{"taxonomy":"pwb-brand","embeddable":true,"href":"https:\/\/www.moskito.cz\/pl\/wp-json\/wp\/v2\/pwb-brand?post=307419"},{"taxonomy":"product_brand","embeddable":true,"href":"https:\/\/www.moskito.cz\/pl\/wp-json\/wp\/v2\/product_brand?post=307419"},{"taxonomy":"product_cat","embeddable":true,"href":"https:\/\/www.moskito.cz\/pl\/wp-json\/wp\/v2\/product_cat?post=307419"},{"taxonomy":"product_tag","embeddable":true,"href":"https:\/\/www.moskito.cz\/pl\/wp-json\/wp\/v2\/product_tag?post=307419"}],"curies":[{"name":"wp","href":"https:\/\/api.w.org\/{rel}","templated":true}]}}