{"id":307421,"date":"2019-09-01T13:55:40","date_gmt":"2024-02-06T10:56:53","guid":{"rendered":"https:\/\/www.moskito.cz\/produkt\/noz-strzelecki-microtech-ludt-135-10\/"},"modified":"2025-07-11T07:49:47","modified_gmt":"2025-07-11T06:49:47","slug":"noz-strzelecki-microtech-ludt-135-10","status":"publish","type":"product","link":"https:\/\/www.moskito.cz\/pl\/produkt\/noz-strzelecki-microtech-ludt-135-10\/","title":{"rendered":"N\u00f3\u017c strzelecki Microtech LUDT 135-10"},"content":{"rendered":"<p>N\u00f3\u017c strzelecki <strong>Microtech LUDT<\/strong> 135-10.<br \/>\nN\u00f3\u017c strzelecki.<\/p>\n<p>N\u00f3\u017c strzelecki <strong>Microtech<\/strong> LUDT 135-10 &#8211; LUDT powraca i jest lepszy ni\u017c kiedykolwiek! Znacz\u0105ce zmiany w no\u017cu automatycznym LUDT mo\u017cna zobaczy\u0107 w ca\u0142ej okaza\u0142o\u015bci, ale najbardziej uderzaj\u0105c\u0105 r\u00f3\u017cnic\u0105 jest zmieniony profil, z podwy\u017cszon\u0105 ramp\u0105 pod kciuk i g\u0142adkim, ukoronowanym grzbietem.<\/p>\n<p>Kszta\u0142t odrzutu wida\u0107 w frezowanych rowkach sto\u017ckowego chwytu z aluminium 6061-T6, kt\u00f3rego pocz\u0105tki si\u0119gaj\u0105 modeli z pocz\u0105tku XXI wieku. LUDT jest tym, co uwa\u017camy za \u201eperfekcj\u0119 cenow\u0105\u201d. \u0141\u0105czy w sobie precyzyjne wykonanie, najwy\u017cszej jako\u015bci materia\u0142y i ponadczasowy design.<\/p>\n<p>Ponad 20 lat temu Anthony Marfione przedstawi\u0142 UDT (Underwater Demolition Team), kompaktowy n\u00f3\u017c automatyczny, kt\u00f3ry natychmiast sta\u0142 si\u0119 hitem w\u015br\u00f3d entuzjast\u00f3w no\u017cy. Wkr\u00f3tce potem pojawi\u0142 si\u0119 du\u017cy UDT, czyli LUDT, kt\u00f3ry od tego czasu jest produkowany sporadycznie.<\/p>\n<p>D\u0142ugo\u015b\u0107 ca\u0142kowita: 20cm<br \/>\nD\u0142ugo\u015b\u0107 ostrza: 8,5 cm<br \/>\nGrubo\u015b\u0107 ostrza: 0,33 cm<br \/>\nMateria\u0142 ostrza: M390<\/p>\n<p>Stal: Elmax<br \/>\nStyl ostrza: Drop Point<br \/>\nWstawki: p\u0142askie<br \/>\nTyp obramowania: Zwyk\u0142y<br \/>\nMateria\u0142 r\u0119koje\u015bci: aluminium<br \/>\nWaga: 3,62 uncji<br \/>\nU\u017cytkownik: Prawa r\u0119ka<br \/>\nKieszonkowy klips: Tip-Up<br \/>\nTyp no\u017ca: Automatyczny<br \/>\nOtwieracz: Przycisk<br \/>\nTyp blokady: Blokada<br \/>\nMarka: Microtech<br \/>\nModelka: LUDT<br \/>\nNumer modelu: 135-10<br \/>\nKraj pochodzenia: USA<br \/>\nNajlepsze zastosowanie: taktyczne<\/p>\n<div class=\"description\">\n<p><iframe title=\"Microtech Combat Troodon Torture Test\" width=\"800\" height=\"450\" src=\"https:\/\/www.youtube.com\/embed\/xE9TeOFYEjg?feature=oembed\" frameborder=\"0\" allow=\"accelerometer; autoplay; clipboard-write; encrypted-media; gyroscope; picture-in-picture; web-share\" allowfullscreen><\/iframe><\/p>\n<p>&nbsp;<\/p>\n<\/div>\n","protected":false},"excerpt":{"rendered":"<p>Przez lata <strong>Microtech\u00ae Knives<\/strong> wype\u0142nia\u0142 no\u017ce pasj\u0105 i umiej\u0119tno\u015bciami, aby stworzy\u0107 niemal dzie\u0142a sztuki, kt\u00f3re s\u0105 szczytem funkcjonalno\u015bci.Wszystkie cz\u0119\u015bci s\u0105 produkowane w USA.<br \/>\n<strong>Wszystkie no\u017ce Microtech obj\u0119te s\u0105 do\u017cywotni\u0105 gwarancj\u0105.<\/strong><\/p>\n<p><strong>Bezp\u0142atny transport.<\/strong><\/p>\n","protected":false},"featured_media":215178,"comment_status":"open","ping_status":"closed","template":"","meta":[],"pwb-brand":[3279],"product_brand":[],"product_cat":[3296,3344],"product_tag":[3671],"class_list":{"0":"post-307421","1":"product","2":"type-product","3":"status-publish","4":"has-post-thumbnail","6":"pwb-brand-microtech-pl","7":"product_cat-noze-pl","8":"product_cat-noze-strzeleckie","9":"product_tag-b2b-pl","11":"first","12":"outofstock","13":"taxable","14":"shipping-taxable","15":"purchasable","16":"product-type-simple"},"brands":[{"id":3279,"name":"Microtech","slug":"microtech-pl"}],"_links":{"self":[{"href":"https:\/\/www.moskito.cz\/pl\/wp-json\/wp\/v2\/product\/307421","targetHints":{"allow":["GET"]}}],"collection":[{"href":"https:\/\/www.moskito.cz\/pl\/wp-json\/wp\/v2\/product"}],"about":[{"href":"https:\/\/www.moskito.cz\/pl\/wp-json\/wp\/v2\/types\/product"}],"replies":[{"embeddable":true,"href":"https:\/\/www.moskito.cz\/pl\/wp-json\/wp\/v2\/comments?post=307421"}],"wp:featuredmedia":[{"embeddable":true,"href":"https:\/\/www.moskito.cz\/pl\/wp-json\/wp\/v2\/media\/215178"}],"wp:attachment":[{"href":"https:\/\/www.moskito.cz\/pl\/wp-json\/wp\/v2\/media?parent=307421"}],"wp:term":[{"taxonomy":"pwb-brand","embeddable":true,"href":"https:\/\/www.moskito.cz\/pl\/wp-json\/wp\/v2\/pwb-brand?post=307421"},{"taxonomy":"product_brand","embeddable":true,"href":"https:\/\/www.moskito.cz\/pl\/wp-json\/wp\/v2\/product_brand?post=307421"},{"taxonomy":"product_cat","embeddable":true,"href":"https:\/\/www.moskito.cz\/pl\/wp-json\/wp\/v2\/product_cat?post=307421"},{"taxonomy":"product_tag","embeddable":true,"href":"https:\/\/www.moskito.cz\/pl\/wp-json\/wp\/v2\/product_tag?post=307421"}],"curies":[{"name":"wp","href":"https:\/\/api.w.org\/{rel}","templated":true}]}}