{"id":307430,"date":"2019-09-08T18:20:09","date_gmt":"2024-02-06T10:56:55","guid":{"rendered":"https:\/\/www.moskito.cz\/produkt\/noz-zamykajacy-joker-no43\/"},"modified":"2025-07-11T07:49:52","modified_gmt":"2025-07-11T06:49:52","slug":"noz-zamykajacy-joker-no43","status":"publish","type":"product","link":"https:\/\/www.moskito.cz\/pl\/produkt\/noz-zamykajacy-joker-no43\/","title":{"rendered":"N\u00f3\u017c zamykaj\u0105cy Joker NO43"},"content":{"rendered":"<p>N\u00f3\u017c zamykaj\u0105cy Joker NO43.<\/p>\n<p>No\u017ce <strong>Joker<\/strong> pochodz\u0105 z hiszpa\u0144skiego miasta Albacete, kt\u00f3re s\u0142ynie z tradycyjnej produkcji no\u017cy i sztylet\u00f3w.<br \/>\nOstrze o d\u0142ugo\u015bci 8 cm wykonane zosta\u0142o z wysokiej jako\u015bci stali molibdenowo-wanadowej o w\u0142a\u015bciwo\u015bciach nierdzewnych. Do r\u0119koje\u015bci do\u0142\u0105czone s\u0105 r\u0119koje\u015bci z drewna oliwnego. D\u0142ugo\u015b\u0107 ostrza wynosi 8 cm.<\/p>\n<p>DREWNO OLIWKOWE D\u0141UGO\u015a\u0106 OSTRZA 8 CM Z BLOKAD\u0104 TY\u0141 SK\u0141ADANY N\u00d3\u017b WBUDOWA ZE STALI NIERDZEWNEJ.<br \/>\nNIE43<br \/>\nCechy produktu:<\/p>\n<p>Ostrze: molibdenowo-wanadowe<br \/>\nWa\u0142ek: SS<br \/>\nR\u0119koje\u015b\u0107: drewno oliwne<br \/>\n8 cm &#8211; 85 gr<\/p>\n","protected":false},"excerpt":{"rendered":"<p>No\u017ce <strong>Joker<\/strong> pochodz\u0105 z hiszpa\u0144skiego miasta Albacete, kt\u00f3re s\u0142ynie z tradycyjnej produkcji no\u017cy i sztylet\u00f3w.<br \/>\n<strong>Zaprojektowane i wykonane w Hiszpanii (Albacete)<\/strong><\/p>\n","protected":false},"featured_media":192739,"comment_status":"open","ping_status":"closed","template":"","meta":[],"pwb-brand":[3393],"product_brand":[],"product_cat":[3296,3307],"product_tag":[],"class_list":{"0":"post-307430","1":"product","2":"type-product","3":"status-publish","4":"has-post-thumbnail","6":"pwb-brand-zartownis","7":"product_cat-noze-pl","8":"product_cat-zamykanie-nozy","10":"first","11":"instock","12":"taxable","13":"shipping-taxable","14":"purchasable","15":"product-type-simple"},"brands":[{"id":3393,"name":"\u017bartowni\u015b","slug":"zartownis"}],"_links":{"self":[{"href":"https:\/\/www.moskito.cz\/pl\/wp-json\/wp\/v2\/product\/307430","targetHints":{"allow":["GET"]}}],"collection":[{"href":"https:\/\/www.moskito.cz\/pl\/wp-json\/wp\/v2\/product"}],"about":[{"href":"https:\/\/www.moskito.cz\/pl\/wp-json\/wp\/v2\/types\/product"}],"replies":[{"embeddable":true,"href":"https:\/\/www.moskito.cz\/pl\/wp-json\/wp\/v2\/comments?post=307430"}],"wp:featuredmedia":[{"embeddable":true,"href":"https:\/\/www.moskito.cz\/pl\/wp-json\/wp\/v2\/media\/192739"}],"wp:attachment":[{"href":"https:\/\/www.moskito.cz\/pl\/wp-json\/wp\/v2\/media?parent=307430"}],"wp:term":[{"taxonomy":"pwb-brand","embeddable":true,"href":"https:\/\/www.moskito.cz\/pl\/wp-json\/wp\/v2\/pwb-brand?post=307430"},{"taxonomy":"product_brand","embeddable":true,"href":"https:\/\/www.moskito.cz\/pl\/wp-json\/wp\/v2\/product_brand?post=307430"},{"taxonomy":"product_cat","embeddable":true,"href":"https:\/\/www.moskito.cz\/pl\/wp-json\/wp\/v2\/product_cat?post=307430"},{"taxonomy":"product_tag","embeddable":true,"href":"https:\/\/www.moskito.cz\/pl\/wp-json\/wp\/v2\/product_tag?post=307430"}],"curies":[{"name":"wp","href":"https:\/\/api.w.org\/{rel}","templated":true}]}}