{"id":307433,"date":"2019-09-19T18:46:54","date_gmt":"2024-02-06T10:57:02","guid":{"rendered":"https:\/\/www.moskito.cz\/produkt\/noz-skladany-smithwesson-swmp3\/"},"modified":"2025-07-11T07:49:58","modified_gmt":"2025-07-11T06:49:58","slug":"noz-skladany-smithwesson-swmp3","status":"publish","type":"product","link":"https:\/\/www.moskito.cz\/pl\/produkt\/noz-skladany-smithwesson-swmp3\/","title":{"rendered":"N\u00f3\u017c sk\u0142adany Smith&amp;Wesson SWMP3"},"content":{"rendered":"<p>N\u00f3\u017c sk\u0142adany Smith&amp;Wesson SWMP3.<\/p>\n<p>N\u00f3\u017c Smith Wesson SWMP3 z serii Military and Police, ze wspomaganiem otwierania MAGIC i g\u0142adkim ostrzem. Ostrze wykonano ze stali nierdzewnej 4034, a r\u0119koje\u015b\u0107 z aluminium. Na ko\u0144cu r\u0119koje\u015bci znajduje si\u0119 punkt st\u0142uczenia szk\u0142a.<\/p>\n<p>D\u0142ugo\u015b\u0107 ostrza 7,5 cm<\/p>\n<p>D\u0142ugo\u015b\u0107 r\u0105czki 10,5 cm<\/p>\n<p>D\u0142ugo\u015b\u0107 ca\u0142kowita 18 cm<\/p>\n<p>Waga no\u017ca 117 g  <\/p>\n","protected":false},"excerpt":{"rendered":"<p>Zamykany n\u00f3\u017c  <\/p>\n","protected":false},"featured_media":165529,"comment_status":"open","ping_status":"closed","template":"","meta":[],"pwb-brand":[3442],"product_brand":[],"product_cat":[3296,3307],"product_tag":[],"class_list":{"0":"post-307433","1":"product","2":"type-product","3":"status-publish","4":"has-post-thumbnail","6":"pwb-brand-smith-wesson-pl","7":"product_cat-noze-pl","8":"product_cat-zamykanie-nozy","10":"first","11":"instock","12":"taxable","13":"shipping-taxable","14":"purchasable","15":"product-type-simple"},"brands":[{"id":3442,"name":"Smith &amp; Wesson","slug":"smith-wesson-pl"}],"_links":{"self":[{"href":"https:\/\/www.moskito.cz\/pl\/wp-json\/wp\/v2\/product\/307433","targetHints":{"allow":["GET"]}}],"collection":[{"href":"https:\/\/www.moskito.cz\/pl\/wp-json\/wp\/v2\/product"}],"about":[{"href":"https:\/\/www.moskito.cz\/pl\/wp-json\/wp\/v2\/types\/product"}],"replies":[{"embeddable":true,"href":"https:\/\/www.moskito.cz\/pl\/wp-json\/wp\/v2\/comments?post=307433"}],"wp:featuredmedia":[{"embeddable":true,"href":"https:\/\/www.moskito.cz\/pl\/wp-json\/wp\/v2\/media\/165529"}],"wp:attachment":[{"href":"https:\/\/www.moskito.cz\/pl\/wp-json\/wp\/v2\/media?parent=307433"}],"wp:term":[{"taxonomy":"pwb-brand","embeddable":true,"href":"https:\/\/www.moskito.cz\/pl\/wp-json\/wp\/v2\/pwb-brand?post=307433"},{"taxonomy":"product_brand","embeddable":true,"href":"https:\/\/www.moskito.cz\/pl\/wp-json\/wp\/v2\/product_brand?post=307433"},{"taxonomy":"product_cat","embeddable":true,"href":"https:\/\/www.moskito.cz\/pl\/wp-json\/wp\/v2\/product_cat?post=307433"},{"taxonomy":"product_tag","embeddable":true,"href":"https:\/\/www.moskito.cz\/pl\/wp-json\/wp\/v2\/product_tag?post=307433"}],"curies":[{"name":"wp","href":"https:\/\/api.w.org\/{rel}","templated":true}]}}