{"id":307447,"date":"2019-09-22T14:28:36","date_gmt":"2024-02-06T10:57:06","guid":{"rendered":"https:\/\/www.moskito.cz\/produkt\/noz-skladany-ka-bar-dozier-small-folder-ka4072\/"},"modified":"2025-07-11T07:50:01","modified_gmt":"2025-07-11T06:50:01","slug":"noz-skladany-ka-bar-dozier-small-folder-ka4072","status":"publish","type":"product","link":"https:\/\/www.moskito.cz\/pl\/produkt\/noz-skladany-ka-bar-dozier-small-folder-ka4072\/","title":{"rendered":"N\u00f3\u017c sk\u0142adany Ka-Bar Dozier Small Folder KA4072"},"content":{"rendered":"<p>N\u00f3\u017c zamykaj\u0105cy Ka-Bar Dozier Small Folder KA4072.<\/p>\n<p>D\u0142ugo\u015b\u0107 ostrza: 5,7 cm<br \/>\nD\u0142ugo\u015b\u0107 ca\u0142kowita: 14,6 cm<br \/>\nN\u00f3\u017c ze stali nierdzewnej AUS 8A<br \/>\nMateria\u0142 r\u0119koje\u015bci: Zytel z pow\u0142ok\u0105 antypo\u015blizgow\u0105 i klipsem kieszeniowym ze stali nierdzewnej, bezpiecznik, kolor czarny<\/p>\n","protected":false},"excerpt":{"rendered":"<p>Zamykany n\u00f3\u017c<\/p>\n","protected":false},"featured_media":165618,"comment_status":"open","ping_status":"closed","template":"","meta":[],"pwb-brand":[3436],"product_brand":[],"product_cat":[3296,3307],"product_tag":[],"class_list":{"0":"post-307447","1":"product","2":"type-product","3":"status-publish","4":"has-post-thumbnail","6":"pwb-brand-ka-bar-pl","7":"product_cat-noze-pl","8":"product_cat-zamykanie-nozy","10":"first","11":"outofstock","12":"taxable","13":"shipping-taxable","14":"purchasable","15":"product-type-simple"},"brands":[{"id":3436,"name":"Ka-Bar","slug":"ka-bar-pl"}],"_links":{"self":[{"href":"https:\/\/www.moskito.cz\/pl\/wp-json\/wp\/v2\/product\/307447","targetHints":{"allow":["GET"]}}],"collection":[{"href":"https:\/\/www.moskito.cz\/pl\/wp-json\/wp\/v2\/product"}],"about":[{"href":"https:\/\/www.moskito.cz\/pl\/wp-json\/wp\/v2\/types\/product"}],"replies":[{"embeddable":true,"href":"https:\/\/www.moskito.cz\/pl\/wp-json\/wp\/v2\/comments?post=307447"}],"wp:featuredmedia":[{"embeddable":true,"href":"https:\/\/www.moskito.cz\/pl\/wp-json\/wp\/v2\/media\/165618"}],"wp:attachment":[{"href":"https:\/\/www.moskito.cz\/pl\/wp-json\/wp\/v2\/media?parent=307447"}],"wp:term":[{"taxonomy":"pwb-brand","embeddable":true,"href":"https:\/\/www.moskito.cz\/pl\/wp-json\/wp\/v2\/pwb-brand?post=307447"},{"taxonomy":"product_brand","embeddable":true,"href":"https:\/\/www.moskito.cz\/pl\/wp-json\/wp\/v2\/product_brand?post=307447"},{"taxonomy":"product_cat","embeddable":true,"href":"https:\/\/www.moskito.cz\/pl\/wp-json\/wp\/v2\/product_cat?post=307447"},{"taxonomy":"product_tag","embeddable":true,"href":"https:\/\/www.moskito.cz\/pl\/wp-json\/wp\/v2\/product_tag?post=307447"}],"curies":[{"name":"wp","href":"https:\/\/api.w.org\/{rel}","templated":true}]}}