{"id":307460,"date":"2019-09-18T10:45:59","date_gmt":"2024-02-06T10:57:10","guid":{"rendered":"https:\/\/www.moskito.cz\/produkt\/noz-skladany-boker-2010-damascus\/"},"modified":"2025-07-11T07:49:55","modified_gmt":"2025-07-11T06:49:55","slug":"noz-skladany-boker-2010-damascus","status":"publish","type":"product","link":"https:\/\/www.moskito.cz\/pl\/produkt\/noz-skladany-boker-2010-damascus\/","title":{"rendered":"N\u00f3\u017c sk\u0142adany B\u00f6ker 2010 Damascus"},"content":{"rendered":"<p>N\u00f3\u017c sk\u0142adany <strong>B\u00f6ker<\/strong> 2010 Damascus.<\/p>\n<p>Boker Solingen Anniversary Limited Edition Damascus Canoe 2010. Thomas Damascus, sk\u0142ada\u0142 si\u0119 z 300 warstw r\u0119cznie kutej stali damasce\u0144skiej. Pude\u0142ko prezentacyjne i certyfikat autentyczno\u015bci.<br \/>\nD\u0142ugo\u015b\u0107 ostrza 6,25 i 4,4 cm. Zamkni\u0119te 9,5 cm.<\/p>\n<p>Limitowana edycja kajaka damasce\u0144skiego Boker Solingen 2010. Thomas Damascus, sk\u0142adaj\u0105cy si\u0119 z 300 warstw \u201efaluj\u0105cej\u201d r\u0119cznie kutej stali damasce\u0144skiej. Pude\u0142ko prezentacyjne i certyfikat autentyczno\u015bci. D\u0142ugo\u015b\u0107 ostrza: 2 1\/2&#8243; i 1 3\/4&#8243;. D\u0142ugo\u015b\u0107 zamkni\u0119ta: 3 5\/8&#8243;.<\/p>\n","protected":false},"excerpt":{"rendered":"<p>N\u00f3\u017c sk\u0142adany damasce\u0144ski.<\/p>\n","protected":false},"featured_media":190040,"comment_status":"open","ping_status":"closed","template":"","meta":[],"pwb-brand":[3423],"product_brand":[],"product_cat":[3296,3421],"product_tag":[3671],"class_list":{"0":"post-307460","1":"product","2":"type-product","3":"status-publish","4":"has-post-thumbnail","6":"pwb-brand-bokera","7":"product_cat-noze-pl","8":"product_cat-noze-damascenskie","9":"product_tag-b2b-pl","11":"first","12":"instock","13":"taxable","14":"shipping-taxable","15":"purchasable","16":"product-type-simple"},"brands":[{"id":3423,"name":"Bokera","slug":"bokera"}],"_links":{"self":[{"href":"https:\/\/www.moskito.cz\/pl\/wp-json\/wp\/v2\/product\/307460","targetHints":{"allow":["GET"]}}],"collection":[{"href":"https:\/\/www.moskito.cz\/pl\/wp-json\/wp\/v2\/product"}],"about":[{"href":"https:\/\/www.moskito.cz\/pl\/wp-json\/wp\/v2\/types\/product"}],"replies":[{"embeddable":true,"href":"https:\/\/www.moskito.cz\/pl\/wp-json\/wp\/v2\/comments?post=307460"}],"wp:featuredmedia":[{"embeddable":true,"href":"https:\/\/www.moskito.cz\/pl\/wp-json\/wp\/v2\/media\/190040"}],"wp:attachment":[{"href":"https:\/\/www.moskito.cz\/pl\/wp-json\/wp\/v2\/media?parent=307460"}],"wp:term":[{"taxonomy":"pwb-brand","embeddable":true,"href":"https:\/\/www.moskito.cz\/pl\/wp-json\/wp\/v2\/pwb-brand?post=307460"},{"taxonomy":"product_brand","embeddable":true,"href":"https:\/\/www.moskito.cz\/pl\/wp-json\/wp\/v2\/product_brand?post=307460"},{"taxonomy":"product_cat","embeddable":true,"href":"https:\/\/www.moskito.cz\/pl\/wp-json\/wp\/v2\/product_cat?post=307460"},{"taxonomy":"product_tag","embeddable":true,"href":"https:\/\/www.moskito.cz\/pl\/wp-json\/wp\/v2\/product_tag?post=307460"}],"curies":[{"name":"wp","href":"https:\/\/api.w.org\/{rel}","templated":true}]}}