{"id":307461,"date":"2019-09-21T17:41:33","date_gmt":"2024-02-06T10:57:11","guid":{"rendered":"https:\/\/www.moskito.cz\/produkt\/noz-skladany-smithwesson-ck5cp\/"},"modified":"2025-07-11T07:50:00","modified_gmt":"2025-07-11T06:50:00","slug":"noz-skladany-smithwesson-ck5cp","status":"publish","type":"product","link":"https:\/\/www.moskito.cz\/pl\/produkt\/noz-skladany-smithwesson-ck5cp\/","title":{"rendered":"N\u00f3\u017c sk\u0142adany Smith&amp;Wesson CK5CP"},"content":{"rendered":"<p>N\u00f3\u017c sk\u0142adany <strong>Smith&amp;Wesson<\/strong> CK5CP.<\/p>\n<p>D\u0142ugo\u015b\u0107 no\u017ca w stanie zamkni\u0119tym wynosi 11,2 cm. Ostrze no\u017ca wykonane jest ze stali nierdzewnej, a jego d\u0142ugo\u015b\u0107 wynosi 8,8 cm. N\u00f3\u017c posiada r\u0119koje\u015b\u0107 ze stali nierdzewnej w kolorze szarym oraz klips do kieszeni.<\/p>\n<p>Zamkni\u0119te: 4,5 cala; Ostrze: 3,5 cala l Stal nierdzewna l Standardowa kraw\u0119d\u017a l Matowe wyko\u0144czenie; Uchwyt: Szary l Nierdzewny; Inne informacje: Otw\u00f3r na smycz l Zaczep(y) na kciuk l Kieszonkowy klips. Wk\u0142adka r\u0119koje\u015bci z w\u0142\u00f3kna w\u0119glowego. Powiesi\u0107 w opakowaniu.<\/p>\n","protected":false},"excerpt":{"rendered":"<p>Zamykanie no\u017ca z bezpiecznikiem i klipsem.<\/p>\n","protected":false},"featured_media":165574,"comment_status":"open","ping_status":"closed","template":"","meta":[],"pwb-brand":[3442],"product_brand":[],"product_cat":[3296,3307],"product_tag":[],"class_list":{"0":"post-307461","1":"product","2":"type-product","3":"status-publish","4":"has-post-thumbnail","6":"pwb-brand-smith-wesson-pl","7":"product_cat-noze-pl","8":"product_cat-zamykanie-nozy","10":"first","11":"outofstock","12":"taxable","13":"shipping-taxable","14":"purchasable","15":"product-type-simple"},"brands":[{"id":3442,"name":"Smith &amp; Wesson","slug":"smith-wesson-pl"}],"_links":{"self":[{"href":"https:\/\/www.moskito.cz\/pl\/wp-json\/wp\/v2\/product\/307461","targetHints":{"allow":["GET"]}}],"collection":[{"href":"https:\/\/www.moskito.cz\/pl\/wp-json\/wp\/v2\/product"}],"about":[{"href":"https:\/\/www.moskito.cz\/pl\/wp-json\/wp\/v2\/types\/product"}],"replies":[{"embeddable":true,"href":"https:\/\/www.moskito.cz\/pl\/wp-json\/wp\/v2\/comments?post=307461"}],"wp:featuredmedia":[{"embeddable":true,"href":"https:\/\/www.moskito.cz\/pl\/wp-json\/wp\/v2\/media\/165574"}],"wp:attachment":[{"href":"https:\/\/www.moskito.cz\/pl\/wp-json\/wp\/v2\/media?parent=307461"}],"wp:term":[{"taxonomy":"pwb-brand","embeddable":true,"href":"https:\/\/www.moskito.cz\/pl\/wp-json\/wp\/v2\/pwb-brand?post=307461"},{"taxonomy":"product_brand","embeddable":true,"href":"https:\/\/www.moskito.cz\/pl\/wp-json\/wp\/v2\/product_brand?post=307461"},{"taxonomy":"product_cat","embeddable":true,"href":"https:\/\/www.moskito.cz\/pl\/wp-json\/wp\/v2\/product_cat?post=307461"},{"taxonomy":"product_tag","embeddable":true,"href":"https:\/\/www.moskito.cz\/pl\/wp-json\/wp\/v2\/product_tag?post=307461"}],"curies":[{"name":"wp","href":"https:\/\/api.w.org\/{rel}","templated":true}]}}