{"id":307470,"date":"2019-09-19T19:01:11","date_gmt":"2024-02-06T10:57:15","guid":{"rendered":"https:\/\/www.moskito.cz\/produkt\/noz-smith-wesson-magic-a-o-folder-swmp2bs\/"},"modified":"2025-07-11T07:49:59","modified_gmt":"2025-07-11T06:49:59","slug":"noz-smith-wesson-magic-a-o-folder-swmp2bs","status":"publish","type":"product","link":"https:\/\/www.moskito.cz\/pl\/produkt\/noz-smith-wesson-magic-a-o-folder-swmp2bs\/","title":{"rendered":"N\u00f3\u017c Smith &amp; Wesson Magic A\/O Folder SWMP2BS"},"content":{"rendered":"<p>N\u00f3\u017c Smith &amp; Wesson Magic A\/O Folder SWMP2BS.<\/p>\n<p>N\u00f3\u017c sk\u0142adany Magic z asortymentem dla wojska i policji posiada punkt st\u0142uczenia szk\u0142a na ko\u0144cu r\u0119koje\u015bci.<\/p>\n<p>Szczeg\u00f3\u0142owy opis produktu<\/p>\n<p>D\u0142ugo\u015b\u0107 zamkni\u0119tego no\u017ca: 10,7 cm<\/p>\n<p>D\u0142ugo\u015b\u0107 ostrza: 7,7 cm<\/p>\n<p>Materia\u0142 ostrza: stal nierdzewna 4034<\/p>\n<p>Materia\u0142 r\u0119koje\u015bci: aluminium<\/p>\n<p>Ostrze: kombinowane<\/p>\n<p>Bezpiecznik<\/p>\n<p>Kieszonkowy klips<\/p>\n","protected":false},"excerpt":{"rendered":"<p>Zamykany n\u00f3\u017c  <\/p>\n","protected":false},"featured_media":165531,"comment_status":"open","ping_status":"closed","template":"","meta":[],"pwb-brand":[3442],"product_brand":[],"product_cat":[3296,3307],"product_tag":[],"class_list":{"0":"post-307470","1":"product","2":"type-product","3":"status-publish","4":"has-post-thumbnail","6":"pwb-brand-smith-wesson-pl","7":"product_cat-noze-pl","8":"product_cat-zamykanie-nozy","10":"first","11":"instock","12":"taxable","13":"shipping-taxable","14":"purchasable","15":"product-type-simple"},"brands":[{"id":3442,"name":"Smith &amp; Wesson","slug":"smith-wesson-pl"}],"_links":{"self":[{"href":"https:\/\/www.moskito.cz\/pl\/wp-json\/wp\/v2\/product\/307470","targetHints":{"allow":["GET"]}}],"collection":[{"href":"https:\/\/www.moskito.cz\/pl\/wp-json\/wp\/v2\/product"}],"about":[{"href":"https:\/\/www.moskito.cz\/pl\/wp-json\/wp\/v2\/types\/product"}],"replies":[{"embeddable":true,"href":"https:\/\/www.moskito.cz\/pl\/wp-json\/wp\/v2\/comments?post=307470"}],"wp:featuredmedia":[{"embeddable":true,"href":"https:\/\/www.moskito.cz\/pl\/wp-json\/wp\/v2\/media\/165531"}],"wp:attachment":[{"href":"https:\/\/www.moskito.cz\/pl\/wp-json\/wp\/v2\/media?parent=307470"}],"wp:term":[{"taxonomy":"pwb-brand","embeddable":true,"href":"https:\/\/www.moskito.cz\/pl\/wp-json\/wp\/v2\/pwb-brand?post=307470"},{"taxonomy":"product_brand","embeddable":true,"href":"https:\/\/www.moskito.cz\/pl\/wp-json\/wp\/v2\/product_brand?post=307470"},{"taxonomy":"product_cat","embeddable":true,"href":"https:\/\/www.moskito.cz\/pl\/wp-json\/wp\/v2\/product_cat?post=307470"},{"taxonomy":"product_tag","embeddable":true,"href":"https:\/\/www.moskito.cz\/pl\/wp-json\/wp\/v2\/product_tag?post=307470"}],"curies":[{"name":"wp","href":"https:\/\/api.w.org\/{rel}","templated":true}]}}