{"id":307477,"date":"2019-09-18T17:17:59","date_gmt":"2024-02-06T10:57:17","guid":{"rendered":"https:\/\/www.moskito.cz\/produkt\/rambo-pierwsza-krew-czesc-ii-rb9295\/"},"modified":"2025-11-18T13:21:17","modified_gmt":"2025-11-18T12:21:17","slug":"rambo-pierwsza-krew-czesc-ii-rb9295","status":"publish","type":"product","link":"https:\/\/www.moskito.cz\/pl\/produkt\/rambo-pierwsza-krew-czesc-ii-rb9295\/","title":{"rendered":"Rambo Pierwsza Krew Cz\u0119\u015b\u0107 II RB9295"},"content":{"rendered":"<p>N\u00f3\u017c <strong>Rambo<\/strong> First Blood Part II RB9295.<\/p>\n<p>N\u00f3\u017c sygnowany.<br \/>\nOficjalnie licencjonowany n\u00f3\u017c Rambo. Replika ta wykonana zosta\u0142a z najlepszych dost\u0119pnych materia\u0142\u00f3w i jest dok\u0142adn\u0105 replik\u0105 tej, kt\u00f3rej u\u017cy\u0142 John Rambo aka Silvester Stallone w ostatniej ods\u0142onie serii Rambo. D\u0142ugo\u015b\u0107 no\u017ca wynosi 38 cm, ostrze wykonane jest ze stali nierdzewnej 420 o matowym wyko\u0144czeniu, a r\u0119koje\u015b\u0107 owini\u0119ta nylonowym sznurkiem. Replika posiada tak\u017ce dwie ostrza\u0142ki oraz wysokiej jako\u015bci pochw\u0119 ze sk\u00f3ry bawolej.<br \/>\nReplika ta posiada autentyczn\u0105 kopi\u0119 podpisu Sylvestra Stallone i jest jednocze\u015bnie jego oficjalnym produktem. Jest to edycja \u015bci\u015ble limitowana: 10 000 sztuk. Ka\u017cdy egzemplarz ma sw\u00f3j w\u0142asny numer seryjny.<\/p>\n<p>Wydanie. Og\u00f3\u0142em 14&#8243;. Ostrze ze stali nierdzewnej o matowym satynowym wyko\u0144czeniu i 9&#8243; z pi\u0142\u0105. Pusta r\u0119koje\u015b\u0107 owini\u0119ta grubym nylonowym sznurkiem w kolorze zielonym OD. Aluminiowy kapturek na dolnik z precyzyjnym kompasem. Zestaw przetrwania. Os\u0142ona ze stali nierdzewnej z otworami do mocowania i zintegrowanymi \u015brubokr\u0119tami Phillips i standardowymi. Pochwa na pasek ze sk\u00f3ry licowej z wi\u0105zaniem na nogawce. Oficjalnie licencjonowana reprodukcja. Limitowana edycja 10 000 sztuk.<\/p>\n","protected":false},"excerpt":{"rendered":"<p>Oficjalnie licencjonowany n\u00f3\u017c <strong>Rambo<\/strong> . Replika ta wykonana zosta\u0142a z najlepszych dost\u0119pnych materia\u0142\u00f3w i jest dok\u0142adn\u0105 replik\u0105 tej, kt\u00f3rej u\u017cy\u0142 John Rambo aka Silvester Stallone w ostatniej ods\u0142onie serii Rambo.<br \/>\n<strong>Bezp\u0142atny transport.<\/strong><\/p>\n","protected":false},"featured_media":165497,"comment_status":"open","ping_status":"closed","template":"","meta":[],"pwb-brand":[3556],"product_brand":[],"product_cat":[3296,3297],"product_tag":[3671,3557],"class_list":{"0":"post-307477","1":"product","2":"type-product","3":"status-publish","4":"has-post-thumbnail","6":"pwb-brand-rambo-pl","7":"product_cat-noze-pl","8":"product_cat-solidne-noze","9":"product_tag-b2b-pl","10":"product_tag-noz-rambo","12":"first","13":"outofstock","14":"taxable","15":"shipping-taxable","16":"purchasable","17":"product-type-simple"},"brands":[{"id":3556,"name":"Rambo","slug":"rambo-pl"}],"_links":{"self":[{"href":"https:\/\/www.moskito.cz\/pl\/wp-json\/wp\/v2\/product\/307477","targetHints":{"allow":["GET"]}}],"collection":[{"href":"https:\/\/www.moskito.cz\/pl\/wp-json\/wp\/v2\/product"}],"about":[{"href":"https:\/\/www.moskito.cz\/pl\/wp-json\/wp\/v2\/types\/product"}],"replies":[{"embeddable":true,"href":"https:\/\/www.moskito.cz\/pl\/wp-json\/wp\/v2\/comments?post=307477"}],"wp:featuredmedia":[{"embeddable":true,"href":"https:\/\/www.moskito.cz\/pl\/wp-json\/wp\/v2\/media\/165497"}],"wp:attachment":[{"href":"https:\/\/www.moskito.cz\/pl\/wp-json\/wp\/v2\/media?parent=307477"}],"wp:term":[{"taxonomy":"pwb-brand","embeddable":true,"href":"https:\/\/www.moskito.cz\/pl\/wp-json\/wp\/v2\/pwb-brand?post=307477"},{"taxonomy":"product_brand","embeddable":true,"href":"https:\/\/www.moskito.cz\/pl\/wp-json\/wp\/v2\/product_brand?post=307477"},{"taxonomy":"product_cat","embeddable":true,"href":"https:\/\/www.moskito.cz\/pl\/wp-json\/wp\/v2\/product_cat?post=307477"},{"taxonomy":"product_tag","embeddable":true,"href":"https:\/\/www.moskito.cz\/pl\/wp-json\/wp\/v2\/product_tag?post=307477"}],"curies":[{"name":"wp","href":"https:\/\/api.w.org\/{rel}","templated":true}]}}