{"id":307505,"date":"2019-11-15T19:45:28","date_gmt":"2024-02-06T10:57:37","guid":{"rendered":"https:\/\/www.moskito.cz\/produkt\/zamykany-noz-damascenski-mcusta-2\/"},"modified":"2025-07-11T07:50:18","modified_gmt":"2025-07-11T06:50:18","slug":"zamykany-noz-damascenski-mcusta-2","status":"publish","type":"product","link":"https:\/\/www.moskito.cz\/pl\/produkt\/zamykany-noz-damascenski-mcusta-2\/","title":{"rendered":"Zamykany n\u00f3\u017c damasce\u0144ski Mcusta"},"content":{"rendered":"<p>Zamykany n\u00f3\u017c damasce\u0144ski <strong>Mcusta<\/strong> .<\/p>\n<p>No\u017ce Mcusta pochodz\u0105 z japo\u0144skiego miasta Seki. W naszej ofercie znajdziesz kilka ich produkt\u00f3w.<\/p>\n<p>No\u017ce Mcusta s\u0105 symbolem oryginalno\u015bci, najwy\u017cszej jako\u015bci wykonania i doskona\u0142ego designu.<\/p>\n<p>Produkowane s\u0105 w mie\u015bcie Seki, kt\u00f3re istnieje od XIII wieku. wieku uwa\u017cane za centrum produkcji no\u017cy. Dzi\u0119ki obfitym zasobom mineralnym sta\u0142o si\u0119 idealnym miejscem, kt\u00f3re przyci\u0105gn\u0119\u0142o Mistrza Motoshige. Na przestrzeni wiek\u00f3w techniki i umiej\u0119tno\u015bci mistrz\u00f3w kowalstwa by\u0142y przekazywane z pokolenia na pokolenie i stale udoskonalane. Miasto Seki jest do dzi\u015b wa\u017cnym o\u015brodkiem.No\u017ce Mcusta s\u0105 szczytem tradycyjnej japo\u0144skiej produkcji i nowoczesnej, zaawansowanej technologii. Nie s\u0105 produkowane jak wi\u0119kszo\u015b\u0107 no\u017cy produkowanych masowo. Przed sam\u0105 produkcj\u0105 projektowane s\u0105 prototypy, kt\u00f3re s\u0105 dok\u0142adnie testowane i testowane praktycznie.<\/p>\n<p>No\u017ce projektowane s\u0105 tak, aby jak najlepiej dopasowa\u0107 si\u0119 do potrzeb, gustu i stylu klient\u00f3w.<\/p>\n<p>N\u00f3\u017c sk\u0142adany Mcusta MCU093D \u2013 do tego no\u017ca do\u0142\u0105czona jest kabura na pasek.<\/p>\n<pre id=\"tw-target-text\" class=\"tw-data-text tw-text-large tw-ta\" dir=\"ltr\" data-placeholder=\"P\u0159eklad\"><span lang=\"cs\" tabindex=\"0\">Typ: skl\u00e1dac\u00ed n\u016f\u017e\n    Ocel: VG10 Dama\u0161ek\n    D\u00e9lka \u010depele: 70 mm\n    Rukoje\u0165: Crest Tsuru (Crane)\n    D\u00e9lka rukojeti: 90m<\/span><\/pre>\n","protected":false},"excerpt":{"rendered":"<p>Zamykany n\u00f3\u017c.<\/p>\n","protected":false},"featured_media":190035,"comment_status":"open","ping_status":"closed","template":"","meta":[],"pwb-brand":[3563],"product_brand":[],"product_cat":[3296,3421],"product_tag":[],"class_list":{"0":"post-307505","1":"product","2":"type-product","3":"status-publish","4":"has-post-thumbnail","6":"pwb-brand-mcusta-pl","7":"product_cat-noze-pl","8":"product_cat-noze-damascenskie","10":"first","11":"outofstock","12":"taxable","13":"shipping-taxable","14":"purchasable","15":"product-type-simple"},"brands":[{"id":3563,"name":"Mcusta","slug":"mcusta-pl"}],"_links":{"self":[{"href":"https:\/\/www.moskito.cz\/pl\/wp-json\/wp\/v2\/product\/307505","targetHints":{"allow":["GET"]}}],"collection":[{"href":"https:\/\/www.moskito.cz\/pl\/wp-json\/wp\/v2\/product"}],"about":[{"href":"https:\/\/www.moskito.cz\/pl\/wp-json\/wp\/v2\/types\/product"}],"replies":[{"embeddable":true,"href":"https:\/\/www.moskito.cz\/pl\/wp-json\/wp\/v2\/comments?post=307505"}],"wp:featuredmedia":[{"embeddable":true,"href":"https:\/\/www.moskito.cz\/pl\/wp-json\/wp\/v2\/media\/190035"}],"wp:attachment":[{"href":"https:\/\/www.moskito.cz\/pl\/wp-json\/wp\/v2\/media?parent=307505"}],"wp:term":[{"taxonomy":"pwb-brand","embeddable":true,"href":"https:\/\/www.moskito.cz\/pl\/wp-json\/wp\/v2\/pwb-brand?post=307505"},{"taxonomy":"product_brand","embeddable":true,"href":"https:\/\/www.moskito.cz\/pl\/wp-json\/wp\/v2\/product_brand?post=307505"},{"taxonomy":"product_cat","embeddable":true,"href":"https:\/\/www.moskito.cz\/pl\/wp-json\/wp\/v2\/product_cat?post=307505"},{"taxonomy":"product_tag","embeddable":true,"href":"https:\/\/www.moskito.cz\/pl\/wp-json\/wp\/v2\/product_tag?post=307505"}],"curies":[{"name":"wp","href":"https:\/\/api.w.org\/{rel}","templated":true}]}}