{"id":307515,"date":"2019-11-10T19:15:28","date_gmt":"2024-02-06T10:57:40","guid":{"rendered":"https:\/\/www.moskito.cz\/produkt\/noz-skladany-victorinox-camper-1-3613\/"},"modified":"2025-07-11T07:50:17","modified_gmt":"2025-07-11T06:50:17","slug":"noz-skladany-victorinox-camper-1-3613","status":"publish","type":"product","link":"https:\/\/www.moskito.cz\/pl\/produkt\/noz-skladany-victorinox-camper-1-3613\/","title":{"rendered":"N\u00f3\u017c sk\u0142adany Victorinox Camper 1.3613"},"content":{"rendered":"<p>N\u00f3\u017c sk\u0142adany Victorinox Camper 1.3613.<\/p>\n<p><span class=\"proKs\">Scyzoryk kieszonkowy o \u015brednicy 91 mm odpowiedni do codziennego u\u017cytku, podr\u00f3\u017cy i pieszych w\u0119dr\u00f3wek. Liczba funkcji 13.<\/span><\/p>\n<p>Wymiary: d\u0142ugo\u015b\u0107-szeroko\u015b\u0107-wysoko\u015b\u0107: <span class=\"udajR\">91 x 27 x 18 mm<\/span><\/p>\n<p>Waga: : <span class=\"udajR\">74 g<\/span><\/p>\n<p>N\u00f3\u017c sk\u0142adany Victorinox Camper 1.3613 zawiera:<\/p>\n<p>&nbsp;<\/p>\n<ul>\n<li class=\"style2\">Du\u017cy n\u00f3\u017c<\/li>\n<li class=\"style2\">ma\u0142y n\u00f3\u017c<\/li>\n<li class=\"style2\">korkoci\u0105g<\/li>\n<li class=\"style2\">otwieracz do puszek s<\/li>\n<li class=\"style2\">&#8211; za pomoc\u0105 ma\u0142ego \u015brubokr\u0119ta (r\u00f3wnie\u017c do \u015brub Phillipsa)<\/li>\n<li class=\"style2\">otwieracz do butelek z<\/li>\n<li class=\"style2\">&#8211; \u015brubokr\u0119t<\/li>\n<li class=\"style2\">&#8211; \u015brodek do usuwania izolacji przewod\u00f3w<\/li>\n<li class=\"style2\">rozwiertak, kolec<\/li>\n<li class=\"style2\">Brelok ze stali nierdzewnej<\/li>\n<li class=\"style2\">pinceta<\/li>\n<li class=\"style2\">wyka\u0142aczka<\/li>\n<li class=\"style2\">Pi\u0142a do drewna<\/li>\n<\/ul>\n<div id=\"hpHistory\" class=\"767\">\n<p>Ci, kt\u00f3rzy musz\u0105 by\u0107 zawsze gotowi na wszystko, wsz\u0119dzie zabieraj\u0105 ze sob\u0105 scyzoryk. Od 1897 roku szwajcarski scyzoryk jest niezawodnym narz\u0119dziem podczas wielu przyg\u00f3d na ca\u0142ym \u015bwiecie. Niezale\u017cnie od tego, czy eksplorujesz miasta, dna ocean\u00f3w, g\u00f3ry czy kosmos, szwajcarski scyzoryk to towarzysz, na kt\u00f3rym mo\u017cesz polega\u0107.<\/p>\n<p>Wszystkie no\u017ce VICTORINOX obj\u0119te s\u0105 do\u017cywotni\u0105 gwarancj\u0105 obejmuj\u0105c\u0105 wszelkie wady materia\u0142owe i produkcyjne. Gwarancja nie obejmuje uszkodze\u0144 spowodowanych normalnym zu\u017cyciem lub niew\u0142a\u015bciwym u\u017cytkowaniem.<\/p>\n<p>W 1884 roku szwajcarski pionier Karl Elsener za\u0142o\u017cy\u0142 warsztat no\u017cy. Wkr\u00f3tce potem utorowa\u0142 drog\u0119 do niezr\u00f3wnanej historii firmy poprzez opracowanie legendarnego ju\u017c \u201eOryginalnego szwajcarskiego scyzoryka\u201d. Opr\u00f3cz no\u017cy kieszonkowych, domowych i profesjonalnych, niezale\u017cna firma rodzinna Victorinox produkuje i sprzedaje na ca\u0142ym \u015bwiecie zegarki, sprz\u0119t podr\u00f3\u017cny, mod\u0119 i perfumy. Ka\u017cdy produkt jest wyrazem szwajcarskiej jako\u015bci.<\/p>\n<\/div>\n<p>&nbsp;<\/p>\n<p>&nbsp;<\/p>\n","protected":false},"excerpt":{"rendered":"<p>Zamykany n\u00f3\u017c.<\/p>\n","protected":false},"featured_media":166466,"comment_status":"open","ping_status":"closed","template":"","meta":[],"pwb-brand":[3534],"product_brand":[],"product_cat":[3296,3307],"product_tag":[],"class_list":{"0":"post-307515","1":"product","2":"type-product","3":"status-publish","4":"has-post-thumbnail","6":"pwb-brand-victorinox-pl","7":"product_cat-noze-pl","8":"product_cat-zamykanie-nozy","10":"first","11":"outofstock","12":"taxable","13":"shipping-taxable","14":"purchasable","15":"product-type-simple"},"brands":[{"id":3534,"name":"Victorinox","slug":"victorinox-pl"}],"_links":{"self":[{"href":"https:\/\/www.moskito.cz\/pl\/wp-json\/wp\/v2\/product\/307515","targetHints":{"allow":["GET"]}}],"collection":[{"href":"https:\/\/www.moskito.cz\/pl\/wp-json\/wp\/v2\/product"}],"about":[{"href":"https:\/\/www.moskito.cz\/pl\/wp-json\/wp\/v2\/types\/product"}],"replies":[{"embeddable":true,"href":"https:\/\/www.moskito.cz\/pl\/wp-json\/wp\/v2\/comments?post=307515"}],"wp:featuredmedia":[{"embeddable":true,"href":"https:\/\/www.moskito.cz\/pl\/wp-json\/wp\/v2\/media\/166466"}],"wp:attachment":[{"href":"https:\/\/www.moskito.cz\/pl\/wp-json\/wp\/v2\/media?parent=307515"}],"wp:term":[{"taxonomy":"pwb-brand","embeddable":true,"href":"https:\/\/www.moskito.cz\/pl\/wp-json\/wp\/v2\/pwb-brand?post=307515"},{"taxonomy":"product_brand","embeddable":true,"href":"https:\/\/www.moskito.cz\/pl\/wp-json\/wp\/v2\/product_brand?post=307515"},{"taxonomy":"product_cat","embeddable":true,"href":"https:\/\/www.moskito.cz\/pl\/wp-json\/wp\/v2\/product_cat?post=307515"},{"taxonomy":"product_tag","embeddable":true,"href":"https:\/\/www.moskito.cz\/pl\/wp-json\/wp\/v2\/product_tag?post=307515"}],"curies":[{"name":"wp","href":"https:\/\/api.w.org\/{rel}","templated":true}]}}