{"id":307526,"date":"2019-11-01T22:16:01","date_gmt":"2019-11-01T21:16:01","guid":{"rendered":"https:\/\/www.moskito.cz\/produkt\/noz-strzelecki-microtech-utx-85-233-1-od\/"},"modified":"2025-07-11T07:50:07","modified_gmt":"2025-07-11T06:50:07","slug":"noz-strzelecki-microtech-utx-85-233-1-od","status":"publish","type":"product","link":"https:\/\/www.moskito.cz\/pl\/produkt\/noz-strzelecki-microtech-utx-85-233-1-od\/","title":{"rendered":"N\u00f3\u017c strzelecki Microtech UTX-85 233-1 OD"},"content":{"rendered":"<p>N\u00f3\u017c strzelecki <strong>Microtech UTX-85<\/strong> 233-1 OD<\/p>\n<p>N\u00f3\u017c <strong>Microtech UTX-85<\/strong> OTF to idealne po\u0142\u0105czenie kompaktowych rozmiar\u00f3w i \u015bwietnej wydajno\u015bci. Przy wielko\u015bci 85% Ultratech <strong>, Microtech UTX-85<\/strong> jest wykonany z tych samych materia\u0142\u00f3w, na tych samych maszynach i z tak\u0105 sam\u0105 pomys\u0142owo\u015bci\u0105, jak jego poprzednik. <strong>Microtech UTX-85<\/strong> to idealny n\u00f3\u017c na ka\u017cd\u0105 sytuacj\u0119 \u2013 niezale\u017cnie od tego, jakie zadanie wykonujesz; b\u0119dzie idealnie pasowa\u0107 do Twojego stylu \u017cycia. Dzi\u0119ki szybkiemu otwieraniu i zamykaniu jedn\u0105 r\u0119k\u0105, wykonuje t\u0119 prac\u0119 w ci\u0105gu kilku sekund. Wyposa\u017cony w dwustronny klips do kieszeni i niewielkie rozmiary, jest idealnym wyborem do codziennego u\u017cytku i noszenia.<\/p>\n<p><span class=\"tlid-translation translation\"><span class=\"\" title=\"\">D\u0142ugo\u015b\u0107 ca\u0142kowita: 18,75 cm<\/span><br \/>\n<span class=\"\" title=\"\">D\u0142ugo\u015b\u0107 ostrza: 7,81 cm<\/span><br \/>\n<span class=\"\" title=\"\">Kraw\u0119d\u017a tn\u0105ca: 7,17 cm<\/span><br \/>\n<span class=\"\" title=\"\">Grubo\u015b\u0107 ostrza: 0,32 cm<\/span><br \/>\n<span class=\"\" title=\"\">Materia\u0142 ostrza: Bohler M390<\/span><br \/>\n<span title=\"\">Styl ostrza: Tanto<\/span><br \/>\n<span title=\"\">Wstawki: p\u0142askie<\/span><br \/>\n<span title=\"\">Typ obramowania: Zwyk\u0142y<\/span><br \/>\n<span title=\"\">D\u0142ugo\u015b\u0107 r\u0105czki: 10,92 cm<\/span><br \/>\n<span class=\"\" title=\"\">Grubo\u015b\u0107 r\u0105czki: 1,17 cm<\/span><br \/>\n<span title=\"\">Materia\u0142 r\u0119koje\u015bci: aluminium<\/span><br \/>\n<span title=\"\">Waga: 3,06 uncji<\/span><br \/>\n<span title=\"\">U\u017cytkownik: Prawa r\u0119ka<\/span><br \/>\n<span title=\"\">Klips kieszonkowy: sk\u0142adany w d\u00f3\u0142<\/span><br \/>\n<span title=\"\">Typ no\u017ca: Automatyczny OTF Double Action<\/span><br \/>\n<span title=\"\">Otwieracz: kciuk<\/span><br \/>\n<span title=\"\">Marka: Microtech<\/span><br \/>\n<span title=\"\">Model: UTX-85<\/span><br \/>\n<span title=\"\">Numer modelu:<\/span> 233-1 OD<br \/>\n<span title=\"\">Kraj pochodzenia: USA<\/span><\/span><\/p>\n<p><iframe title=\"Microtech Combat Troodon Torture Test\" width=\"800\" height=\"450\" src=\"https:\/\/www.youtube.com\/embed\/xE9TeOFYEjg?feature=oembed\" frameborder=\"0\" allow=\"accelerometer; autoplay; clipboard-write; encrypted-media; gyroscope; picture-in-picture; web-share\" allowfullscreen><\/iframe><\/p>\n<p>&nbsp;<\/p>\n<p>&nbsp;<\/p>\n<p>&nbsp;<\/p>\n","protected":false},"excerpt":{"rendered":"<p><strong>Przez lata Microtech\u00ae Knives wype\u0142nia\u0142 no\u017ce pasj\u0105 i umiej\u0119tno\u015bciami, aby tworzy\u0107 niemal dzie\u0142a sztuki, kt\u00f3re s\u0105 szczytem funkcjonalno\u015bci.Wszystkie cz\u0119\u015bci s\u0105 produkowane w USA.<\/strong><br \/>\n<strong>Wszystkie no\u017ce Microtech obj\u0119te s\u0105 do\u017cywotni\u0105 gwarancj\u0105.<\/strong><\/p>\n<p><strong>Bezp\u0142atny transport.<\/strong><\/p>\n","protected":false},"featured_media":257665,"comment_status":"open","ping_status":"closed","template":"","meta":[],"pwb-brand":[3279],"product_brand":[],"product_cat":[3344,3296],"product_tag":[3671],"class_list":{"0":"post-307526","1":"product","2":"type-product","3":"status-publish","4":"has-post-thumbnail","6":"pwb-brand-microtech-pl","7":"product_cat-noze-strzeleckie","8":"product_cat-noze-pl","9":"product_tag-b2b-pl","11":"first","12":"outofstock","13":"taxable","14":"shipping-taxable","15":"purchasable","16":"product-type-simple"},"brands":[{"id":3279,"name":"Microtech","slug":"microtech-pl"}],"_links":{"self":[{"href":"https:\/\/www.moskito.cz\/pl\/wp-json\/wp\/v2\/product\/307526","targetHints":{"allow":["GET"]}}],"collection":[{"href":"https:\/\/www.moskito.cz\/pl\/wp-json\/wp\/v2\/product"}],"about":[{"href":"https:\/\/www.moskito.cz\/pl\/wp-json\/wp\/v2\/types\/product"}],"replies":[{"embeddable":true,"href":"https:\/\/www.moskito.cz\/pl\/wp-json\/wp\/v2\/comments?post=307526"}],"wp:featuredmedia":[{"embeddable":true,"href":"https:\/\/www.moskito.cz\/pl\/wp-json\/wp\/v2\/media\/257665"}],"wp:attachment":[{"href":"https:\/\/www.moskito.cz\/pl\/wp-json\/wp\/v2\/media?parent=307526"}],"wp:term":[{"taxonomy":"pwb-brand","embeddable":true,"href":"https:\/\/www.moskito.cz\/pl\/wp-json\/wp\/v2\/pwb-brand?post=307526"},{"taxonomy":"product_brand","embeddable":true,"href":"https:\/\/www.moskito.cz\/pl\/wp-json\/wp\/v2\/product_brand?post=307526"},{"taxonomy":"product_cat","embeddable":true,"href":"https:\/\/www.moskito.cz\/pl\/wp-json\/wp\/v2\/product_cat?post=307526"},{"taxonomy":"product_tag","embeddable":true,"href":"https:\/\/www.moskito.cz\/pl\/wp-json\/wp\/v2\/product_tag?post=307526"}],"curies":[{"name":"wp","href":"https:\/\/api.w.org\/{rel}","templated":true}]}}