{"id":307527,"date":"2020-01-04T09:57:53","date_gmt":"2024-02-06T10:57:43","guid":{"rendered":"https:\/\/www.moskito.cz\/produkt\/noz-skladany-boker-plus-tech-tool-carbon-4\/"},"modified":"2025-07-11T07:50:22","modified_gmt":"2025-07-11T06:50:22","slug":"noz-skladany-boker-plus-tech-tool-carbon-4","status":"publish","type":"product","link":"https:\/\/www.moskito.cz\/pl\/produkt\/noz-skladany-boker-plus-tech-tool-carbon-4\/","title":{"rendered":"N\u00f3\u017c sk\u0142adany B\u00f6ker Plus Tech Tool Carbon 4"},"content":{"rendered":"<p>N\u00f3\u017c sk\u0142adany <strong>B\u00f6ker<\/strong> Plus Tech Tool Carbon 4.<\/p>\n<p>B\u00f6ker Plus zapewnia doskona\u0142e, innowacyjne koncepcje no\u017cy do ka\u017cdej misji. No\u017ce zosta\u0142y zaprojektowane wed\u0142ug niemieckiej in\u017cynierii we wsp\u00f3\u0142pracy ze \u015bwiatowej s\u0142awy ekspertami takimi jak Chad Los Banos, Jim Burke, Jim Wanger, Tod Begg, Jesper Voxnaes.<\/p>\n<p>D\u0142ugo\u015b\u0107 ca\u0142kowita: 16,7 cm<br \/>\nD\u0142ugo\u015b\u0107 ostrza: 7,1 cm<br \/>\nWaga: 179 g<br \/>\nGrubo\u015b\u0107 ostrza: 2,3 mm<br \/>\nStal: 12C27<br \/>\nTwardo\u015b\u0107: 58-60 HRC<br \/>\nR\u0119koje\u015b\u0107: G10 \/ w\u0142\u00f3kno w\u0119glowe<\/p>\n<p>B\u00f6ker \u2013 historia fabryki si\u0119ga XVII wieku. wieku pierwotna ku\u017ania mie\u015bci\u0142a si\u0119 w\u00f3wczas w Remscheid. W latach 1829-30 rozszerzono produkcj\u0119 o szable i miecze. W fabryce pracowa\u0142o w\u00f3wczas ponad 100 kowali i szlifierzy. W drugiej po\u0142owie XIX wieku cz\u0119\u015b\u0107 rodziny przenios\u0142a si\u0119 do USA i Kanady, gdzie za\u0142o\u017cy\u0142a kolejne zak\u0142ady produkcyjne. Ostatni z rodze\u0144stwa Bocker\u00f3w, Heinrich, przeni\u00f3s\u0142 si\u0119 do Solingen, sk\u0105d pochodzi wi\u0119kszo\u015b\u0107 dzisiejszej produkcji. Boker produkuje no\u017ce wed\u0142ug w\u0142asnych projekt\u00f3w oraz wed\u0142ug projekt\u00f3w znanych no\u017cownik\u00f3w.<\/p>\n","protected":false},"excerpt":{"rendered":"<p>N\u00f3\u017c zamykaj\u0105cy <strong>typu Boker<\/strong> .<\/p>\n","protected":false},"featured_media":190181,"comment_status":"open","ping_status":"closed","template":"","meta":[],"pwb-brand":[3423],"product_brand":[],"product_cat":[3296,3307],"product_tag":[3671],"class_list":{"0":"post-307527","1":"product","2":"type-product","3":"status-publish","4":"has-post-thumbnail","6":"pwb-brand-bokera","7":"product_cat-noze-pl","8":"product_cat-zamykanie-nozy","9":"product_tag-b2b-pl","11":"first","12":"outofstock","13":"taxable","14":"shipping-taxable","15":"purchasable","16":"product-type-simple"},"brands":[{"id":3423,"name":"Bokera","slug":"bokera"}],"_links":{"self":[{"href":"https:\/\/www.moskito.cz\/pl\/wp-json\/wp\/v2\/product\/307527","targetHints":{"allow":["GET"]}}],"collection":[{"href":"https:\/\/www.moskito.cz\/pl\/wp-json\/wp\/v2\/product"}],"about":[{"href":"https:\/\/www.moskito.cz\/pl\/wp-json\/wp\/v2\/types\/product"}],"replies":[{"embeddable":true,"href":"https:\/\/www.moskito.cz\/pl\/wp-json\/wp\/v2\/comments?post=307527"}],"wp:featuredmedia":[{"embeddable":true,"href":"https:\/\/www.moskito.cz\/pl\/wp-json\/wp\/v2\/media\/190181"}],"wp:attachment":[{"href":"https:\/\/www.moskito.cz\/pl\/wp-json\/wp\/v2\/media?parent=307527"}],"wp:term":[{"taxonomy":"pwb-brand","embeddable":true,"href":"https:\/\/www.moskito.cz\/pl\/wp-json\/wp\/v2\/pwb-brand?post=307527"},{"taxonomy":"product_brand","embeddable":true,"href":"https:\/\/www.moskito.cz\/pl\/wp-json\/wp\/v2\/product_brand?post=307527"},{"taxonomy":"product_cat","embeddable":true,"href":"https:\/\/www.moskito.cz\/pl\/wp-json\/wp\/v2\/product_cat?post=307527"},{"taxonomy":"product_tag","embeddable":true,"href":"https:\/\/www.moskito.cz\/pl\/wp-json\/wp\/v2\/product_tag?post=307527"}],"curies":[{"name":"wp","href":"https:\/\/api.w.org\/{rel}","templated":true}]}}