{"id":307544,"date":"2020-01-09T14:21:15","date_gmt":"2024-02-06T10:57:54","guid":{"rendered":"https:\/\/www.moskito.cz\/produkt\/solidny-noz-damascenski-mcusta\/"},"modified":"2025-07-11T07:50:24","modified_gmt":"2025-07-11T06:50:24","slug":"solidny-noz-damascenski-mcusta","status":"publish","type":"product","link":"https:\/\/www.moskito.cz\/pl\/produkt\/solidny-noz-damascenski-mcusta\/","title":{"rendered":"Solidny n\u00f3\u017c damasce\u0144ski Mcusta"},"content":{"rendered":"<p>Solidny n\u00f3\u017c damasce\u0144ski <strong>Mcusta<\/strong> .<\/p>\n<p><span class=\"tlid-translation translation\" lang=\"cs\"><span class=\"\" title=\"\">Seria MC-6 to pierwsze sta\u0142e ostrze firmy Mcusta.<\/span> <span class=\"\" title=\"\">Jest to uniwersalny, smuk\u0142y, lekki jak pi\u00f3rko n\u00f3\u017c uniwersalny, odpowiedni dla \u0142owc\u00f3w pstr\u0105g\u00f3w i ptak\u00f3w.<\/span> <span class=\"\" title=\"\">Ostrze i r\u0119koje\u015b\u0107 wykonane s\u0105 z jednego kawa\u0142ka rdzenia VG-10, kutego z 33-warstwowej niklowanej stali nierdzewnej damasce\u0144skiej.<\/span> <span class=\"\" title=\"\">R\u0119koje\u015b\u0107 wy\u0142o\u017cona jest p\u0142ytkami ostrygowymi.<\/span> <span class=\"\" title=\"\">Ka\u017cdy n\u00f3\u017c posiada czarn\u0105 sk\u00f3rzan\u0105 pochw\u0119.<\/span><\/span><\/p>\n<pre class=\"tw-data-text tw-text-large tw-ta\" dir=\"ltr\" data-placeholder=\"P\u0159eklad\"><span lang=\"cs\" tabindex=\"0\"><span class=\"tlid-translation translation\" lang=\"cs\"><span class=\"\" title=\"\">Tvrdost (HRc): 60-62<\/span>\n<span title=\"\">Hmotnost (g): 49<\/span>\n<span class=\"\" title=\"\">D\u00e9lka \u010depele mm: 80<\/span>\n<span class=\"\" title=\"\">Materi\u00e1l \u010depele: VG-10 + Dama\u0161ek<\/span>\n<span class=\"\" title=\"\">V\u00fdrobce: Mcusta Japan<\/span><\/span>\n<\/span><\/pre>\n<p>No\u017ce Mcusta pochodz\u0105 z japo\u0144skiego miasta Seki. W naszej ofercie znajdziesz kilka ich produkt\u00f3w.<\/p>\n<p>No\u017ce Mcusta s\u0105 symbolem oryginalno\u015bci, najwy\u017cszej jako\u015bci wykonania i doskona\u0142ego designu.<\/p>\n<p>Produkowane s\u0105 w mie\u015bcie Seki, kt\u00f3re istnieje od XIII wieku. wieku uwa\u017cane za centrum produkcji no\u017cy. Dzi\u0119ki obfitym zasobom mineralnym sta\u0142o si\u0119 idealnym miejscem, kt\u00f3re przyci\u0105gn\u0119\u0142o Mistrza Motoshige. Na przestrzeni wiek\u00f3w techniki i umiej\u0119tno\u015bci mistrz\u00f3w kowalstwa by\u0142y przekazywane z pokolenia na pokolenie i stale udoskonalane. Miasto Seki jest do dzi\u015b wa\u017cnym o\u015brodkiem.No\u017ce Mcusta s\u0105 szczytem tradycyjnej japo\u0144skiej produkcji i nowoczesnej, zaawansowanej technologii. Nie s\u0105 produkowane jak wi\u0119kszo\u015b\u0107 no\u017cy produkowanych masowo. Przed sam\u0105 produkcj\u0105 projektowane s\u0105 prototypy, kt\u00f3re s\u0105 dok\u0142adnie testowane i testowane praktycznie.<\/p>\n<p>No\u017ce projektowane s\u0105 tak, aby jak najlepiej dopasowa\u0107 si\u0119 do potrzeb, gustu i stylu klient\u00f3w.<\/p>\n","protected":false},"excerpt":{"rendered":"<p>N\u00f3\u017c sta\u0142y z pochw\u0105.<\/p>\n","protected":false},"featured_media":190023,"comment_status":"open","ping_status":"closed","template":"","meta":[],"pwb-brand":[3563],"product_brand":[],"product_cat":[3296,3421],"product_tag":[],"class_list":{"0":"post-307544","1":"product","2":"type-product","3":"status-publish","4":"has-post-thumbnail","6":"pwb-brand-mcusta-pl","7":"product_cat-noze-pl","8":"product_cat-noze-damascenskie","10":"first","11":"instock","12":"taxable","13":"shipping-taxable","14":"purchasable","15":"product-type-simple"},"brands":[{"id":3563,"name":"Mcusta","slug":"mcusta-pl"}],"_links":{"self":[{"href":"https:\/\/www.moskito.cz\/pl\/wp-json\/wp\/v2\/product\/307544","targetHints":{"allow":["GET"]}}],"collection":[{"href":"https:\/\/www.moskito.cz\/pl\/wp-json\/wp\/v2\/product"}],"about":[{"href":"https:\/\/www.moskito.cz\/pl\/wp-json\/wp\/v2\/types\/product"}],"replies":[{"embeddable":true,"href":"https:\/\/www.moskito.cz\/pl\/wp-json\/wp\/v2\/comments?post=307544"}],"wp:featuredmedia":[{"embeddable":true,"href":"https:\/\/www.moskito.cz\/pl\/wp-json\/wp\/v2\/media\/190023"}],"wp:attachment":[{"href":"https:\/\/www.moskito.cz\/pl\/wp-json\/wp\/v2\/media?parent=307544"}],"wp:term":[{"taxonomy":"pwb-brand","embeddable":true,"href":"https:\/\/www.moskito.cz\/pl\/wp-json\/wp\/v2\/pwb-brand?post=307544"},{"taxonomy":"product_brand","embeddable":true,"href":"https:\/\/www.moskito.cz\/pl\/wp-json\/wp\/v2\/product_brand?post=307544"},{"taxonomy":"product_cat","embeddable":true,"href":"https:\/\/www.moskito.cz\/pl\/wp-json\/wp\/v2\/product_cat?post=307544"},{"taxonomy":"product_tag","embeddable":true,"href":"https:\/\/www.moskito.cz\/pl\/wp-json\/wp\/v2\/product_tag?post=307544"}],"curies":[{"name":"wp","href":"https:\/\/api.w.org\/{rel}","templated":true}]}}