{"id":307555,"date":"2020-01-28T13:22:06","date_gmt":"2024-02-06T10:57:57","guid":{"rendered":"https:\/\/www.moskito.cz\/produkt\/noz-strzelecki-microtech-combat-troodon-142-11-vi\/"},"modified":"2025-07-11T07:50:35","modified_gmt":"2025-07-11T06:50:35","slug":"noz-strzelecki-microtech-combat-troodon-142-11-vi","status":"publish","type":"product","link":"https:\/\/www.moskito.cz\/pl\/produkt\/noz-strzelecki-microtech-combat-troodon-142-11-vi\/","title":{"rendered":"N\u00f3\u017c strzelecki Microtech Combat Troodon 142-11 VI"},"content":{"rendered":"<p>N\u00f3\u017c strzelecki <strong>Microtech Combat Troodon<\/strong> 142-11 VI.<\/p>\n<p><span lang=\"cs\">Przez lata Microtech\u00ae Knives wype\u0142nia\u0142 no\u017ce pasj\u0105 i umiej\u0119tno\u015bciami, aby tworzy\u0107 niemal dzie\u0142a sztuki, kt\u00f3re s\u0105 szczytem funkcjonalno\u015bci. Kontynuuje przesuwanie granic i ulepszanie<br \/>\nto, co ju\u017c wie, \u017ce dzia\u0142a. W 2020 roku firma Microtech\u00ae Knives sta\u0142a si\u0119 wiod\u0105c\u0105 mark\u0105 no\u017cy<br \/>\nmarka, kt\u00f3ra stale si\u0119 rozwija i idzie do przodu dzi\u0119ki najnowocze\u015bniejszej technologii,<br \/>\nstaro\u017cytne zasady produkcji ostrzy i maksymalne testy w terenie, aby nie pogarsza\u0107 jako\u015bci.  <\/span><\/p>\n<p>N\u00f3\u017c strzelecki od przodu.<\/p>\n<p>N\u00f3\u017c strzelecki <strong>Microtech Combat Troodon<\/strong> 142-11 VI posiada ostrze ze stali nierdzewnej z cz\u0119\u015bciowo z\u0105bkowan\u0105 kraw\u0119dzi\u0105. Aluminiowa r\u0119koje\u015b\u0107 z ko\u0144c\u00f3wk\u0105 kulist\u0105 zbijaj\u0105c\u0105 szk\u0142o wykonana jest ze stali nierdzewnej.<br \/>\nNajwi\u0119kszy n\u00f3\u017c OTF firmy <strong>Microtech<\/strong> nosi nazw\u0119 dinozaura Troodon. Combat Troodon to naprawd\u0119 du\u017ca wersja popularnego Troodona. Pomimo swoich rozmiar\u00f3w r\u0119koje\u015b\u0107 jest smuk\u0142a i wygodna.<\/p>\n<p>D\u0142ugo\u015b\u0107 ca\u0142kowita: 23,75 cm<br \/>\nD\u0142ugo\u015b\u0107 ostrza: 9,5 cm<br \/>\nMateria\u0142 ostrza: Elmax<br \/>\nStyl ostrza: sztylet<br \/>\nWstawki: p\u0142askie<br \/>\nTyp obramowania: Zwyk\u0142y<br \/>\nD\u0142ugo\u015b\u0107 r\u0105czki: 14,37 cm<br \/>\nGrubo\u015b\u0107 r\u0105czki: 1,37 cm<br \/>\nMateria\u0142 r\u0119koje\u015bci: aluminium<br \/>\nKolor: br\u0105zowy<br \/>\nWaga: 5,35 uncji<br \/>\nU\u017cytkownik: Prawa r\u0119ka<br \/>\nKlips kieszonkowy: sk\u0142adany w d\u00f3\u0142<br \/>\nTyp no\u017ca: Automatyczny OTF Double Action<br \/>\nOtwieracz: kciuk<br \/>\nMarka: Microtech<br \/>\nModel: Troodon bojowy<br \/>\nNumer modelu: 142-11 VI<br \/>\nKraj pochodzenia: USA<br \/>\nNajlepsze zastosowanie: taktyczne<\/p>\n<p>Przez lata <strong>Microtech\u00ae Knives<\/strong> zaszczepia\u0142 pasj\u0119 i umiej\u0119tno\u015bci w tworzeniu dzie\u0142 sztuki, kt\u00f3re s\u0105 szczytem funkcjonalno\u015bci i formy. Nadal przesuwamy granice i ulepszamy to, co ju\u017c wiemy, \u017ce dzia\u0142a. W 2020 roku <strong>Microtech\u00ae Knives<\/strong> wyros\u0142o na wiod\u0105c\u0105 mark\u0119 sztu\u0107c\u00f3w, stale rozwijaj\u0105c\u0105 si\u0119 i posuwaj\u0105c\u0105 si\u0119 do przodu, korzystaj\u0105c z najnowszych technologii, staro\u017cytnych zasad ostrzy i maksymalnych test\u00f3w w terenie, aby mie\u0107 pewno\u015b\u0107, \u017ce nigdy nie p\u00f3jdziemy na kompromis.<\/p>\n<table class=\"colors_descriptionbox\" border=\"0\" width=\"100%\" cellspacing=\"0\" cellpadding=\"0\">\n<tbody>\n<tr>\n<td valign=\"top\" width=\"100%\">\n<table border=\"0\" width=\"100%\" cellspacing=\"0\" cellpadding=\"0\">\n<tbody>\n<tr>\n<td>\n<div id=\"ProductDetail_ProductDetails_div\">\n<div>The  <strong>Mikrotech  <\/strong>Combat Troodon&#8217;s to jeden z najwi\u0119kszych dost\u0119pnych obecnie no\u017cy OTF (Out The Front) o podw\u00f3jnym dzia\u0142aniu, Combat Troodon to wi\u0119ksza wersja  <strong>Microtech Troodon.<\/strong>  Uderzaj\u0105c linijk\u0105 o ca\u0142kowitej d\u0142ugo\u015bci prawie 10 cali za pomoc\u0105 4-calowego ostrza, troodon bojowy jest pot\u0119\u017cnym narz\u0119dziem gotowym do walki, wyposa\u017conym w wyci\u0119te CNC zaciski na wszystkich stronach r\u0119koje\u015bci i wi\u0119kszy suwak u\u0142atwiaj\u0105cy strzelanie i chowanie ostrza w r\u0119kawiczkach .<\/div>\n<div>Ostrze Combat Troodon zosta\u0142o ca\u0142kowicie przeprojektowane z wyj\u0105tkowo d\u0142ugimi rowkami krwi i grubsz\u0105 kolb\u0105, a tak\u017ce zbijakiem do szk\u0142a z w\u0119glikow\u0105 ko\u0144c\u00f3wk\u0105 w dolnej cz\u0119\u015bci r\u0119koje\u015bci, kt\u00f3ry s\u0142u\u017cy r\u00f3wnie\u017c jako \u015bruba zabezpieczaj\u0105ca klips kieszeniowy. Jest to OTF o podw\u00f3jnym dzia\u0142aniu wielko\u015bci magnum, kt\u00f3rego wszyscy si\u0119 boj\u0105.<\/div>\n<div><\/div>\n<\/div>\n<\/td>\n<\/tr>\n<\/tbody>\n<\/table>\n<\/td>\n<td valign=\"middle\" width=\"1\"><\/td>\n<\/tr>\n<\/tbody>\n<\/table>\n<div id=\"ProductDetail_ProductDetails_div2\">\n<table class=\"colors_descriptionbox\" border=\"0\" width=\"100%\" cellspacing=\"0\" cellpadding=\"0\">\n<tbody>\n<tr>\n<td valign=\"bottom\" width=\"1\"><\/td>\n<td valign=\"top\" width=\"100%\"><\/td>\n<td align=\"left\" valign=\"bottom\" width=\"1\"><\/td>\n<\/tr>\n<tr>\n<td align=\"left\" valign=\"top\" width=\"1\"><\/td>\n<td valign=\"top\" width=\"100%\"><\/td>\n<td align=\"left\" valign=\"top\" width=\"1\"><\/td>\n<\/tr>\n<tr>\n<td valign=\"middle\" width=\"1\"><\/td>\n<td valign=\"top\" width=\"100%\">\n<table border=\"0\" width=\"100%\" cellspacing=\"0\" cellpadding=\"0\">\n<tbody>\n<tr>\n<td><b>Cechy<\/b><br \/>\nD\u0142ugo\u015b\u0107 ca\u0142kowita: 9,5 cala<br \/>\nD\u0142ugo\u015b\u0107 ostrza: 3,8 cala<br \/>\nMateria\u0142 ostrza: M390<br \/>\nGrubo\u015b\u0107 ostrza: 0,125 cala<br \/>\nMateria\u0142 r\u0119koje\u015bci: aluminium 6061<br \/>\nWaga: 5,3 uncji<br \/>\nD\u0142ugo\u015b\u0107 zamkni\u0119ta: 5,3 cala<br \/>\nKategoria no\u017ca: Automatyczny<br \/>\nAkcja: Dual Action z przodu (D\/A OTF)<br \/>\nStyl ostrza: podw\u00f3jna kraw\u0119d\u017a<br \/>\nKraj pochodzenia: USA<\/td>\n<\/tr>\n<\/tbody>\n<\/table>\n<\/td>\n<\/tr>\n<\/tbody>\n<\/table>\n<\/div>\n","protected":false},"excerpt":{"rendered":"<p>Przez lata <strong>firma Microtech\u00ae Knives<\/strong> wype\u0142nia\u0142a no\u017ce pasj\u0105 i umiej\u0119tno\u015bciami, aby tworzy\u0107 niemal dzie\u0142a sztuki, kt\u00f3re s\u0105 szczytem funkcjonalno\u015bci. Wszystkie cz\u0119\u015bci wyprodukowano w USA.<br \/>\n<strong>Wszystkie no\u017ce Microtech obj\u0119te s\u0105 do\u017cywotni\u0105 gwarancj\u0105.<\/strong><\/p>\n","protected":false},"featured_media":397666,"comment_status":"open","ping_status":"closed","template":"","meta":[],"pwb-brand":[3279],"product_brand":[],"product_cat":[3296,3344],"product_tag":[3671],"class_list":{"0":"post-307555","1":"product","2":"type-product","3":"status-publish","4":"has-post-thumbnail","6":"pwb-brand-microtech-pl","7":"product_cat-noze-pl","8":"product_cat-noze-strzeleckie","9":"product_tag-b2b-pl","11":"first","12":"instock","13":"taxable","14":"shipping-taxable","15":"purchasable","16":"product-type-simple"},"brands":[{"id":3279,"name":"Microtech","slug":"microtech-pl"}],"_links":{"self":[{"href":"https:\/\/www.moskito.cz\/pl\/wp-json\/wp\/v2\/product\/307555","targetHints":{"allow":["GET"]}}],"collection":[{"href":"https:\/\/www.moskito.cz\/pl\/wp-json\/wp\/v2\/product"}],"about":[{"href":"https:\/\/www.moskito.cz\/pl\/wp-json\/wp\/v2\/types\/product"}],"replies":[{"embeddable":true,"href":"https:\/\/www.moskito.cz\/pl\/wp-json\/wp\/v2\/comments?post=307555"}],"wp:featuredmedia":[{"embeddable":true,"href":"https:\/\/www.moskito.cz\/pl\/wp-json\/wp\/v2\/media\/397666"}],"wp:attachment":[{"href":"https:\/\/www.moskito.cz\/pl\/wp-json\/wp\/v2\/media?parent=307555"}],"wp:term":[{"taxonomy":"pwb-brand","embeddable":true,"href":"https:\/\/www.moskito.cz\/pl\/wp-json\/wp\/v2\/pwb-brand?post=307555"},{"taxonomy":"product_brand","embeddable":true,"href":"https:\/\/www.moskito.cz\/pl\/wp-json\/wp\/v2\/product_brand?post=307555"},{"taxonomy":"product_cat","embeddable":true,"href":"https:\/\/www.moskito.cz\/pl\/wp-json\/wp\/v2\/product_cat?post=307555"},{"taxonomy":"product_tag","embeddable":true,"href":"https:\/\/www.moskito.cz\/pl\/wp-json\/wp\/v2\/product_tag?post=307555"}],"curies":[{"name":"wp","href":"https:\/\/api.w.org\/{rel}","templated":true}]}}