{"id":307557,"date":"2020-01-09T14:08:05","date_gmt":"2024-02-06T10:57:57","guid":{"rendered":"https:\/\/www.moskito.cz\/produkt\/solidny-noz-damascenski-mcusta-65d\/"},"modified":"2025-07-11T07:50:24","modified_gmt":"2025-07-11T06:50:24","slug":"solidny-noz-damascenski-mcusta-65d","status":"publish","type":"product","link":"https:\/\/www.moskito.cz\/pl\/produkt\/solidny-noz-damascenski-mcusta-65d\/","title":{"rendered":"Solidny n\u00f3\u017c damasce\u0144ski Mcusta 65D"},"content":{"rendered":"<p>Solidny n\u00f3\u017c damasce\u0144ski Mcusta.<\/p>\n<p><span class=\"tlid-translation translation\" lang=\"cs\"><span class=\"\" title=\"\">Seria MC-6 to pierwsze sta\u0142e ostrze firmy Mcusta.<\/span> <span title=\"\">Jest to pi\u00f3rkowy, cienki pasek, uniwersalny n\u00f3\u017c uniwersalny, odpowiedni dla \u0142owc\u00f3w pstr\u0105g\u00f3w i ptak\u00f3w.<\/span> <span title=\"\">Ostrze i r\u0119koje\u015b\u0107 wykonane s\u0105 z jednego kawa\u0142ka rdzenia VG-10, kutego z 33-warstwowej niklowanej stali nierdzewnej damasce\u0144skiej.<\/span> <span class=\"\" title=\"\">R\u0119koje\u015b\u0107 jest ryflowana i inkrustowana syntetycznymi p\u0142ytkami malachitowymi.<\/span> <span class=\"\" title=\"\">Ka\u017cdy n\u00f3\u017c posiada czarn\u0105 sk\u00f3rzan\u0105 pochw\u0119.<\/span><\/span><\/p>\n<p>Seria MC-6 to pierwsze ostrze sta\u0142e firmy Mcusta. Jest to lekki jak pi\u00f3rko, smuk\u0142y, uniwersalny n\u00f3\u017c uniwersalny, odpowiedni dla \u0142owc\u00f3w pstr\u0105g\u00f3w i ptak\u00f3w. Ostrze i r\u0119koje\u015b\u0107 stanowi\u0105 jednocz\u0119\u015bciow\u0105 konstrukcj\u0119 z rdzenia VG-10 kutego z 33-warstwow\u0105 niklow\u0105 stal\u0105 damasce\u0144sk\u0105. R\u0119koje\u015b\u0107 jest ryflowana i inkrustowana syntetycznymi p\u0142ytkami malachitowymi. Do ka\u017cdego no\u017ca do\u0142\u0105czona jest czarna sk\u00f3rzana pochwa.<\/p>\n<p>No\u017ce Mcusta pochodz\u0105 z japo\u0144skiego miasta Seki. W naszej ofercie znajdziesz kilka ich produkt\u00f3w.<\/p>\n<p>No\u017ce Mcusta s\u0105 symbolem oryginalno\u015bci, najwy\u017cszej jako\u015bci wykonania i doskona\u0142ego designu.<\/p>\n<p>Produkowane s\u0105 w mie\u015bcie Seki, kt\u00f3re istnieje od XIII wieku. wieku uwa\u017cane za centrum produkcji no\u017cy. Dzi\u0119ki obfitym zasobom mineralnym sta\u0142o si\u0119 idealnym miejscem, kt\u00f3re przyci\u0105gn\u0119\u0142o Mistrza Motoshige. Na przestrzeni wiek\u00f3w techniki i umiej\u0119tno\u015bci mistrz\u00f3w kowalstwa by\u0142y przekazywane z pokolenia na pokolenie i stale udoskonalane. Miasto Seki jest do dzi\u015b wa\u017cnym o\u015brodkiem.No\u017ce Mcusta s\u0105 szczytem tradycyjnej japo\u0144skiej produkcji i nowoczesnej, zaawansowanej technologii. Nie s\u0105 produkowane jak wi\u0119kszo\u015b\u0107 no\u017cy produkowanych masowo. Przed sam\u0105 produkcj\u0105 projektowane s\u0105 prototypy, kt\u00f3re s\u0105 dok\u0142adnie testowane i testowane praktycznie.<\/p>\n<p>No\u017ce projektowane s\u0105 tak, aby jak najlepiej dopasowa\u0107 si\u0119 do potrzeb, gustu i stylu klient\u00f3w.<\/p>\n","protected":false},"excerpt":{"rendered":"<p>N\u00f3\u017c sta\u0142y z pochw\u0105.<\/p>\n","protected":false},"featured_media":190028,"comment_status":"open","ping_status":"closed","template":"","meta":[],"pwb-brand":[3563],"product_brand":[],"product_cat":[3296,3421],"product_tag":[],"class_list":{"0":"post-307557","1":"product","2":"type-product","3":"status-publish","4":"has-post-thumbnail","6":"pwb-brand-mcusta-pl","7":"product_cat-noze-pl","8":"product_cat-noze-damascenskie","10":"first","11":"instock","12":"taxable","13":"shipping-taxable","14":"purchasable","15":"product-type-simple"},"brands":[{"id":3563,"name":"Mcusta","slug":"mcusta-pl"}],"_links":{"self":[{"href":"https:\/\/www.moskito.cz\/pl\/wp-json\/wp\/v2\/product\/307557","targetHints":{"allow":["GET"]}}],"collection":[{"href":"https:\/\/www.moskito.cz\/pl\/wp-json\/wp\/v2\/product"}],"about":[{"href":"https:\/\/www.moskito.cz\/pl\/wp-json\/wp\/v2\/types\/product"}],"replies":[{"embeddable":true,"href":"https:\/\/www.moskito.cz\/pl\/wp-json\/wp\/v2\/comments?post=307557"}],"wp:featuredmedia":[{"embeddable":true,"href":"https:\/\/www.moskito.cz\/pl\/wp-json\/wp\/v2\/media\/190028"}],"wp:attachment":[{"href":"https:\/\/www.moskito.cz\/pl\/wp-json\/wp\/v2\/media?parent=307557"}],"wp:term":[{"taxonomy":"pwb-brand","embeddable":true,"href":"https:\/\/www.moskito.cz\/pl\/wp-json\/wp\/v2\/pwb-brand?post=307557"},{"taxonomy":"product_brand","embeddable":true,"href":"https:\/\/www.moskito.cz\/pl\/wp-json\/wp\/v2\/product_brand?post=307557"},{"taxonomy":"product_cat","embeddable":true,"href":"https:\/\/www.moskito.cz\/pl\/wp-json\/wp\/v2\/product_cat?post=307557"},{"taxonomy":"product_tag","embeddable":true,"href":"https:\/\/www.moskito.cz\/pl\/wp-json\/wp\/v2\/product_tag?post=307557"}],"curies":[{"name":"wp","href":"https:\/\/api.w.org\/{rel}","templated":true}]}}