{"id":307579,"date":"2020-01-13T15:08:04","date_gmt":"2024-02-06T10:58:05","guid":{"rendered":"https:\/\/www.moskito.cz\/produkt\/noz-strzelecki-microtech-ultratech-stonewashed-tanto-123-11\/"},"modified":"2025-07-11T07:50:32","modified_gmt":"2025-07-11T06:50:32","slug":"noz-strzelecki-microtech-ultratech-stonewashed-tanto-123-11","status":"publish","type":"product","link":"https:\/\/www.moskito.cz\/pl\/produkt\/noz-strzelecki-microtech-ultratech-stonewashed-tanto-123-11\/","title":{"rendered":"N\u00f3\u017c strzelecki Microtech Ultratech Stonewashed Tanto 123-11"},"content":{"rendered":"<p>N\u00f3\u017c strzelecki <strong>Microtech<\/strong> Ultratech Stonewashed Tanto 123-11<br \/>\nN\u00f3\u017c strzelecki od przodu.<\/p>\n<p>N\u00f3\u017c strzelecki <strong>Microtech<\/strong> Ultratech 123-11 Ultratech z jedn\u0105 cz\u0119\u015bciowo z\u0105bkowan\u0105 kraw\u0119dzi\u0105 tn\u0105c\u0105 w stylu tanto. N\u00f3\u017c posiada formowan\u0105 aluminiow\u0105 r\u0119koje\u015b\u0107 wykonan\u0105 z anodyzowanego aluminium 6061-T6 w kolorze czarnym, zabezpieczenie i wzmocnienie ze stali nierdzewnej.<\/p>\n<p>Microtech wyposa\u017cy\u0142 t\u0119 wersj\u0119 niezwykle popularnego no\u017ca Ultratech D\/A OTF w g\u0142adko wyprofilowan\u0105 konstrukcj\u0119 r\u0119koje\u015bci zwi\u0119kszaj\u0105c\u0105 komfort u\u017cytkowania. Ten zaktualizowany model zapewnia te same wymiary i trwa\u0142o\u015b\u0107, co wariant \u201eTri-Grip\u201d, a jednocze\u015bnie \u0142atwiej mie\u015bci si\u0119 w d\u0142oni i kieszeni.<\/p>\n<p>Dla tych, kt\u00f3rzy nie znaj\u0105 Ultratech, jest to w pe\u0142ni automatyczny n\u00f3\u017c z podw\u00f3jnym mechanizmem z przodu, co oznacza, \u017ce \u200b\u200bostrze sk\u0142ada si\u0119 i chowa kciukiem. <strong>N\u00f3\u017c Ultratech<\/strong> firmy Microtech wyznaczy\u0142 poprzeczk\u0119 dla wszystkich no\u017cy OTF.<\/p>\n<p>D\u0142ugo\u015b\u0107 ca\u0142kowita: 22 cm<br \/>\nD\u0142ugo\u015b\u0107 ostrza: 8,6 cm<br \/>\nMateria\u0142 ostrza: Bohler M390<br \/>\nStyl ostrza: Tanto<br \/>\nWstawki: p\u0142askie<br \/>\nCzarny kolor<br \/>\nTyp obramowania: Zwyk\u0142y<br \/>\nMateria\u0142 r\u0119koje\u015bci: aluminium<br \/>\nWaga: 3,60 uncji<br \/>\nU\u017cytkownik: Prawa r\u0119ka<br \/>\nKlips kieszonkowy: sk\u0142adany w d\u00f3\u0142<br \/>\nTyp no\u017ca: Automatyczny OTF Double Action<br \/>\nOtwieracz: kciuk<br \/>\nMarka: Microtech<br \/>\nModel: Ultratech<br \/>\nNumer modelu: 123-11<br \/>\nKraj pochodzenia: USA<br \/>\nNajlepsze zastosowanie: codziennie<\/p>\n<div class=\"description\">\n<p>Ultratech na zawsze ustanowi standard dla wszystkich no\u017cy z przodu. Ultratech to oryginalny n\u00f3\u017c typu out-the-front o podw\u00f3jnym dzia\u0142aniu <strong>firmy Microtech<\/strong> , kt\u00f3ry sta\u0142 si\u0119 podstaw\u0105 ca\u0142ej linii OTF. Na przestrzeni lat przeszed\u0142 kilka modyfikacji, za ka\u017cdym razem staj\u0105c si\u0119 bardziej wydajny i niezawodny. Ta wersja ma ulepszony wyprofilowany uchwyt z teksturowanym suwakiem kciuka, kt\u00f3ry zapewnia bardziej pozytywny zakup. Spr\u0119\u017cyna Ultratecha pozostaje przez ca\u0142y czas w pozycji \u201espoczynkowej\u201d, z wyj\u0105tkiem chwili u\u017cycia. Dzi\u0119ki temu \u015bci\u015bni\u0119ta spr\u0119\u017cyna nie ulegnie zm\u0119czeniu, co daje pewno\u015b\u0107 u\u017cytkownikom, \u017ce n\u00f3\u017c po oddaniu strza\u0142u b\u0119dzie dzia\u0142a\u0142 skutecznie. Ultratech mo\u017ce przybiera\u0107 wiele r\u00f3\u017cnych form; mo\u017cna go zwie\u0144czy\u0107 standardowym blatem aluminiowym obrobionym maszynowo lub kawa\u0142kiem w\u0142\u00f3kna w\u0119glowego. Lekki n\u00f3\u017c Ultratech, umo\u017cliwiaj\u0105cy otwieranie i zamykanie jedn\u0105 r\u0119k\u0105, smuk\u0142y kszta\u0142t i ostre ostrze sprawiaj\u0105, \u017ce jest to n\u00f3\u017c jedyny w swoim rodzaju, dost\u0119pny wy\u0142\u0105cznie w <strong>Microtech<\/strong> . N\u00f3\u017c ten wielokrotnie udowodni\u0142, \u017ce jest w stanie pokona\u0107 ka\u017cd\u0105 przeszkod\u0119. Czas poka\u017ce, jaki b\u0119dzie kolejny krok w przypadku serii Ultratech.<\/p>\n<div class=\"clearfix\"><\/div>\n<\/div>\n<div class=\"specifications\">\n<div class=\"features\"><\/div>\n<div class=\"specs\">\n<p><strong>Dane techniczne<\/strong><\/p>\n<ul>\n<li>Automatyczne otwieranie\/zamykanie \u2013 otwieranie frontu<\/li>\n<li>Akcja: Podw\u00f3jne dzia\u0142anie \u2013 automatyczny strza\u0142\/wycofanie<\/li>\n<li>Grubo\u015b\u0107 ostrza: 0,125 cala<\/li>\n<li>D\u0142ugo\u015b\u0107 ostrza: 3,46 cala<\/li>\n<li>Styl ostrza: Single Edge Tanto, Combo Edge<\/li>\n<li>Grubo\u015b\u0107 r\u0119koje\u015bci: 0,640&#8243;<\/li>\n<li>Materia\u0142 r\u0119koje\u015bci: aluminium 6061-T6 z anodowan\u0105 tward\u0105 pow\u0142ok\u0105 Mil-Spec<\/li>\n<li>D\u0142ugo\u015b\u0107 zamkni\u0119ta: 4,84&#8243;<\/li>\n<li>D\u0142ugo\u015b\u0107 otwarta: 8,30 cala<\/li>\n<li>Materia\u0142 klipsa kieszonkowego: stal nierdzewna 301, ca\u0142kowicie twarda<\/li>\n<li>Standardowy blat: stop AL 6061-T6<\/li>\n<li>Spust: stal nierdzewna 303<\/li>\n<li>Nie zawiera os\u0142ony<\/li>\n<li><strong>Nale\u017cy pami\u0119ta\u0107, \u017ce nie mo\u017cna okre\u015bli\u0107 stali ostrza, poniewa\u017c mo\u017ce ona ulec zmianie w zale\u017cno\u015bci od dost\u0119pno\u015bci (informacje od Microtech)<\/strong><\/li>\n<li>Wykonane w USA<\/li>\n<\/ul>\n<\/div>\n<\/div>\n","protected":false},"excerpt":{"rendered":"<p>Przez lata <strong>Microtech\u00ae Knives<\/strong> wype\u0142nia\u0142 no\u017ce pasj\u0105 i umiej\u0119tno\u015bciami, aby stworzy\u0107 niemal dzie\u0142a sztuki, kt\u00f3re s\u0105 szczytem funkcjonalno\u015bci.Wszystkie cz\u0119\u015bci s\u0105 produkowane w USA.<br \/>\n<strong>Wszystkie no\u017ce Microtech obj\u0119te s\u0105 do\u017cywotni\u0105 gwarancj\u0105.<\/strong><\/p>\n","protected":false},"featured_media":206543,"comment_status":"open","ping_status":"closed","template":"","meta":[],"pwb-brand":[3279],"product_brand":[],"product_cat":[3296,3344],"product_tag":[3671],"class_list":{"0":"post-307579","1":"product","2":"type-product","3":"status-publish","4":"has-post-thumbnail","6":"pwb-brand-microtech-pl","7":"product_cat-noze-pl","8":"product_cat-noze-strzeleckie","9":"product_tag-b2b-pl","11":"first","12":"instock","13":"taxable","14":"shipping-taxable","15":"purchasable","16":"product-type-simple"},"brands":[{"id":3279,"name":"Microtech","slug":"microtech-pl"}],"_links":{"self":[{"href":"https:\/\/www.moskito.cz\/pl\/wp-json\/wp\/v2\/product\/307579","targetHints":{"allow":["GET"]}}],"collection":[{"href":"https:\/\/www.moskito.cz\/pl\/wp-json\/wp\/v2\/product"}],"about":[{"href":"https:\/\/www.moskito.cz\/pl\/wp-json\/wp\/v2\/types\/product"}],"replies":[{"embeddable":true,"href":"https:\/\/www.moskito.cz\/pl\/wp-json\/wp\/v2\/comments?post=307579"}],"wp:featuredmedia":[{"embeddable":true,"href":"https:\/\/www.moskito.cz\/pl\/wp-json\/wp\/v2\/media\/206543"}],"wp:attachment":[{"href":"https:\/\/www.moskito.cz\/pl\/wp-json\/wp\/v2\/media?parent=307579"}],"wp:term":[{"taxonomy":"pwb-brand","embeddable":true,"href":"https:\/\/www.moskito.cz\/pl\/wp-json\/wp\/v2\/pwb-brand?post=307579"},{"taxonomy":"product_brand","embeddable":true,"href":"https:\/\/www.moskito.cz\/pl\/wp-json\/wp\/v2\/product_brand?post=307579"},{"taxonomy":"product_cat","embeddable":true,"href":"https:\/\/www.moskito.cz\/pl\/wp-json\/wp\/v2\/product_cat?post=307579"},{"taxonomy":"product_tag","embeddable":true,"href":"https:\/\/www.moskito.cz\/pl\/wp-json\/wp\/v2\/product_tag?post=307579"}],"curies":[{"name":"wp","href":"https:\/\/api.w.org\/{rel}","templated":true}]}}