{"id":307591,"date":"2020-01-31T09:50:43","date_gmt":"2024-02-06T10:58:16","guid":{"rendered":"https:\/\/www.moskito.cz\/produkt\/gaz-pieprzowy-esp-hurricane-15-ml\/"},"modified":"2025-07-11T07:50:44","modified_gmt":"2025-07-11T06:50:44","slug":"gaz-pieprzowy-esp-hurricane-15-ml","status":"publish","type":"product","link":"https:\/\/www.moskito.cz\/pl\/produkt\/gaz-pieprzowy-esp-hurricane-15-ml\/","title":{"rendered":"Gaz pieprzowy ESP HURRICANE 15 ml"},"content":{"rendered":"<p>Gaz pieprzowy ESP HURRICANE 15 ml.<\/p>\n<div>Praktyczny i magazynuj\u0105cy spray z latark\u0105 typu HURRICANE. Do sprayu do\u0142\u0105czony jest miniaturowy adapter, kt\u00f3ry zawiera kompletn\u0105 latark\u0119 LED i gumow\u0105 tulej\u0119. Dzi\u0119ki swoim niewielkim wymiarom lampa w sprayu HURRICANE Flashlight jest idealna dla kobiet, gdy\u017c nie zajmuje du\u017co miejsca w torebce. Mo\u017ce by\u0107 nieocenion\u0105 pomoc\u0105 w przemieszczaniu si\u0119 w potencjalnie niebezpiecznych miejscach.<\/div>\n<div><\/div>\n<div>Gaz pieprzowy o pojemno\u015bci 15 ml zawiera Oleoresin Capsicum (10% OC). Spray ma charakter BEAM z ma\u0142ymi kroplami i dlatego jest mniej podatny na rozproszenie w przypadku lekkiego wiatru. Pozwala na wykonanie ok. 20 kr\u00f3tkich rozpyle\u0144 z odleg\u0142o\u015bci 1-2 m. Zasilanie 4 szt. baterii AG5 (w zestawie).<\/div>\n<div><\/div>\n<div>Po opr\u00f3\u017cnieniu pojemnika ze sprayem modu\u0142 \u015bwietlny mo\u017cna umie\u015bci\u0107 na nowym sprayu HURRICANE. Produkt ten uzyska\u0142 patent w USA (patent USA: 7,641,353).<\/div>\n<div><\/div>\n<div>WYMIARY: wysoko\u015b\u0107 82 mm, szeroko\u015b\u0107 40 mm.<\/div>\n","protected":false},"excerpt":{"rendered":"<p>Gaz pieprzowy.<\/p>\n","protected":false},"featured_media":167282,"comment_status":"open","ping_status":"closed","template":"","meta":[],"pwb-brand":[],"product_brand":[],"product_cat":[3506],"product_tag":[],"class_list":{"0":"post-307591","1":"product","2":"type-product","3":"status-publish","4":"has-post-thumbnail","6":"product_cat-spraye-obronne","8":"first","9":"outofstock","10":"taxable","11":"shipping-taxable","12":"purchasable","13":"product-type-simple"},"brands":[],"_links":{"self":[{"href":"https:\/\/www.moskito.cz\/pl\/wp-json\/wp\/v2\/product\/307591","targetHints":{"allow":["GET"]}}],"collection":[{"href":"https:\/\/www.moskito.cz\/pl\/wp-json\/wp\/v2\/product"}],"about":[{"href":"https:\/\/www.moskito.cz\/pl\/wp-json\/wp\/v2\/types\/product"}],"replies":[{"embeddable":true,"href":"https:\/\/www.moskito.cz\/pl\/wp-json\/wp\/v2\/comments?post=307591"}],"wp:featuredmedia":[{"embeddable":true,"href":"https:\/\/www.moskito.cz\/pl\/wp-json\/wp\/v2\/media\/167282"}],"wp:attachment":[{"href":"https:\/\/www.moskito.cz\/pl\/wp-json\/wp\/v2\/media?parent=307591"}],"wp:term":[{"taxonomy":"pwb-brand","embeddable":true,"href":"https:\/\/www.moskito.cz\/pl\/wp-json\/wp\/v2\/pwb-brand?post=307591"},{"taxonomy":"product_brand","embeddable":true,"href":"https:\/\/www.moskito.cz\/pl\/wp-json\/wp\/v2\/product_brand?post=307591"},{"taxonomy":"product_cat","embeddable":true,"href":"https:\/\/www.moskito.cz\/pl\/wp-json\/wp\/v2\/product_cat?post=307591"},{"taxonomy":"product_tag","embeddable":true,"href":"https:\/\/www.moskito.cz\/pl\/wp-json\/wp\/v2\/product_tag?post=307591"}],"curies":[{"name":"wp","href":"https:\/\/api.w.org\/{rel}","templated":true}]}}