{"id":307609,"date":"2020-02-26T21:50:05","date_gmt":"2020-02-26T20:50:05","guid":{"rendered":"https:\/\/www.moskito.cz\/produkt\/noz-strzelecki-microtech-utx-85-satin-231-5\/"},"modified":"2025-11-27T14:58:12","modified_gmt":"2025-11-27T13:58:12","slug":"noz-strzelecki-microtech-utx-85-satin-231-5","status":"publish","type":"product","link":"https:\/\/www.moskito.cz\/pl\/produkt\/noz-strzelecki-microtech-utx-85-satin-231-5\/","title":{"rendered":"N\u00f3\u017c strzelecki Microtech UTX-85 Satin 231-5"},"content":{"rendered":"<p>N\u00f3\u017c strzelecki <strong>Microtech<\/strong> UTX-85 Satin 231-5.<\/p>\n<p><span lang=\"cs\">Przez lata <strong>Microtech\u00ae Knives<\/strong> w\u0142o\u017cy\u0142 pasj\u0119 i umiej\u0119tno\u015bci w produkcj\u0119 no\u017cy, tworz\u0105c niemal dzie\u0142a sztuki,<br \/>\n kt\u00f3re s\u0105 szczytem funkcjonalno\u015bci. Nadal przekracza granice i si\u0119 doskonali,<br \/>\n to co ju\u017c wie dzia\u0142a. W 2020 roku firma Microtech\u00ae Knives sta\u0142a si\u0119 wiod\u0105cym producentem no\u017cy.<br \/>\n marka, kt\u00f3ra stale si\u0119 rozwija i idzie naprz\u00f3d, wykorzystuj\u0105c najnowsze technologie,<br \/>\n staro\u017cytne zasady produkcji ostrzy i rygorystyczne testy terenowe, aby nie i\u015b\u0107 na kompromis w kwestii jako\u015bci.  <\/span><\/p>\n<p>N\u00f3\u017c strzelecki od przodu.<\/p>\n<p><strong>UTX-85<\/strong> z pojedynczym ostrzem. N\u00f3\u017c posiada profilowan\u0105 aluminiow\u0105 r\u0119koje\u015b\u0107 wykonan\u0105 z anodyzowanego aluminium 6061-T6 z kulist\u0105 ko\u0144c\u00f3wk\u0105 wykonan\u0105 ze stali nierdzewnej.<\/p>\n<p>N\u00f3\u017c strzelecki <strong>Microtech UTX-85<\/strong> 231-5 N\u00f3\u017c o g\u0142adkiej, wyprofilowanej konstrukcji r\u0119koje\u015bci zwi\u0119kszaj\u0105cej komfort podczas u\u017cytkowania. Ten zaktualizowany model zapewnia te same wymiary, osprz\u0119t i trwa\u0142o\u015b\u0107, co wariant \u201eTri-Grip\u201d, a tak\u017ce \u0142atwiej mie\u015bci si\u0119 w d\u0142oni i kieszeni.<\/p>\n<p>Dla niezaznajomionych z t\u0105 technologi\u0105, jest to w pe\u0142ni automatyczny n\u00f3\u017c z podw\u00f3jnym mechanizmem z przodu, co oznacza, \u017ce \u200b\u200bostrze sk\u0142ada si\u0119 i chowa kciukiem. N\u00f3\u017c Microtech wyznaczy\u0142 poprzeczk\u0119 dla wszystkich no\u017cy OTF.<\/p>\n<p>D\u0142ugo\u015b\u0107 ca\u0142kowita: 18,75 cm<br \/>\nD\u0142ugo\u015b\u0107 ostrza: 7,81 cm<br \/>\nKraw\u0119d\u017a tn\u0105ca: 7,17 cm<br \/>\nGrubo\u015b\u0107 ostrza: 0,32 cm<br \/>\nMateria\u0142 ostrza: Bohler M390<br \/>\nStyl ostrza: klasyczny<br \/>\nWstawki: p\u0142askie<br \/>\nWyko\u0144czenie: satyna<br \/>\nTyp obramowania: Zwyk\u0142y<br \/>\nD\u0142ugo\u015b\u0107 r\u0105czki: 10,92 cm<br \/>\n Grubo\u015b\u0107 uchwytu: 1,17 cm<br \/>\n Materia\u0142 uchwytu: aluminium<br \/>\n Kolor czarny<br \/>\n Waga: 3,06 uncji.<br \/>\nU\u017cytkownik: Prawa r\u0119ka<br \/>\nKlips kieszonkowy: sk\u0142adany w d\u00f3\u0142<br \/>\nTyp no\u017ca: Automatyczny OTF Double Action<br \/>\nOtwieracz: kciuk<br \/>\nMarka: Microtech<br \/>\nModel: UTX-85<br \/>\nNumer modelu: 231-5<br \/>\nKraj pochodzenia: USA<br \/>\nNajlepsze zastosowanie: taktyczne<\/p>\n<div class=\"description\">\n<div class=\"clearfix\">https:\/\/youtu.be\/xE9TeOFYEjg?si=_cD7H1ukVfrw59MV<\/div>\n<div><\/div>\n<div><\/div>\n<\/div>\n<div class=\"specifications\">\n<div class=\"features\"><\/div>\n<div class=\"specs\">\n<p>&nbsp;<\/p>\n<\/div>\n<div class=\"clearfix\"><\/div>\n<\/div>\n","protected":false},"excerpt":{"rendered":"<p><strong>Przez lata Microtech\u00ae Knives wype\u0142nia\u0142 no\u017ce pasj\u0105 i umiej\u0119tno\u015bciami, aby tworzy\u0107 niemal dzie\u0142a sztuki, kt\u00f3re s\u0105 szczytem funkcjonalno\u015bci. Wszystkie cz\u0119\u015bci wyprodukowano w USA.<\/strong><br \/>\n<strong>Wszystkie no\u017ce Microtech obj\u0119te s\u0105 do\u017cywotni\u0105 gwarancj\u0105.<\/strong><\/p>\n","protected":false},"featured_media":197558,"comment_status":"open","ping_status":"closed","template":"","meta":[],"pwb-brand":[3279],"product_brand":[],"product_cat":[3344,3296],"product_tag":[3671],"class_list":{"0":"post-307609","1":"product","2":"type-product","3":"status-publish","4":"has-post-thumbnail","6":"pwb-brand-microtech-pl","7":"product_cat-noze-strzeleckie","8":"product_cat-noze-pl","9":"product_tag-b2b-pl","11":"first","12":"outofstock","13":"taxable","14":"shipping-taxable","15":"purchasable","16":"product-type-simple"},"brands":[{"id":3279,"name":"Microtech","slug":"microtech-pl"}],"_links":{"self":[{"href":"https:\/\/www.moskito.cz\/pl\/wp-json\/wp\/v2\/product\/307609","targetHints":{"allow":["GET"]}}],"collection":[{"href":"https:\/\/www.moskito.cz\/pl\/wp-json\/wp\/v2\/product"}],"about":[{"href":"https:\/\/www.moskito.cz\/pl\/wp-json\/wp\/v2\/types\/product"}],"replies":[{"embeddable":true,"href":"https:\/\/www.moskito.cz\/pl\/wp-json\/wp\/v2\/comments?post=307609"}],"wp:featuredmedia":[{"embeddable":true,"href":"https:\/\/www.moskito.cz\/pl\/wp-json\/wp\/v2\/media\/197558"}],"wp:attachment":[{"href":"https:\/\/www.moskito.cz\/pl\/wp-json\/wp\/v2\/media?parent=307609"}],"wp:term":[{"taxonomy":"pwb-brand","embeddable":true,"href":"https:\/\/www.moskito.cz\/pl\/wp-json\/wp\/v2\/pwb-brand?post=307609"},{"taxonomy":"product_brand","embeddable":true,"href":"https:\/\/www.moskito.cz\/pl\/wp-json\/wp\/v2\/product_brand?post=307609"},{"taxonomy":"product_cat","embeddable":true,"href":"https:\/\/www.moskito.cz\/pl\/wp-json\/wp\/v2\/product_cat?post=307609"},{"taxonomy":"product_tag","embeddable":true,"href":"https:\/\/www.moskito.cz\/pl\/wp-json\/wp\/v2\/product_tag?post=307609"}],"curies":[{"name":"wp","href":"https:\/\/api.w.org\/{rel}","templated":true}]}}