{"id":307610,"date":"2020-03-28T19:51:46","date_gmt":"2024-02-06T10:58:21","guid":{"rendered":"https:\/\/www.moskito.cz\/produkt\/brelok-do-kluczy-patrona-9-mm\/"},"modified":"2025-07-11T07:50:59","modified_gmt":"2025-07-11T06:50:59","slug":"brelok-do-kluczy-patrona-9-mm","status":"publish","type":"product","link":"https:\/\/www.moskito.cz\/pl\/produkt\/brelok-do-kluczy-patrona-9-mm\/","title":{"rendered":"Brelok do kluczy PATRONA 9 mm"},"content":{"rendered":"<p>Brelok do kluczy Patrona 9 mm.<\/p>\n<p>Ten wisiorek naprawd\u0119 zadowoli ka\u017cdego, kto cho\u0107 minimalnie interesuje si\u0119 broni\u0105.<\/p>\n<p>&nbsp;<\/p>\n","protected":false},"excerpt":{"rendered":"<p><strong>Nab\u00f3j<\/strong> 9 mm.ch<\/p>\n","protected":false},"featured_media":181993,"comment_status":"open","ping_status":"closed","template":"","meta":[],"pwb-brand":[3571],"product_brand":[],"product_cat":[3572],"product_tag":[],"class_list":{"0":"post-307610","1":"product","2":"type-product","3":"status-publish","4":"has-post-thumbnail","6":"pwb-brand-chicagowskie-sztucce","7":"product_cat-wisiorek","9":"first","10":"instock","11":"taxable","12":"shipping-taxable","13":"purchasable","14":"product-type-simple"},"brands":[{"id":3571,"name":"Chicagowskie sztu\u0107ce","slug":"chicagowskie-sztucce"}],"_links":{"self":[{"href":"https:\/\/www.moskito.cz\/pl\/wp-json\/wp\/v2\/product\/307610","targetHints":{"allow":["GET"]}}],"collection":[{"href":"https:\/\/www.moskito.cz\/pl\/wp-json\/wp\/v2\/product"}],"about":[{"href":"https:\/\/www.moskito.cz\/pl\/wp-json\/wp\/v2\/types\/product"}],"replies":[{"embeddable":true,"href":"https:\/\/www.moskito.cz\/pl\/wp-json\/wp\/v2\/comments?post=307610"}],"wp:featuredmedia":[{"embeddable":true,"href":"https:\/\/www.moskito.cz\/pl\/wp-json\/wp\/v2\/media\/181993"}],"wp:attachment":[{"href":"https:\/\/www.moskito.cz\/pl\/wp-json\/wp\/v2\/media?parent=307610"}],"wp:term":[{"taxonomy":"pwb-brand","embeddable":true,"href":"https:\/\/www.moskito.cz\/pl\/wp-json\/wp\/v2\/pwb-brand?post=307610"},{"taxonomy":"product_brand","embeddable":true,"href":"https:\/\/www.moskito.cz\/pl\/wp-json\/wp\/v2\/product_brand?post=307610"},{"taxonomy":"product_cat","embeddable":true,"href":"https:\/\/www.moskito.cz\/pl\/wp-json\/wp\/v2\/product_cat?post=307610"},{"taxonomy":"product_tag","embeddable":true,"href":"https:\/\/www.moskito.cz\/pl\/wp-json\/wp\/v2\/product_tag?post=307610"}],"curies":[{"name":"wp","href":"https:\/\/api.w.org\/{rel}","templated":true}]}}