{"id":307614,"date":"2020-02-04T13:45:41","date_gmt":"2020-02-04T12:45:41","guid":{"rendered":"https:\/\/www.moskito.cz\/produkt\/moneta-microtech-continental-zdobiona-zlotem-502-mck\/"},"modified":"2025-07-11T07:50:46","modified_gmt":"2025-07-11T06:50:46","slug":"moneta-microtech-continental-zdobiona-zlotem-502-mck","status":"publish","type":"product","link":"https:\/\/www.moskito.cz\/pl\/produkt\/moneta-microtech-continental-zdobiona-zlotem-502-mck\/","title":{"rendered":"Moneta Microtech Continental \u2013 zdobiona z\u0142otem 502-MCK"},"content":{"rendered":"<p>Moneta <strong>Microtech<\/strong> Continental \u2013 zdobiona z\u0142otem 502-MCK.<\/p>\n<pre id=\"tw-target-text\" class=\"tw-data-text tw-text-large tw-ta\" dir=\"ltr\" data-placeholder=\"P\u0159eklad\"><span lang=\"cs\">\nAmerick\u00e9 v\u00fdzvov\u00e9 mince tradi\u010dn\u011b za\u010d\u00ednaly v arm\u00e1d\u011b jako \u017eeton eskadry nebo organizace, ke kter\u00e9 jste pat\u0159ili, a byly tak\u00e9 rozd\u00e1v\u00e1ny jako uzn\u00e1n\u00ed za state\u010dnost a slu\u017ebu. U\u010denci si nejsou jisti, zda tato praxe za\u010dala b\u011bhem prvn\u00ed nebo druh\u00e9 sv\u011btov\u00e9 v\u00e1lky, ale tato praxe sah\u00e1 a\u017e do starov\u011bk\u00e9ho \u0158\u00edma, kdy voj\u00e1ci dostali nav\u00edc minci ve v\u00fdplat\u011b, pokud si v bitv\u011b vedl v\u00fdjime\u010dn\u011b dob\u0159e. Tyto mince maj\u00ed stejn\u00fd design jako mince pou\u017eit\u00e9 ve filmech <strong>Johna Wicka<\/strong>. Skv\u011bl\u00fd d\u00e1rek pro odv\u00e1\u017enou du\u0161i nebo pro n\u011bkoho, kdo pot\u0159ebuje dal\u0161\u00ed d\u00e1vku odvahy a podpory. Tato mince je vyrobena spole\u010dnost\u00ed <strong>Microtech <\/strong>Knives v USA.\nKa\u017ed\u00e1 mince je zape\u010det\u011bna v pr\u016fhledn\u00e9m ochrann\u00e9m pouzd\u0159e.\n\n<iframe title=\"Microtech Combat Troodon Torture Test\" width=\"800\" height=\"450\" src=\"https:\/\/www.youtube.com\/embed\/xE9TeOFYEjg?feature=oembed\" frameborder=\"0\" allow=\"accelerometer; autoplay; clipboard-write; encrypted-media; gyroscope; picture-in-picture; web-share\" allowfullscreen><\/iframe>\n\n<\/span><\/pre>\n","protected":false},"excerpt":{"rendered":"<p><strong>Przez lata Microtech\u00ae Knives wype\u0142nia\u0142 no\u017ce pasj\u0105 i umiej\u0119tno\u015bciami, aby tworzy\u0107 niemal dzie\u0142a sztuki, kt\u00f3re s\u0105 szczytem funkcjonalno\u015bci.Wszystkie cz\u0119\u015bci s\u0105 produkowane w USA.<\/strong><br \/>\n<strong>Wszystkie no\u017ce Microtech obj\u0119te s\u0105 do\u017cywotni\u0105 gwarancj\u0105.<\/strong><\/p>\n","protected":false},"featured_media":259795,"comment_status":"open","ping_status":"closed","template":"","meta":[],"pwb-brand":[3279],"product_brand":[],"product_cat":[3344,3296],"product_tag":[3671],"class_list":{"0":"post-307614","1":"product","2":"type-product","3":"status-publish","4":"has-post-thumbnail","6":"pwb-brand-microtech-pl","7":"product_cat-noze-strzeleckie","8":"product_cat-noze-pl","9":"product_tag-b2b-pl","11":"first","12":"outofstock","13":"taxable","14":"shipping-taxable","15":"purchasable","16":"product-type-simple"},"brands":[{"id":3279,"name":"Microtech","slug":"microtech-pl"}],"_links":{"self":[{"href":"https:\/\/www.moskito.cz\/pl\/wp-json\/wp\/v2\/product\/307614","targetHints":{"allow":["GET"]}}],"collection":[{"href":"https:\/\/www.moskito.cz\/pl\/wp-json\/wp\/v2\/product"}],"about":[{"href":"https:\/\/www.moskito.cz\/pl\/wp-json\/wp\/v2\/types\/product"}],"replies":[{"embeddable":true,"href":"https:\/\/www.moskito.cz\/pl\/wp-json\/wp\/v2\/comments?post=307614"}],"wp:featuredmedia":[{"embeddable":true,"href":"https:\/\/www.moskito.cz\/pl\/wp-json\/wp\/v2\/media\/259795"}],"wp:attachment":[{"href":"https:\/\/www.moskito.cz\/pl\/wp-json\/wp\/v2\/media?parent=307614"}],"wp:term":[{"taxonomy":"pwb-brand","embeddable":true,"href":"https:\/\/www.moskito.cz\/pl\/wp-json\/wp\/v2\/pwb-brand?post=307614"},{"taxonomy":"product_brand","embeddable":true,"href":"https:\/\/www.moskito.cz\/pl\/wp-json\/wp\/v2\/product_brand?post=307614"},{"taxonomy":"product_cat","embeddable":true,"href":"https:\/\/www.moskito.cz\/pl\/wp-json\/wp\/v2\/product_cat?post=307614"},{"taxonomy":"product_tag","embeddable":true,"href":"https:\/\/www.moskito.cz\/pl\/wp-json\/wp\/v2\/product_tag?post=307614"}],"curies":[{"name":"wp","href":"https:\/\/api.w.org\/{rel}","templated":true}]}}