{"id":307615,"date":"2020-02-26T19:39:42","date_gmt":"2020-02-26T18:39:42","guid":{"rendered":"https:\/\/www.moskito.cz\/produkt\/noz-strzelecki-microtech-ultratech-122-10-dgy\/"},"modified":"2025-07-11T07:50:54","modified_gmt":"2025-07-11T06:50:54","slug":"noz-strzelecki-microtech-ultratech-122-10-dgy","status":"publish","type":"product","link":"https:\/\/www.moskito.cz\/pl\/produkt\/noz-strzelecki-microtech-ultratech-122-10-dgy\/","title":{"rendered":"N\u00f3\u017c strzelecki Microtech Ultratech 122-10 DGY"},"content":{"rendered":"<p>N\u00f3\u017c strzelecki <strong>Microtech Ultratech<\/strong> 122-10 DGY.<\/p>\n<p><span class=\"tlid-translation translation\"><span class=\"\" title=\"\">N\u00f3\u017c strzelecki od przodu.<br \/>\n<\/span><\/span><\/p>\n<p><span lang=\"cs\">Przez lata <strong>firma Microtech\u00ae Knives<\/strong> wype\u0142nia\u0142a no\u017ce pasj\u0105 i umiej\u0119tno\u015bciami, aby tworzy\u0107 niemal dzie\u0142a sztuki,<br \/>\nkt\u00f3re s\u0105 szczytem funkcjonalno\u015bci. Kontynuuje przesuwanie granic i ulepszanie<br \/>\nto, co ju\u017c wie, \u017ce dzia\u0142a. W 2020 roku firma Microtech\u00ae Knives sta\u0142a si\u0119 wiod\u0105c\u0105 mark\u0105 no\u017cy<br \/>\nmarka, kt\u00f3ra stale si\u0119 rozwija i idzie do przodu dzi\u0119ki najnowocze\u015bniejszej technologii,<br \/>\nstaro\u017cytne zasady produkcji ostrzy i maksymalne testy w terenie, aby nie pogarsza\u0107 jako\u015bci.  <\/span><\/p>\n<p><span class=\"tlid-translation translation\"><span class=\"\" title=\"\">N\u00f3\u017c strzelecki Microtech Ultratech 122-10 DGY wyposa\u017cony jest w podw\u00f3jne ostrze o prostych kraw\u0119dziach tn\u0105cych.<\/span> N\u00f3\u017c posiada <span class=\"\" title=\"\">profilowan\u0105 aluminiow\u0105 r\u0119koje\u015b\u0107 wykonan\u0105 z anodyzowanego aluminium 6061-T6 z kulist\u0105 ko\u0144c\u00f3wk\u0105 do t\u0142uczenia szk\u0142a wykonan\u0105 ze stali nierdzewnej.<\/span><\/span><\/p>\n<p><span title=\"\"><strong>Microtech<\/strong> wyposa\u017cy\u0142 t\u0119 wersj\u0119 niezwykle popularnego no\u017ca Ultratech D\/A OTF w g\u0142adko wyprofilowan\u0105 konstrukcj\u0119 r\u0119koje\u015bci zwi\u0119kszaj\u0105c\u0105 komfort u\u017cytkowania.<\/span> <span title=\"\">Ten zaktualizowany model zapewnia te same wymiary, osprz\u0119t i trwa\u0142o\u015b\u0107, co wariant \u201eTri-Grip\u201d, ale \u0142atwiej mie\u015bci si\u0119 w d\u0142oni i kieszeni.<\/span><\/p>\n<p><span title=\"\">Dla tych, kt\u00f3rzy nie znaj\u0105 Ultratech, jest to w pe\u0142ni automatyczny n\u00f3\u017c z podw\u00f3jnym mechanizmem z przodu, co oznacza, \u017ce \u200b\u200bostrze sk\u0142ada si\u0119 i chowa kciukiem.<\/span> <span title=\"\">N\u00f3\u017c Ultratech firmy <strong>Microtech<\/strong> wyznaczy\u0142 poprzeczk\u0119 dla wszystkich no\u017cy OTF.<\/span><\/p>\n<p><span class=\"tlid-translation translation\"><span class=\"\" title=\"\">D\u0142ugo\u015b\u0107 ca\u0142kowita: 22 cm<\/span><br \/>\n<span class=\"\" title=\"\">D\u0142ugo\u015b\u0107 ostrza: 8,6 cm<\/span><br \/>\n<span title=\"\">Materia\u0142 ostrza: Bohler M390<\/span><br \/>\n<span class=\"\" title=\"\">Styl ostrza: sztylet<\/span><br \/>\n<span class=\"\" title=\"\">Wstawki: p\u0142askie<\/span><br \/>\n<span title=\"\">Czarny kolor<\/span><br \/>\n<span title=\"\">Typ obramowania: Zwyk\u0142y<\/span><br \/>\n<span title=\"\">Materia\u0142 r\u0119koje\u015bci: aluminium<\/span><br \/>\n<span title=\"\">Waga: 3,60 uncji<\/span><br \/>\n<span title=\"\">U\u017cytkownik: Prawa r\u0119ka<\/span><br \/>\n<span title=\"\">Klips kieszonkowy: sk\u0142adany w d\u00f3\u0142<\/span><br \/>\n<span title=\"\">Typ no\u017ca: Automatyczny OTF Double Action<\/span><br \/>\n<span title=\"\">Otwieracz: kciuk<\/span><br \/>\n<span title=\"\">Marka: Microtech<\/span><br \/>\n<span title=\"\">Model: Ultratech<\/span><br \/>\n<span title=\"\">Numer modelu:<\/span> 122-10 DGY<br \/>\n<span title=\"\">Kraj pochodzenia: USA<\/span><br \/>\n<span title=\"\">Najlepsze zastosowanie: codziennie<\/span><\/span><\/p>\n<p><iframe title=\"Microtech Combat Troodon Torture Test\" width=\"800\" height=\"450\" src=\"https:\/\/www.youtube.com\/embed\/xE9TeOFYEjg?feature=oembed\" frameborder=\"0\" allow=\"accelerometer; autoplay; clipboard-write; encrypted-media; gyroscope; picture-in-picture; web-share\" allowfullscreen><\/iframe><\/p>\n<p>&nbsp;<\/p>\n","protected":false},"excerpt":{"rendered":"<p>Przez lata <strong>firma Microtech\u00ae Knives<\/strong> wype\u0142nia\u0142a no\u017ce pasj\u0105 i umiej\u0119tno\u015bciami, aby tworzy\u0107 niemal dzie\u0142a sztuki, kt\u00f3re s\u0105 szczytem funkcjonalno\u015bci. Wszystkie cz\u0119\u015bci wyprodukowano w USA.<br \/>\n<strong>Wszystkie no\u017ce Microtech obj\u0119te s\u0105 do\u017cywotni\u0105 gwarancj\u0105.<\/strong><\/p>\n","protected":false},"featured_media":397650,"comment_status":"open","ping_status":"closed","template":"","meta":[],"pwb-brand":[3279],"product_brand":[],"product_cat":[3344,3296],"product_tag":[3671],"class_list":{"0":"post-307615","1":"product","2":"type-product","3":"status-publish","4":"has-post-thumbnail","6":"pwb-brand-microtech-pl","7":"product_cat-noze-strzeleckie","8":"product_cat-noze-pl","9":"product_tag-b2b-pl","11":"first","12":"outofstock","13":"taxable","14":"shipping-taxable","15":"purchasable","16":"product-type-simple"},"brands":[{"id":3279,"name":"Microtech","slug":"microtech-pl"}],"_links":{"self":[{"href":"https:\/\/www.moskito.cz\/pl\/wp-json\/wp\/v2\/product\/307615","targetHints":{"allow":["GET"]}}],"collection":[{"href":"https:\/\/www.moskito.cz\/pl\/wp-json\/wp\/v2\/product"}],"about":[{"href":"https:\/\/www.moskito.cz\/pl\/wp-json\/wp\/v2\/types\/product"}],"replies":[{"embeddable":true,"href":"https:\/\/www.moskito.cz\/pl\/wp-json\/wp\/v2\/comments?post=307615"}],"wp:featuredmedia":[{"embeddable":true,"href":"https:\/\/www.moskito.cz\/pl\/wp-json\/wp\/v2\/media\/397650"}],"wp:attachment":[{"href":"https:\/\/www.moskito.cz\/pl\/wp-json\/wp\/v2\/media?parent=307615"}],"wp:term":[{"taxonomy":"pwb-brand","embeddable":true,"href":"https:\/\/www.moskito.cz\/pl\/wp-json\/wp\/v2\/pwb-brand?post=307615"},{"taxonomy":"product_brand","embeddable":true,"href":"https:\/\/www.moskito.cz\/pl\/wp-json\/wp\/v2\/product_brand?post=307615"},{"taxonomy":"product_cat","embeddable":true,"href":"https:\/\/www.moskito.cz\/pl\/wp-json\/wp\/v2\/product_cat?post=307615"},{"taxonomy":"product_tag","embeddable":true,"href":"https:\/\/www.moskito.cz\/pl\/wp-json\/wp\/v2\/product_tag?post=307615"}],"curies":[{"name":"wp","href":"https:\/\/api.w.org\/{rel}","templated":true}]}}