{"id":307619,"date":"2020-02-24T14:26:07","date_gmt":"2024-02-06T10:58:24","guid":{"rendered":"https:\/\/www.moskito.cz\/produkt\/noz-skladany-victorinox-angler-1-3653-72\/"},"modified":"2025-07-11T07:50:51","modified_gmt":"2025-07-11T06:50:51","slug":"noz-skladany-victorinox-angler-1-3653-72","status":"publish","type":"product","link":"https:\/\/www.moskito.cz\/pl\/produkt\/noz-skladany-victorinox-angler-1-3653-72\/","title":{"rendered":"N\u00f3\u017c sk\u0142adany Victorinox Angler 1.3653.72"},"content":{"rendered":"<p>N\u00f3\u017c sk\u0142adany Victorinox Angler 1.3653.72.<\/p>\n<p>Scyzoryk 91 mm ze szczypcami i uniwersalnym narz\u0119dziem w\u0119dkarskim. Nadaje si\u0119 do \u0142owienia ryb. Liczba funkcji 18.<\/p>\n<p>du\u017cy n\u00f3\u017c<br \/>\nma\u0142y n\u00f3\u017c<br \/>\nkorkoci\u0105g<br \/>\notwieracz do puszek s<br \/>\nma\u0142y \u015brubokr\u0119t (r\u00f3wnie\u017c do \u015brub Phillips)<br \/>\notwieracz do butelek z<br \/>\n\u015arubokr\u0119t<br \/>\n\u015bci\u0105gacz izolacji<br \/>\nrozwiertak, kolec<br \/>\nBrelok ze stali nierdzewnej<br \/>\npinceta<br \/>\nwyka\u0142aczka<br \/>\nRybie \u0142uski<br \/>\nhak do wyrzucenia<br \/>\nskala (w cm i calach)<br \/>\nobc\u0119gi<br \/>\nprzecinak do drutu<br \/>\nnarz\u0119dzie do kraw\u0119dzi drutu<\/p>\n<p>&nbsp;<\/p>\n<p>Ci, kt\u00f3rzy musz\u0105 by\u0107 zawsze gotowi na wszystko, wsz\u0119dzie zabieraj\u0105 ze sob\u0105 scyzoryk. Od 1897 roku szwajcarski scyzoryk jest niezawodnym narz\u0119dziem podczas wielu przyg\u00f3d na ca\u0142ym \u015bwiecie. Niezale\u017cnie od tego, czy eksplorujesz miasta, dna ocean\u00f3w, g\u00f3ry czy kosmos, szwajcarski scyzoryk to towarzysz, na kt\u00f3rym mo\u017cesz polega\u0107.<\/p>\n<p>Wszystkie no\u017ce VICTORINOX obj\u0119te s\u0105 do\u017cywotni\u0105 gwarancj\u0105 obejmuj\u0105c\u0105 wszelkie wady materia\u0142owe i produkcyjne. Gwarancja nie obejmuje uszkodze\u0144 spowodowanych normalnym zu\u017cyciem lub niew\u0142a\u015bciwym u\u017cytkowaniem.<\/p>\n<p>W 1884 roku szwajcarski pionier Karl Elsener za\u0142o\u017cy\u0142 warsztat no\u017cy. Wkr\u00f3tce potem utorowa\u0142 drog\u0119 do niezr\u00f3wnanej historii firmy poprzez opracowanie legendarnego ju\u017c \u201eOryginalnego szwajcarskiego scyzoryka\u201d. Opr\u00f3cz no\u017cy kieszonkowych, domowych i profesjonalnych, niezale\u017cna firma rodzinna Victorinox produkuje i sprzedaje na ca\u0142ym \u015bwiecie zegarki, sprz\u0119t podr\u00f3\u017cny, mod\u0119 i perfumy. Ka\u017cdy produkt jest wyrazem szwajcarskiej jako\u015bci.<\/p>\n","protected":false},"excerpt":{"rendered":"<p>Zamykany n\u00f3\u017c.<\/p>\n","protected":false},"featured_media":167546,"comment_status":"open","ping_status":"closed","template":"","meta":[],"pwb-brand":[3534],"product_brand":[],"product_cat":[3296,3307],"product_tag":[],"class_list":{"0":"post-307619","1":"product","2":"type-product","3":"status-publish","4":"has-post-thumbnail","6":"pwb-brand-victorinox-pl","7":"product_cat-noze-pl","8":"product_cat-zamykanie-nozy","10":"first","11":"instock","12":"taxable","13":"shipping-taxable","14":"purchasable","15":"product-type-simple"},"brands":[{"id":3534,"name":"Victorinox","slug":"victorinox-pl"}],"_links":{"self":[{"href":"https:\/\/www.moskito.cz\/pl\/wp-json\/wp\/v2\/product\/307619","targetHints":{"allow":["GET"]}}],"collection":[{"href":"https:\/\/www.moskito.cz\/pl\/wp-json\/wp\/v2\/product"}],"about":[{"href":"https:\/\/www.moskito.cz\/pl\/wp-json\/wp\/v2\/types\/product"}],"replies":[{"embeddable":true,"href":"https:\/\/www.moskito.cz\/pl\/wp-json\/wp\/v2\/comments?post=307619"}],"wp:featuredmedia":[{"embeddable":true,"href":"https:\/\/www.moskito.cz\/pl\/wp-json\/wp\/v2\/media\/167546"}],"wp:attachment":[{"href":"https:\/\/www.moskito.cz\/pl\/wp-json\/wp\/v2\/media?parent=307619"}],"wp:term":[{"taxonomy":"pwb-brand","embeddable":true,"href":"https:\/\/www.moskito.cz\/pl\/wp-json\/wp\/v2\/pwb-brand?post=307619"},{"taxonomy":"product_brand","embeddable":true,"href":"https:\/\/www.moskito.cz\/pl\/wp-json\/wp\/v2\/product_brand?post=307619"},{"taxonomy":"product_cat","embeddable":true,"href":"https:\/\/www.moskito.cz\/pl\/wp-json\/wp\/v2\/product_cat?post=307619"},{"taxonomy":"product_tag","embeddable":true,"href":"https:\/\/www.moskito.cz\/pl\/wp-json\/wp\/v2\/product_tag?post=307619"}],"curies":[{"name":"wp","href":"https:\/\/api.w.org\/{rel}","templated":true}]}}