{"id":307624,"date":"2020-02-29T21:09:37","date_gmt":"2024-02-06T10:58:27","guid":{"rendered":"https:\/\/www.moskito.cz\/produkt\/noz-strzelecki-microtech-utx-85-233-1-t\/"},"modified":"2025-07-11T07:50:58","modified_gmt":"2025-07-11T06:50:58","slug":"noz-strzelecki-microtech-utx-85-233-1-t","status":"publish","type":"product","link":"https:\/\/www.moskito.cz\/pl\/produkt\/noz-strzelecki-microtech-utx-85-233-1-t\/","title":{"rendered":"N\u00f3\u017c strzelecki Microtech UTX-85 233-1 T"},"content":{"rendered":"<p>N\u00f3\u017c strzelecki <strong>Microtech<\/strong> UTX-85 233-1 T.<\/p>\n<p>Ten fantastyczny n\u00f3\u017c OTF o podw\u00f3jnym dzia\u0142aniu ma idealny rozmiar i jak sama nazwa wskazuje, jest w 85% Microtech &#8211; flagowym modelem Ultratech. Nowo przeprojektowany UTX-85 ma nowy kszta\u0142t uchwytu, zaktualizowany tr\u00f3jk\u0105tny osprz\u0119t, przeprojektowany suwak kciuka, a zbijak do szk\u0142a ma wprasowane \u0142o\u017cysko kulkowe. Ka\u017cdy n\u00f3\u017c Microtech OTF posiada niezwykle wyrafinowane mechanizmy wewn\u0119trzne, kt\u00f3re poprawiaj\u0105 og\u00f3ln\u0105 funkcjonalno\u015b\u0107 i niezawodno\u015b\u0107 operacyjn\u0105, a mo\u017cliwo\u015b\u0107 obs\u0142ugi tylko jedn\u0105 r\u0119k\u0105 czyni go bardziej praktycznym. Wykonane w USA. Model ten posiada anodowan\u0105 na czarno r\u0119koje\u015b\u0107 z ca\u0142kowicie czarnym osprz\u0119tem i zintegrowan\u0105 funkcj\u0105 zbijania szk\u0142a, a tak\u017ce czarne ostrze w stylu tanto w po\u0142\u0105czeniu z satynowym wyko\u0144czeniem.<\/p>\n<p>Wykonane w USA.<\/p>\n<p><span class=\"tlid-translation translation\"><span class=\"\" title=\"\">D\u0142ugo\u015b\u0107 ca\u0142kowita: 18,75 cm<\/span><br \/>\n<span class=\"\" title=\"\">D\u0142ugo\u015b\u0107 ostrza: 7,81 cm<\/span><br \/>\n<span class=\"\" title=\"\">Kraw\u0119d\u017a tn\u0105ca: 7,17 cm<\/span><\/span><\/p>\n<p><span class=\"tlid-translation translation\"><span class=\"\" title=\"\">Grubo\u015b\u0107 ostrza: 0,32 cm<\/span><br \/>\n<span class=\"\" title=\"\">Materia\u0142 ostrza: Bohler M390<\/span><br \/>\n<span title=\"\">Styl ostrza: Tanto<\/span><br \/>\n<span title=\"\">Wstawki: p\u0142askie<\/span><br \/>\n<span title=\"\">Typ obramowania: Zwyk\u0142y<\/span><br \/>\n<span title=\"\">D\u0142ugo\u015b\u0107 r\u0105czki: 10,92 cm<\/span><br \/>\n<span class=\"\" title=\"\">Grubo\u015b\u0107 r\u0105czki: 1,17 cm<\/span><br \/>\n<span title=\"\">Materia\u0142 r\u0119koje\u015bci: aluminium<\/span><br \/>\n<span title=\"\">Waga: 3,06 uncji<\/span><br \/>\n<span title=\"\">U\u017cytkownik: Prawa r\u0119ka<\/span><br \/>\n<span title=\"\">Klips kieszonkowy: sk\u0142adany w d\u00f3\u0142<\/span><br \/>\n<span title=\"\">Typ no\u017ca: Automatyczny OTF Double Action<\/span><br \/>\n<span title=\"\">Otwieracz: kciuk<\/span><br \/>\n<span title=\"\">Marka: Microtech<\/span><br \/>\n<span title=\"\">Model: UTX-85<\/span><br \/>\n<span title=\"\">Numer modelu:<\/span> 233-1T<br \/>\n<span title=\"\">Kraj pochodzenia: USA<\/span><br \/>\n<span title=\"\">Najlepsze zastosowanie: taktyczne<\/span><\/span><\/p>\n<p><iframe title=\"Microtech Combat Troodon Torture Test\" width=\"800\" height=\"450\" src=\"https:\/\/www.youtube.com\/embed\/xE9TeOFYEjg?feature=oembed\" frameborder=\"0\" allow=\"accelerometer; autoplay; clipboard-write; encrypted-media; gyroscope; picture-in-picture; web-share\" allowfullscreen><\/iframe><\/p>\n<p>&nbsp;<\/p>\n<div class=\"std\">\n<p>&nbsp;<\/p>\n<\/div>\n","protected":false},"excerpt":{"rendered":"<p>W 2020 roku <strong>firma Microtech\u00ae Knives<\/strong> sta\u0142a si\u0119 wiod\u0105c\u0105 mark\u0105 no\u017cy, kt\u00f3ra stale si\u0119 rozwija i idzie do przodu dzi\u0119ki najnowszym technologiom.Wszystkie cz\u0119\u015bci s\u0105 produkowane w USA.<br \/>\n<strong>Wszystkie no\u017ce Microtech obj\u0119te s\u0105 do\u017cywotni\u0105 gwarancj\u0105.<\/strong><\/p>\n","protected":false},"featured_media":227275,"comment_status":"open","ping_status":"closed","template":"","meta":[],"pwb-brand":[3279],"product_brand":[],"product_cat":[3296,3344],"product_tag":[3671],"class_list":{"0":"post-307624","1":"product","2":"type-product","3":"status-publish","4":"has-post-thumbnail","6":"pwb-brand-microtech-pl","7":"product_cat-noze-pl","8":"product_cat-noze-strzeleckie","9":"product_tag-b2b-pl","11":"first","12":"outofstock","13":"taxable","14":"shipping-taxable","15":"purchasable","16":"product-type-simple"},"brands":[{"id":3279,"name":"Microtech","slug":"microtech-pl"}],"_links":{"self":[{"href":"https:\/\/www.moskito.cz\/pl\/wp-json\/wp\/v2\/product\/307624","targetHints":{"allow":["GET"]}}],"collection":[{"href":"https:\/\/www.moskito.cz\/pl\/wp-json\/wp\/v2\/product"}],"about":[{"href":"https:\/\/www.moskito.cz\/pl\/wp-json\/wp\/v2\/types\/product"}],"replies":[{"embeddable":true,"href":"https:\/\/www.moskito.cz\/pl\/wp-json\/wp\/v2\/comments?post=307624"}],"wp:featuredmedia":[{"embeddable":true,"href":"https:\/\/www.moskito.cz\/pl\/wp-json\/wp\/v2\/media\/227275"}],"wp:attachment":[{"href":"https:\/\/www.moskito.cz\/pl\/wp-json\/wp\/v2\/media?parent=307624"}],"wp:term":[{"taxonomy":"pwb-brand","embeddable":true,"href":"https:\/\/www.moskito.cz\/pl\/wp-json\/wp\/v2\/pwb-brand?post=307624"},{"taxonomy":"product_brand","embeddable":true,"href":"https:\/\/www.moskito.cz\/pl\/wp-json\/wp\/v2\/product_brand?post=307624"},{"taxonomy":"product_cat","embeddable":true,"href":"https:\/\/www.moskito.cz\/pl\/wp-json\/wp\/v2\/product_cat?post=307624"},{"taxonomy":"product_tag","embeddable":true,"href":"https:\/\/www.moskito.cz\/pl\/wp-json\/wp\/v2\/product_tag?post=307624"}],"curies":[{"name":"wp","href":"https:\/\/api.w.org\/{rel}","templated":true}]}}