{"id":307628,"date":"2020-02-06T18:08:00","date_gmt":"2020-02-06T17:08:00","guid":{"rendered":"https:\/\/www.moskito.cz\/produkt\/klasyczny-blond-noz-strzelecki-beltrame-stiletto\/"},"modified":"2026-03-26T16:17:49","modified_gmt":"2026-03-26T15:17:49","slug":"klasyczny-blond-noz-strzelecki-beltrame-stiletto","status":"publish","type":"product","link":"https:\/\/www.moskito.cz\/pl\/produkt\/klasyczny-blond-noz-strzelecki-beltrame-stiletto\/","title":{"rendered":"Klasyczny blond n\u00f3\u017c strzelecki Beltrame Stiletto"},"content":{"rendered":"<table class=\"optional-fields\">\n<tbody>\n<tr>\n<td><\/td>\n<td><\/td>\n<\/tr>\n<\/tbody>\n<\/table>\n<p>Klasyczny blond n\u00f3\u017c strzelecki Beltrame Stiletto.<\/p>\n<p>N\u00f3\u017c boczny do strzelania z zabezpieczeniem na kolbie. R\u0119koje\u015b\u0107 wykonana jest z lekkiego prawdziwego rogu, ostrze ze stali 420 (twardo\u015b\u0107 od 54 do 56 HRC). D\u0142ugo\u015b\u0107 w stanie roz\u0142o\u017conym 23 cm.<\/p>\n<p>Dane techniczne:<br \/>\nNumer produktu: FB 23\/48<br \/>\nNazwa: Klasyczna w\u0142oska szpilka<br \/>\nRodzaj stali: AISI 420 MA5M<br \/>\nTwardo\u015b\u0107 ostrza Rockwella: 56 HRC<br \/>\nD\u0142ugo\u015b\u0107 ostrza: 98mm \/ 3,86&#8243;<br \/>\nGrubo\u015b\u0107 ostrza: 35 mm \/ 1,13 cala<br \/>\nD\u0142ugo\u015b\u0107 ca\u0142kowita: 230 mm \/ 9,06 cala<br \/>\nWaga: 108 g \/ 3,81 uncji<br \/>\nOstrze: zwyk\u0142e<br \/>\nTyp ostrza: Szpic w\u0142\u00f3czni<br \/>\nBlokada no\u017ca: Tak<br \/>\nProducent: F.LLI Beltrame, W\u0142ochy<\/p>\n<p><span class=\"tlid-translation translation\">No\u017ce Beltrame produkowane s\u0105 we W\u0142oszech od 1953 roku. Firma zosta\u0142a za\u0142o\u017cona przez Franka Beltrama. Sekret wytwarzania tych no\u017cy Stiletto jest cz\u0119\u015bci\u0105 historii Maniago, kt\u00f3ra by\u0142a przekazywana z ojca na syna. Jako ma\u0142y ch\u0142opiec Frank pomaga\u0142 w fabryce swojego ojca, gdzie p\u00f3\u017aniej rozpocz\u0105\u0142 prac\u0119 jako ucze\u0144 ojca. Ponadto ucz\u0119szcza\u0142 do szko\u0142y tradycyjnych sztu\u0107c\u00f3w, gdzie pozna\u0142 r\u00f3\u017cne materia\u0142y, najnowsze technologie przetwarzania i r\u00f3\u017cne style projektowania. W 1958 roku Frank i jego rodzina zacz\u0119li produkowa\u0107 no\u017ce automatyczne. Rok po tym, jak ojciec Franka zmar\u0142 na zawa\u0142 serca podczas pracy w fabryce, Frank za\u0142o\u017cy\u0142 firm\u0119 Beltrame. W kolejnych latach kontynuowa\u0142 nauk\u0119 i badania no\u017cy, odpowiednich materia\u0142\u00f3w i konstrukcji. Po kr\u00f3tkim czasie na rynku pojawi\u0142y si\u0119 tanie imitacje z Tajwanu, tradycyjne w\u0142oskie no\u017ce Stiletto. Frank musia\u0142 zatem stawi\u0107 czo\u0142a nowemu problemowi. Na szcz\u0119\u015bcie jako\u015b\u0107 tych tanich no\u017cy m\u00f3wi sama za siebie, ka\u017cdy kolekcjoner wie, \u017ce nie da si\u0119 ich por\u00f3wna\u0107 do prawdziwego sztyletu Beltrame. No\u017ce Beltrame zdoby\u0142y uznanie najbardziej wymagaj\u0105cych klient\u00f3w na \u015bwiecie dzi\u0119ki pasji Franka do tych no\u017cy. Wykonuj\u0105c no\u017ce wykorzystuje swoje wieloletnie do\u015bwiadczenie, kt\u00f3re naby\u0142 ju\u017c w m\u0142odym wieku. W 2005 roku no\u017ce Beltrame otrzyma\u0142y certyfikat jako\u015bci Maniago, kt\u00f3rym przekroczy\u0142y europejskie standardy jako\u015bci. Oznacza to, \u017ce te no\u017ce s\u0105 co roku testowane pod k\u0105tem jako\u015bci materia\u0142u.<\/span><\/p>\n<p>Klasyczny w\u0142oski sztylet Buffalo Horn Bayonet 23 cm &#8211; W\u0142oski n\u00f3\u017c spr\u0119\u017cynowy &#8211; ok\u0142adzina z rogu bawolego. Wykonane r\u0119cznie zgodnie z tradycjami w\u0142oskiego rzemios\u0142a, no\u017ce Frank Beltrame Stiletto zas\u0142yn\u0119\u0142y na ca\u0142ym \u015bwiecie dzi\u0119ki swojej wyj\u0105tkowej lekko\u015bci i trwa\u0142o\u015bci. Dzi\u0119ki swoim w\u0142a\u015bciwo\u015bciom sztylet w\u0142oski nadaje si\u0119 do u\u017cycia w ka\u017cdym \u015brodowisku, od polowania po biwakowanie. Solidna, trwa\u0142a konstrukcja, mocna spr\u0119\u017cyna otwieraj\u0105ca ostrze to cecha charakterystyczna klasycznych w\u0142oskich pas\u00f3w spr\u0119\u017cynowych Frank Beltrame.<\/p>\n<p>Spr\u0119\u017cyna \u2013 firma szczeg\u00f3ln\u0105 uwag\u0119 przywi\u0105zuje do konstrukcji spr\u0119\u017cyny (stal nierdzewna) \u2013 otwarcie ostrza musi nast\u0105pi\u0107 w ci\u0105gu kilku setnych sekundy (cecha no\u017cy Stiletto). Folder Beltrame przy otwieraniu g\u0142owni wydaje charakterystyczny d\u017awi\u0119k (klikni\u0119cie), kt\u00f3ry odr\u00f3\u017cnia go od innych no\u017cy spr\u0119\u017cynowych.<\/p>\n<p>G\u0142ownia \u2013 niezwykle ostra o profilu Spear Point (Bayonet) o grubo\u015bci 3,5 mm z kr\u00f3tkim fa\u0142szywym ostrzem zwi\u0119kszaj\u0105cym w\u0142a\u015bciwo\u015bci przebijaj\u0105ce. Wykonane z \u0142atwo ostrz\u0105cej si\u0119 stali nierdzewnej AISI 420 MA5M, charakteryzuj\u0105cej si\u0119 du\u017c\u0105 odporno\u015bci\u0105 na korozj\u0119. Stal hartowana 56 HRC. Ostrze typu Plain, wyprowadzone szlifem p\u0142askim zapewniaj\u0105cym dobre w\u0142a\u015bciwo\u015bci tn\u0105ce i penetracyjne. Stalowa os\u0142ona zabezpiecza d\u0142o\u0144 przed przypadkowym ze\u015blizgni\u0119ciem si\u0119, a poprzez jej naci\u015bni\u0119cie umo\u017cliwia z\u0142o\u017cenie ostrza.<\/p>\n<p>R\u0119koje\u015b\u0107 \u2013 pokryta ok\u0142adzinami z bawolego rogu (bawoli r\u00f3g) podkre\u015bla ekskluzywny wygl\u0105d i zapewnia wygodny, pewny chwyt. Ergonomiczny kszta\u0142t r\u0119koje\u015bci zapobiegaj\u0105cy \u015blizganiu si\u0119 d\u0142oni podczas pracy. Ok\u0142adki wyko\u0144czone s\u0105 wzmocnieniami z polerowanego niklu. Nity mocuj\u0105ce wykonane z mosi\u0105dzu.<\/p>\n<p>Blokada \u2013 zapobiega przypadkowemu z\u0142o\u017ceniu lub otwarciu ostrza. Otwieranie no\u017ca automatycznego odbywa si\u0119 za pomoc\u0105 solidnego przycisku umieszczonego na r\u0119koje\u015bci.<\/p>\n<p>Dane techniczne:<br \/>\nNumer produktu: FB 23\/48<br \/>\nNazwa: Klasyczna w\u0142oska szpilka<br \/>\nRodzaj stali: AISI 420 MA5M<br \/>\nTwardo\u015b\u0107 ostrza Rockwella: 56 HRC<br \/>\nD\u0142ugo\u015b\u0107 ostrza: 98 mm \/ 3,86 cala<br \/>\nGrubo\u015b\u0107 ostrza: 35 mm \/ 1,13 cala<br \/>\nD\u0142ugo\u015b\u0107 ca\u0142kowita: 230 mm \/ 9,06 cala<br \/>\nWaga: 108 g \/ 3,81 uncji<br \/>\nOstrze: g\u0142adkie<br \/>\nRodzaj ostrza: Spear Point<br \/>\nBlokada no\u017ca: Tak<br \/>\nProducent: F.LLI Beltrame, W\u0142ochy<\/p>\n<p>&nbsp;<\/p>\n","protected":false},"excerpt":{"rendered":"<p>No\u017ce <strong>Beltrame<\/strong> produkowane s\u0105 we W\u0142oszech od 1953 roku. Firma zosta\u0142a za\u0142o\u017cona przez Franka Beltrama. Sekret wytwarzania tych no\u017cy Stiletto jest cz\u0119\u015bci\u0105 historii Maniago, kt\u00f3ra by\u0142a przekazywana z ojca na syna.<br \/>\n<strong>Wyprodukowane we W\u0142oszech.<\/strong><\/p>\n","protected":false},"featured_media":440399,"comment_status":"open","ping_status":"closed","template":"","meta":[],"pwb-brand":[3538],"product_brand":[],"product_cat":[3344,3296],"product_tag":[3671],"class_list":{"0":"post-307628","1":"product","2":"type-product","3":"status-publish","4":"has-post-thumbnail","6":"pwb-brand-beltrame-pl","7":"product_cat-noze-strzeleckie","8":"product_cat-noze-pl","9":"product_tag-b2b-pl","11":"first","12":"instock","13":"taxable","14":"shipping-taxable","15":"purchasable","16":"product-type-simple"},"brands":[{"id":3538,"name":"Beltrame","slug":"beltrame-pl"}],"_links":{"self":[{"href":"https:\/\/www.moskito.cz\/pl\/wp-json\/wp\/v2\/product\/307628","targetHints":{"allow":["GET"]}}],"collection":[{"href":"https:\/\/www.moskito.cz\/pl\/wp-json\/wp\/v2\/product"}],"about":[{"href":"https:\/\/www.moskito.cz\/pl\/wp-json\/wp\/v2\/types\/product"}],"replies":[{"embeddable":true,"href":"https:\/\/www.moskito.cz\/pl\/wp-json\/wp\/v2\/comments?post=307628"}],"wp:featuredmedia":[{"embeddable":true,"href":"https:\/\/www.moskito.cz\/pl\/wp-json\/wp\/v2\/media\/440399"}],"wp:attachment":[{"href":"https:\/\/www.moskito.cz\/pl\/wp-json\/wp\/v2\/media?parent=307628"}],"wp:term":[{"taxonomy":"pwb-brand","embeddable":true,"href":"https:\/\/www.moskito.cz\/pl\/wp-json\/wp\/v2\/pwb-brand?post=307628"},{"taxonomy":"product_brand","embeddable":true,"href":"https:\/\/www.moskito.cz\/pl\/wp-json\/wp\/v2\/product_brand?post=307628"},{"taxonomy":"product_cat","embeddable":true,"href":"https:\/\/www.moskito.cz\/pl\/wp-json\/wp\/v2\/product_cat?post=307628"},{"taxonomy":"product_tag","embeddable":true,"href":"https:\/\/www.moskito.cz\/pl\/wp-json\/wp\/v2\/product_tag?post=307628"}],"curies":[{"name":"wp","href":"https:\/\/api.w.org\/{rel}","templated":true}]}}