{"id":307638,"date":"2020-04-02T19:34:41","date_gmt":"2024-02-06T10:58:39","guid":{"rendered":"https:\/\/www.moskito.cz\/produkt\/ostrzalka-do-nozy-victorinox-7-8715\/"},"modified":"2025-07-11T07:51:00","modified_gmt":"2025-07-11T06:51:00","slug":"ostrzalka-do-nozy-victorinox-7-8715","status":"publish","type":"product","link":"https:\/\/www.moskito.cz\/pl\/produkt\/ostrzalka-do-nozy-victorinox-7-8715\/","title":{"rendered":"Ostrza\u0142ka do no\u017cy Victorinox 7.8715"},"content":{"rendered":"<p>Ostrza\u0142ka do no\u017cy Victorinox 7.8715.<\/p>\n<p><span class=\"proKs\">Profesjonali\u015bci ostrz\u0105 no\u017ce za pomoc\u0105 temper\u00f3wki po ka\u017cdym u\u017cyciu. Jednak w warunkach domowych jedno u\u017cycie no\u017ca jest na tyle kr\u00f3tkie, \u017ce nie trzeba go tak cz\u0119sto ostrzy\u0107. No\u017ce, kt\u00f3rych najcz\u0119\u015bciej u\u017cywasz, wymagaj\u0105 ostrzenia mniej wi\u0119cej raz w miesi\u0105cu. Obr\u00f3\u0107 grzbiet no\u017ca na zewn\u0105trz tak, aby k\u0105t ostrzenia wynosi\u0142 oko\u0142o 20 stopni.Przeci\u0105gnij kraw\u0119d\u017a tn\u0105c\u0105 kilka razy po ostrza\u0142ce z obu stron. Nie wywieraj zbyt du\u017cego nacisku na szlifierk\u0119.<\/span><\/p>\n","protected":false},"excerpt":{"rendered":"<p>Ostrza\u0142ka do no\u017cy <strong>Victorinox<\/strong> .<\/p>\n","protected":false},"featured_media":176060,"comment_status":"open","ping_status":"closed","template":"","meta":[],"pwb-brand":[3534],"product_brand":[],"product_cat":[3345],"product_tag":[],"class_list":{"0":"post-307638","1":"product","2":"type-product","3":"status-publish","4":"has-post-thumbnail","6":"pwb-brand-victorinox-pl","7":"product_cat-tarcze-szlifierskie-i-stal","9":"first","10":"outofstock","11":"taxable","12":"shipping-taxable","13":"purchasable","14":"product-type-simple"},"brands":[{"id":3534,"name":"Victorinox","slug":"victorinox-pl"}],"_links":{"self":[{"href":"https:\/\/www.moskito.cz\/pl\/wp-json\/wp\/v2\/product\/307638","targetHints":{"allow":["GET"]}}],"collection":[{"href":"https:\/\/www.moskito.cz\/pl\/wp-json\/wp\/v2\/product"}],"about":[{"href":"https:\/\/www.moskito.cz\/pl\/wp-json\/wp\/v2\/types\/product"}],"replies":[{"embeddable":true,"href":"https:\/\/www.moskito.cz\/pl\/wp-json\/wp\/v2\/comments?post=307638"}],"wp:featuredmedia":[{"embeddable":true,"href":"https:\/\/www.moskito.cz\/pl\/wp-json\/wp\/v2\/media\/176060"}],"wp:attachment":[{"href":"https:\/\/www.moskito.cz\/pl\/wp-json\/wp\/v2\/media?parent=307638"}],"wp:term":[{"taxonomy":"pwb-brand","embeddable":true,"href":"https:\/\/www.moskito.cz\/pl\/wp-json\/wp\/v2\/pwb-brand?post=307638"},{"taxonomy":"product_brand","embeddable":true,"href":"https:\/\/www.moskito.cz\/pl\/wp-json\/wp\/v2\/product_brand?post=307638"},{"taxonomy":"product_cat","embeddable":true,"href":"https:\/\/www.moskito.cz\/pl\/wp-json\/wp\/v2\/product_cat?post=307638"},{"taxonomy":"product_tag","embeddable":true,"href":"https:\/\/www.moskito.cz\/pl\/wp-json\/wp\/v2\/product_tag?post=307638"}],"curies":[{"name":"wp","href":"https:\/\/api.w.org\/{rel}","templated":true}]}}