{"id":307644,"date":"2020-04-19T18:34:25","date_gmt":"2024-02-06T10:58:43","guid":{"rendered":"https:\/\/www.moskito.cz\/produkt\/naprawiono-noz-boker-manufaktur-bowie\/"},"modified":"2025-07-11T07:51:06","modified_gmt":"2025-07-11T06:51:06","slug":"naprawiono-noz-boker-manufaktur-bowie","status":"publish","type":"product","link":"https:\/\/www.moskito.cz\/pl\/produkt\/naprawiono-noz-boker-manufaktur-bowie\/","title":{"rendered":"Naprawiono n\u00f3\u017c B\u00f6ker Manufaktur Bowie"},"content":{"rendered":"<p>Naprawiono n\u00f3\u017c B\u00f6ker Manufaktur Bowie 120547.<\/p>\n<p>&nbsp;<\/p>\n<p>B\u00f6ker \u2013 historia fabryki si\u0119ga XVII wieku. wieku pierwotna ku\u017ania mie\u015bci\u0142a si\u0119 w\u00f3wczas w Remscheid. W latach 1829-30 rozszerzono produkcj\u0119 o szable i miecze. W fabryce pracowa\u0142o w\u00f3wczas ponad 100 kowali i szlifierzy. W drugiej po\u0142owie XIX wieku cz\u0119\u015b\u0107 rodziny przenios\u0142a si\u0119 do USA i Kanady, gdzie za\u0142o\u017cy\u0142a kolejne zak\u0142ady produkcyjne. Ostatni z rodze\u0144stwa Bocker\u00f3w, Heinrich, przeni\u00f3s\u0142 si\u0119 do Solingen, sk\u0105d pochodzi wi\u0119kszo\u015b\u0107 dzisiejszej produkcji.<\/p>\n<p><strong>B\u00f6ker &#8211; Manufaktur Soligen Bowie 120547<\/strong><\/p>\n<p>\u00b7 <strong>Waga no\u017ca:<\/strong> 495 g<\/p>\n<p>\u00b7 <strong>D\u0142ugo\u015b\u0107 ostrza:<\/strong> 325 mm<\/p>\n<p>\u00b7 <strong>D\u0142ugo\u015b\u0107 ostrza:<\/strong> 198 mm<\/p>\n<p>\u00b7 <strong>Szeroko\u015b\u0107 ostrza:<\/strong> 6,4 mm<\/p>\n<p>\u00b7 <b>Stal<\/b> : 4034<\/p>\n<p>\u00b7 <strong>Twardo\u015b\u0107:<\/strong> 56-58 HRC<\/p>\n<p>\u00b7 <strong>Materia\u0142 r\u0119koje\u015bci:<\/strong> drewno orzechowe<\/p>\n<p>\u00b7 <b>Etui:<\/b> sk\u00f3rzane<\/p>\n<p>&nbsp;<\/p>\n<p>&nbsp;<\/p>\n","protected":false},"excerpt":{"rendered":"<p>N\u00f3\u017c sta\u0142y z pochw\u0105.<br \/>\n<strong>Bezp\u0142atny transport<\/strong> .<\/p>\n","protected":false},"featured_media":190148,"comment_status":"open","ping_status":"closed","template":"","meta":[],"pwb-brand":[3423],"product_brand":[],"product_cat":[3296,3297],"product_tag":[3671],"class_list":{"0":"post-307644","1":"product","2":"type-product","3":"status-publish","4":"has-post-thumbnail","6":"pwb-brand-bokera","7":"product_cat-noze-pl","8":"product_cat-solidne-noze","9":"product_tag-b2b-pl","11":"first","12":"instock","13":"taxable","14":"shipping-taxable","15":"purchasable","16":"product-type-simple"},"brands":[{"id":3423,"name":"Bokera","slug":"bokera"}],"_links":{"self":[{"href":"https:\/\/www.moskito.cz\/pl\/wp-json\/wp\/v2\/product\/307644","targetHints":{"allow":["GET"]}}],"collection":[{"href":"https:\/\/www.moskito.cz\/pl\/wp-json\/wp\/v2\/product"}],"about":[{"href":"https:\/\/www.moskito.cz\/pl\/wp-json\/wp\/v2\/types\/product"}],"replies":[{"embeddable":true,"href":"https:\/\/www.moskito.cz\/pl\/wp-json\/wp\/v2\/comments?post=307644"}],"wp:featuredmedia":[{"embeddable":true,"href":"https:\/\/www.moskito.cz\/pl\/wp-json\/wp\/v2\/media\/190148"}],"wp:attachment":[{"href":"https:\/\/www.moskito.cz\/pl\/wp-json\/wp\/v2\/media?parent=307644"}],"wp:term":[{"taxonomy":"pwb-brand","embeddable":true,"href":"https:\/\/www.moskito.cz\/pl\/wp-json\/wp\/v2\/pwb-brand?post=307644"},{"taxonomy":"product_brand","embeddable":true,"href":"https:\/\/www.moskito.cz\/pl\/wp-json\/wp\/v2\/product_brand?post=307644"},{"taxonomy":"product_cat","embeddable":true,"href":"https:\/\/www.moskito.cz\/pl\/wp-json\/wp\/v2\/product_cat?post=307644"},{"taxonomy":"product_tag","embeddable":true,"href":"https:\/\/www.moskito.cz\/pl\/wp-json\/wp\/v2\/product_tag?post=307644"}],"curies":[{"name":"wp","href":"https:\/\/api.w.org\/{rel}","templated":true}]}}