{"id":307656,"date":"2020-04-17T20:14:39","date_gmt":"2020-04-17T19:14:39","guid":{"rendered":"https:\/\/www.moskito.cz\/produkt\/noz-skladany-victorinox-huntsman-navy-camo-1-3713-942\/"},"modified":"2025-07-11T07:51:05","modified_gmt":"2025-07-11T06:51:05","slug":"noz-skladany-victorinox-huntsman-navy-camo-1-3713-942","status":"publish","type":"product","link":"https:\/\/www.moskito.cz\/pl\/produkt\/noz-skladany-victorinox-huntsman-navy-camo-1-3713-942\/","title":{"rendered":"N\u00f3\u017c sk\u0142adany Victorinox Huntsman Navy Camo 1.3713.942"},"content":{"rendered":"<p>N\u00f3\u017c sk\u0142adany Victorinox Huntsman Navy Camo 1.3713.942.<\/p>\n<p><span class=\"proKs\">Scyzoryk 91 mm z no\u017cyczkami i pi\u0142\u0105 do drewna, odpowiedni do podr\u00f3\u017cy i pieszych w\u0119dr\u00f3wek. Liczba funkcji 15.<\/span><\/p>\n<div id=\"productDetailBottomText\" class=\"rounded\">\n<ul>\n<li class=\"style2\">du\u017cy n\u00f3\u017c<\/li>\n<li class=\"style2\">ma\u0142y n\u00f3\u017c<\/li>\n<li class=\"style2\">korkoci\u0105g<\/li>\n<li class=\"style2\">otwieracz do puszek s<\/li>\n<li class=\"style2\">&#8211; za pomoc\u0105 ma\u0142ego \u015brubokr\u0119ta (r\u00f3wnie\u017c do \u015brub Phillipsa)<\/li>\n<li class=\"style2\">otwieracz do butelek z<\/li>\n<li class=\"style2\">&#8211; \u015brubokr\u0119t<\/li>\n<li class=\"style2\">&#8211; \u015brodek do usuwania izolacji przewod\u00f3w<\/li>\n<li class=\"style2\">rozwiertak, kolec<\/li>\n<li class=\"style2\">Brelok ze stali nierdzewnej<\/li>\n<li class=\"style2\">pinceta<\/li>\n<li class=\"style2\">wyka\u0142aczka<\/li>\n<li class=\"style2\">no\u017cyce<\/li>\n<li class=\"style2\">hak wielofunkcyjny<\/li>\n<li class=\"style2\">Pi\u0142a do drewna<\/li>\n<\/ul>\n<\/div>\n","protected":false},"excerpt":{"rendered":"<p>Zamykany n\u00f3\u017c.<\/p>\n","protected":false},"featured_media":167837,"comment_status":"open","ping_status":"closed","template":"","meta":[],"pwb-brand":[3534],"product_brand":[],"product_cat":[3307,3296],"product_tag":[],"class_list":{"0":"post-307656","1":"product","2":"type-product","3":"status-publish","4":"has-post-thumbnail","6":"pwb-brand-victorinox-pl","7":"product_cat-zamykanie-nozy","8":"product_cat-noze-pl","10":"first","11":"outofstock","12":"taxable","13":"shipping-taxable","14":"purchasable","15":"product-type-simple"},"brands":[{"id":3534,"name":"Victorinox","slug":"victorinox-pl"}],"_links":{"self":[{"href":"https:\/\/www.moskito.cz\/pl\/wp-json\/wp\/v2\/product\/307656","targetHints":{"allow":["GET"]}}],"collection":[{"href":"https:\/\/www.moskito.cz\/pl\/wp-json\/wp\/v2\/product"}],"about":[{"href":"https:\/\/www.moskito.cz\/pl\/wp-json\/wp\/v2\/types\/product"}],"replies":[{"embeddable":true,"href":"https:\/\/www.moskito.cz\/pl\/wp-json\/wp\/v2\/comments?post=307656"}],"wp:featuredmedia":[{"embeddable":true,"href":"https:\/\/www.moskito.cz\/pl\/wp-json\/wp\/v2\/media\/167837"}],"wp:attachment":[{"href":"https:\/\/www.moskito.cz\/pl\/wp-json\/wp\/v2\/media?parent=307656"}],"wp:term":[{"taxonomy":"pwb-brand","embeddable":true,"href":"https:\/\/www.moskito.cz\/pl\/wp-json\/wp\/v2\/pwb-brand?post=307656"},{"taxonomy":"product_brand","embeddable":true,"href":"https:\/\/www.moskito.cz\/pl\/wp-json\/wp\/v2\/product_brand?post=307656"},{"taxonomy":"product_cat","embeddable":true,"href":"https:\/\/www.moskito.cz\/pl\/wp-json\/wp\/v2\/product_cat?post=307656"},{"taxonomy":"product_tag","embeddable":true,"href":"https:\/\/www.moskito.cz\/pl\/wp-json\/wp\/v2\/product_tag?post=307656"}],"curies":[{"name":"wp","href":"https:\/\/api.w.org\/{rel}","templated":true}]}}