{"id":307667,"date":"2020-04-02T19:53:21","date_gmt":"2024-02-06T10:58:50","guid":{"rendered":"https:\/\/www.moskito.cz\/produkt\/metalowe-mankiety-na-kciuki\/"},"modified":"2025-07-11T07:51:01","modified_gmt":"2025-07-11T06:51:01","slug":"metalowe-mankiety-na-kciuki","status":"publish","type":"product","link":"https:\/\/www.moskito.cz\/pl\/produkt\/metalowe-mankiety-na-kciuki\/","title":{"rendered":"Metalowe mankiety na kciuki"},"content":{"rendered":"<p>Metalowe mankiety na kciuki.<\/p>\n<p>Materia\u0142: stal. Waga: 118 g.<\/p>\n<p>S\u0142u\u017c\u0105 do zakuwania kajdanek (w tym modelu do skuwania palc\u00f3w) podczas tymczasowego zatrzymania lub transportu podejrzanego.<\/p>\n<p>Posiadaj\u0105 zatrzaskowy mechanizm blokuj\u0105cy.<\/p>\n<p>Obr\u0119cze i mechanizm wykonane s\u0105 ze stali antykorozyjnej. Rozmiar ca\u0142kowity &#8211; 10cm<\/p>\n<p>&nbsp;<\/p>\n","protected":false},"excerpt":{"rendered":"<p>Metalowe <strong>mankiety<\/strong> na kciuki z dwoma kluczami.<\/p>\n","protected":false},"featured_media":181997,"comment_status":"open","ping_status":"closed","template":"","meta":[],"pwb-brand":[3526],"product_brand":[],"product_cat":[3580],"product_tag":[],"class_list":{"0":"post-307667","1":"product","2":"type-product","3":"status-publish","4":"has-post-thumbnail","6":"pwb-brand-wyprodukowano-w-chinach","7":"product_cat-kajdany","9":"first","10":"outofstock","11":"taxable","12":"shipping-taxable","13":"purchasable","14":"product-type-simple"},"brands":[{"id":3526,"name":"Wyprodukowano w Chinach","slug":"wyprodukowano-w-chinach"}],"_links":{"self":[{"href":"https:\/\/www.moskito.cz\/pl\/wp-json\/wp\/v2\/product\/307667","targetHints":{"allow":["GET"]}}],"collection":[{"href":"https:\/\/www.moskito.cz\/pl\/wp-json\/wp\/v2\/product"}],"about":[{"href":"https:\/\/www.moskito.cz\/pl\/wp-json\/wp\/v2\/types\/product"}],"replies":[{"embeddable":true,"href":"https:\/\/www.moskito.cz\/pl\/wp-json\/wp\/v2\/comments?post=307667"}],"wp:featuredmedia":[{"embeddable":true,"href":"https:\/\/www.moskito.cz\/pl\/wp-json\/wp\/v2\/media\/181997"}],"wp:attachment":[{"href":"https:\/\/www.moskito.cz\/pl\/wp-json\/wp\/v2\/media?parent=307667"}],"wp:term":[{"taxonomy":"pwb-brand","embeddable":true,"href":"https:\/\/www.moskito.cz\/pl\/wp-json\/wp\/v2\/pwb-brand?post=307667"},{"taxonomy":"product_brand","embeddable":true,"href":"https:\/\/www.moskito.cz\/pl\/wp-json\/wp\/v2\/product_brand?post=307667"},{"taxonomy":"product_cat","embeddable":true,"href":"https:\/\/www.moskito.cz\/pl\/wp-json\/wp\/v2\/product_cat?post=307667"},{"taxonomy":"product_tag","embeddable":true,"href":"https:\/\/www.moskito.cz\/pl\/wp-json\/wp\/v2\/product_tag?post=307667"}],"curies":[{"name":"wp","href":"https:\/\/api.w.org\/{rel}","templated":true}]}}