{"id":307672,"date":"2020-04-17T20:05:19","date_gmt":"2024-02-06T10:58:52","guid":{"rendered":"https:\/\/www.moskito.cz\/produkt\/noz-skladany-victorinox-hiker-1-4613\/"},"modified":"2025-07-11T07:51:04","modified_gmt":"2025-07-11T06:51:04","slug":"noz-skladany-victorinox-hiker-1-4613","status":"publish","type":"product","link":"https:\/\/www.moskito.cz\/pl\/produkt\/noz-skladany-victorinox-hiker-1-4613\/","title":{"rendered":"N\u00f3\u017c sk\u0142adany Victorinox Hiker 1.4613"},"content":{"rendered":"<p>N\u00f3\u017c sk\u0142adany Victorinox Hiker 1.4613.<\/p>\n<p>Scyzoryk 91 mm ze \u015brubokr\u0119tem krzy\u017cakowym i pi\u0142\u0105 do drewna, odpowiedni do podr\u00f3\u017cy i pieszych w\u0119dr\u00f3wek. Liczba funkcji 13.<\/p>\n<p>du\u017cy n\u00f3\u017c<br \/>\nma\u0142y n\u00f3\u017c<br \/>\n\u015arubokr\u0119t Phillipsa<br \/>\notwieracz do puszek s<br \/>\n&#8211; za pomoc\u0105 ma\u0142ego \u015brubokr\u0119ta (r\u00f3wnie\u017c do \u015brub Phillipsa)<br \/>\notwieracz do butelek z<br \/>\n&#8211; \u015brubokr\u0119t<br \/>\n&#8211; \u015brodek do usuwania izolacji przewod\u00f3w<br \/>\nrozwiertak, kolec<br \/>\nBrelok ze stali nierdzewnej<br \/>\npinceta<br \/>\nwyka\u0142aczka<br \/>\nPi\u0142a do drewna<\/p>\n","protected":false},"excerpt":{"rendered":"<p>Scyzoryk 91 mm ze \u015brubokr\u0119tem krzy\u017cakowym i pi\u0142\u0105 do drewna, odpowiedni do podr\u00f3\u017cy i pieszych w\u0119dr\u00f3wek.<br \/>\n<strong>Wyprodukowano w Szwajcarii, do\u017cywotnia gwarancja.<\/strong><\/p>\n","protected":false},"featured_media":167833,"comment_status":"open","ping_status":"closed","template":"","meta":[],"pwb-brand":[3534],"product_brand":[],"product_cat":[3296,3307],"product_tag":[],"class_list":{"0":"post-307672","1":"product","2":"type-product","3":"status-publish","4":"has-post-thumbnail","6":"pwb-brand-victorinox-pl","7":"product_cat-noze-pl","8":"product_cat-zamykanie-nozy","10":"first","11":"outofstock","12":"taxable","13":"shipping-taxable","14":"purchasable","15":"product-type-simple"},"brands":[{"id":3534,"name":"Victorinox","slug":"victorinox-pl"}],"_links":{"self":[{"href":"https:\/\/www.moskito.cz\/pl\/wp-json\/wp\/v2\/product\/307672","targetHints":{"allow":["GET"]}}],"collection":[{"href":"https:\/\/www.moskito.cz\/pl\/wp-json\/wp\/v2\/product"}],"about":[{"href":"https:\/\/www.moskito.cz\/pl\/wp-json\/wp\/v2\/types\/product"}],"replies":[{"embeddable":true,"href":"https:\/\/www.moskito.cz\/pl\/wp-json\/wp\/v2\/comments?post=307672"}],"wp:featuredmedia":[{"embeddable":true,"href":"https:\/\/www.moskito.cz\/pl\/wp-json\/wp\/v2\/media\/167833"}],"wp:attachment":[{"href":"https:\/\/www.moskito.cz\/pl\/wp-json\/wp\/v2\/media?parent=307672"}],"wp:term":[{"taxonomy":"pwb-brand","embeddable":true,"href":"https:\/\/www.moskito.cz\/pl\/wp-json\/wp\/v2\/pwb-brand?post=307672"},{"taxonomy":"product_brand","embeddable":true,"href":"https:\/\/www.moskito.cz\/pl\/wp-json\/wp\/v2\/product_brand?post=307672"},{"taxonomy":"product_cat","embeddable":true,"href":"https:\/\/www.moskito.cz\/pl\/wp-json\/wp\/v2\/product_cat?post=307672"},{"taxonomy":"product_tag","embeddable":true,"href":"https:\/\/www.moskito.cz\/pl\/wp-json\/wp\/v2\/product_tag?post=307672"}],"curies":[{"name":"wp","href":"https:\/\/api.w.org\/{rel}","templated":true}]}}