{"id":307673,"date":"2020-04-19T19:19:42","date_gmt":"2024-02-06T10:58:52","guid":{"rendered":"https:\/\/www.moskito.cz\/produkt\/noz-skladany-boker-magnum-army-rescue-assisted\/"},"modified":"2025-07-11T07:51:08","modified_gmt":"2025-07-11T06:51:08","slug":"noz-skladany-boker-magnum-army-rescue-assisted","status":"publish","type":"product","link":"https:\/\/www.moskito.cz\/pl\/produkt\/noz-skladany-boker-magnum-army-rescue-assisted\/","title":{"rendered":"N\u00f3\u017c sk\u0142adany B\u00f6ker Magnum Army Rescue Assisted"},"content":{"rendered":"<p>N\u00f3\u017c sk\u0142adany <strong>B\u00f6ker<\/strong> Magnum Army Rescue Assisted.<\/p>\n<p>B\u00d6KER\u00ae to niemiecka firma produkuj\u0105ca no\u017ce najwy\u017cszej jako\u015bci. No\u017ce ze sta\u0142ym ostrzem, no\u017ce sk\u0142adane, no\u017ce kuchenne i stojaki, ze wzgl\u0119du na swoj\u0105 wyj\u0105tkow\u0105 jako\u015b\u0107, pokocha\u0142o wielu klient\u00f3w z ca\u0142ego \u015bwiata. Wszystkie no\u017ce wykonane s\u0105 z najlepszych, trwa\u0142ych materia\u0142\u00f3w i b\u0119d\u0105 niezast\u0105pionym pomocnikiem w domu, w warsztacie, na polowaniu i na wycieczce na \u0142ono natury.<\/p>\n<p>Ta ciesz\u0105ca si\u0119 du\u017cym powodzeniem linia no\u017cy ratowniczych przeznaczona jest dla si\u0142 bezpiecze\u0144stwa, kt\u00f3re w ci\u0105gu dnia cz\u0119sto znajduj\u0105 si\u0119 w niebezpiecze\u0144stwie i cz\u0119sto ryzykuj\u0105 \u017cycie dla innych. Cechy: ko\u0144c\u00f3wka do zbijania szk\u0142a, przecinak do pas\u00f3w bezpiecze\u0144stwa, klips do kieszeni oraz mocne i trwa\u0142e ostrze ze stali nierdzewnej 440. Powlekane na czarno, odwracalne ostrze typu Tanto z flipperem, cz\u0119\u015bciowo z\u0105bkowanym ostrzem i otwieraniem wspomaganym za pomoc\u0105 spr\u0119\u017cyny (Assisted Opener). R\u0119koje\u015b\u0107 z anodowanego br\u0105zu nosi insygnia wojskowe. No\u017ce ratownicze Magnum s\u0105 w pe\u0142ni funkcjonalne i gotowe do u\u017cycia, jednak nie s\u0105 przeznaczone do codziennego, wymagaj\u0105cego u\u017cytkowania przez zawodowych ratownik\u00f3w.<\/p>\n<p>D\u0142ugo\u015b\u0107 ca\u0142kowita: 20,8 cm<br \/>\nD\u0142ugo\u015b\u0107 ostrza: 8,6 cm<br \/>\nGrubo\u015b\u0107 ostrza: 2,8 mm<br \/>\nWaga: 139 g<br \/>\nMateria\u0142 ostrza: 440A<\/p>\n<p>Materia\u0142 r\u0119koje\u015bci: aluminium<br \/>\nTyp bezpiecznika: Linerlock<\/p>\n","protected":false},"excerpt":{"rendered":"<p>N\u00f3\u017c blokuj\u0105cy z bezpiecznikiem.<\/p>\n","protected":false},"featured_media":363644,"comment_status":"open","ping_status":"closed","template":"","meta":[],"pwb-brand":[3423],"product_brand":[],"product_cat":[3307,3296],"product_tag":[3671],"class_list":{"0":"post-307673","1":"product","2":"type-product","3":"status-publish","4":"has-post-thumbnail","6":"pwb-brand-bokera","7":"product_cat-zamykanie-nozy","8":"product_cat-noze-pl","9":"product_tag-b2b-pl","11":"first","12":"instock","13":"taxable","14":"shipping-taxable","15":"purchasable","16":"product-type-simple"},"brands":[{"id":3423,"name":"Bokera","slug":"bokera"}],"_links":{"self":[{"href":"https:\/\/www.moskito.cz\/pl\/wp-json\/wp\/v2\/product\/307673","targetHints":{"allow":["GET"]}}],"collection":[{"href":"https:\/\/www.moskito.cz\/pl\/wp-json\/wp\/v2\/product"}],"about":[{"href":"https:\/\/www.moskito.cz\/pl\/wp-json\/wp\/v2\/types\/product"}],"replies":[{"embeddable":true,"href":"https:\/\/www.moskito.cz\/pl\/wp-json\/wp\/v2\/comments?post=307673"}],"wp:featuredmedia":[{"embeddable":true,"href":"https:\/\/www.moskito.cz\/pl\/wp-json\/wp\/v2\/media\/363644"}],"wp:attachment":[{"href":"https:\/\/www.moskito.cz\/pl\/wp-json\/wp\/v2\/media?parent=307673"}],"wp:term":[{"taxonomy":"pwb-brand","embeddable":true,"href":"https:\/\/www.moskito.cz\/pl\/wp-json\/wp\/v2\/pwb-brand?post=307673"},{"taxonomy":"product_brand","embeddable":true,"href":"https:\/\/www.moskito.cz\/pl\/wp-json\/wp\/v2\/product_brand?post=307673"},{"taxonomy":"product_cat","embeddable":true,"href":"https:\/\/www.moskito.cz\/pl\/wp-json\/wp\/v2\/product_cat?post=307673"},{"taxonomy":"product_tag","embeddable":true,"href":"https:\/\/www.moskito.cz\/pl\/wp-json\/wp\/v2\/product_tag?post=307673"}],"curies":[{"name":"wp","href":"https:\/\/api.w.org\/{rel}","templated":true}]}}